{"id":1967,"date":"2018-10-19T07:29:54","date_gmt":"2018-10-19T07:29:54","guid":{"rendered":"http:\/\/sa-tanqueta.com\/ca\/test-2\/"},"modified":"2019-01-22T08:56:15","modified_gmt":"2019-01-22T08:56:15","slug":"home","status":"publish","type":"page","link":"https:\/\/sa-tanqueta.com\/ca\/","title":{"rendered":"Home"},"content":{"rendered":"<p><section class=\"kc-elm kc-css-740561 kc_row\"><div class=\"kc-row-container  kc-container\"><div class=\"kc-wrap-columns\"><\/div><\/div><\/section><section class=\"kc-elm kc-css-436604 kc_row\"><div class=\"kc-row-container  kc-container\"><div class=\"kc-wrap-columns\"><div class=\"kc-elm kc-css-195488 kc_col-sm-12 kc_column kc_col-sm-12\"><div class=\"kc-col-container\"><div class=\"kc-elm kc-css-641746 kc-raw-code\"><\/div><\/div><\/div><\/div><\/div><\/section><section data-kc-fullwidth=\"content\" class=\"kc-elm kc-css-899143 kc_row\"><div class=\"kc-row-container\"><div class=\"kc-wrap-columns\"><div class=\"kc-elm kc-css-915963 kc_col-sm-12 kc_column kc_col-sm-12\"><div class=\"kc-col-container\"><div class=\"kc-elm kc-css-593056 kc-raw-code\">[masterslider alias=\"ms-1\"]<\/div><\/div><\/div><\/div><\/div><\/section><section class=\"kc-elm kc-css-823646 kc_row\"><div class=\"kc-row-container  kc-container\"><div class=\"kc-wrap-columns\"><div class=\"kc-elm kc-css-7058 kc_col-sm-12 kc_column kc_col-sm-12\"><div class=\"kc-col-container\"><div class=\"kc-elm kc-css-687052\" style=\"height: 40px; clear: both; width:100%;\"><\/div><\/div><\/div><\/div><\/div><\/section><section class=\"kc-elm kc-css-392546 kc_row\"><div class=\"kc-row-container  kc-container\"><div class=\"kc-wrap-columns\"><div class=\"kc-elm kc-css-631201 kc_col-sm-12 kc_column kc_col-sm-12\"><div class=\"kc-col-container\"><div class=\"kc-elm kc-css-183153 kc_text_block\"><\/p>\n<p>\n<img loading=\"lazy\" decoding=\"async\" class=\"alignnone size-full\" src=\"http:\/\/sa-tanqueta.com\/wp-content\/uploads\/2018\/10\/lineaup.jpg\" alt=\"\" width=\"1\" height=\"21\" \/><\/p>\n<p>\n<\/div>\n<div class=\"kc-elm kc-css-413852 kc-title-wrap \">\n\n\t<p class=\"kc_title\">HOTEL- APARTMENT<\/p>\n<\/div>\n<div class=\"kc-elm kc-css-259363\" style=\"height: 5px; clear: both; width:100%;\"><\/div>\n<div class=\"kc-elm kc-css-196646 kc-title-wrap \">\n\n\t<p class=\"kc_title\">SA TANQUETA<\/p>\n<\/div>\n<div class=\"kc-elm kc-css-128506 kc_text_block\"><\/p>\n<p>\n<img loading=\"lazy\" decoding=\"async\" class=\"alignnone size-full\" src=\"http:\/\/sa-tanqueta.com\/wp-content\/uploads\/2018\/10\/lineadown.jpg\" alt=\"\" width=\"1\" height=\"54\" \/><\/p>\n<p>\n<\/div><\/div><\/div><\/div><\/div><\/section><section class=\"kc-elm kc-css-489916 kc_row\"><div class=\"kc-row-container  kc-container\"><div class=\"kc-wrap-columns\"><div class=\"kc-elm kc-css-611887 kc_col-sm-12 kc_column kc_col-sm-12\"><div class=\"kc-col-container\"><div class=\"kc-elm kc-css-92248 kc_text_block\"><\/p>\n<p style=\"text-align: center;\">Benvinguts a l\u2019Hotel Apartament Sa Tanqueta de Fornalutx (Mallorca, Illes Balears, Espanya), <strong>el lloc perfecte per gaudir d\u2019unes vacances<\/strong> allunyades del turisme de masses. Situat en un paratge privilegiat, ofereix unes magn\u00edfiques vistes a la <strong>Serra de Tramuntana<\/strong>, entre marges de pedra sembrats d\u2019oliveres i tarongers, els cultius tradicionals de la zona.<\/p>\n<p>\n<\/div><\/div><\/div><\/div><\/div><\/section><section class=\"kc-elm kc-css-618469 kc_row\"><div class=\"kc-row-container  kc-container\"><div class=\"kc-wrap-columns\"><div class=\"kc-elm kc-css-517205 kc_col-sm-12 kc_column kc_col-sm-12\"><div class=\"kc-col-container\"><div class=\"kc-elm kc-css-944254\" style=\"height: 40px; clear: both; width:100%;\"><\/div><\/div><\/div><\/div><\/div><\/section><section data-kc-fullwidth=\"content\" class=\"kc-elm kc-css-227835 kc_row\"><div class=\"kc-row-container\"><div class=\"kc-wrap-columns\"><div class=\"kc-elm kc-css-142977 kc_col-sm-12 kc_column kc_col-sm-12\"><div class=\"kc-col-container\"><div class=\"kc-elm kc-css-119568 kc_text_block\"><\/p>\n<p>\n<i class=\"fab fa-instagram fa-2x\" style=\"color: #b56b31;\"><\/i> Seguiu-nos<\/p>\n<p>\n<\/div><div class=\"kc-elm kc-css-691934\" style=\"height: 10px; clear: both; width:100%;\"><\/div><\/div><\/div><\/div><\/div><\/section><section data-kc-fullwidth=\"content\" class=\"kc-elm kc-css-630719 kc_row\"><div class=\"kc-row-container\"><div class=\"kc-wrap-columns\"><div class=\"kc-elm kc-css-132072 kc_col-sm-12 kc_column kc_col-sm-12\"><div class=\"kc-col-container\"><div class=\"kc-elm kc-css-706030 kc-raw-code\">[instagram-feed]<\/div><\/div><\/div><\/div><\/div><\/section><section data-kc-fullwidth=\"content\" class=\"kc-elm kc-css-647136 kc_row\"><div class=\"kc-row-container\"><div class=\"kc-wrap-columns\"><div class=\"kc-elm kc-css-299562 kc_col-sm-12 kc_column kc_col-sm-12\"><div class=\"kc-col-container\"><div class=\"kc-elm kc-css-226723 kc-raw-code\">[instagram-feed num=2 cols=2]<\/div><\/div><\/div><\/div><\/div><\/section><section data-kc-equalheight=\"true\" data-kc-equalheight-align=\"middle\" id=\"ofertashome\" data-kc-fullwidth=\"row\" class=\"kc-elm kc-css-58275 kc_row\"><div class=\"kc-row-container  kc-container\"><div class=\"kc-wrap-columns\"><div class=\"kc-elm kc-css-192055 kc_col-sm-12 kc_column kc_col-sm-12\"><div class=\"kc-col-container\">\n<div class=\"kc-elm kc-css-972626 kc-title-wrap \">\n\n\t<p class=\"kc_title\">SOLO RESERVANDO EN NUESTRA WEB<\/p>\n<\/div>\n\n<div class=\"kc-elm kc-css-823240 kc-title-wrap \">\n\n\t<p class=\"kc_title\">DESCUBRA NUESTRAS OFERTAS<\/p>\n<\/div>\n<div class=\"kc-elm kc-css-212268\" style=\"height: 20px; clear: both; width:100%;\"><\/div>\n<div class=\"kc-elm kc-css-447117\">\n\t<a class=\"kc_button\" href=\"http:\/\/sa-tanqueta.com\/ofertas\/\" target=\"_self\" title=\"\" onclick=\"\">\n\t\tVER OFERTAS\t<\/a>\n<\/div>\n<\/div><\/div><\/div><\/div><\/section><section class=\"kc-elm kc-css-827814 kc_row\"><div class=\"kc-row-container  kc-container\"><div class=\"kc-wrap-columns\"><div class=\"kc-elm kc-css-758578 kc_col-sm-12 kc_column kc_col-sm-12\"><div class=\"kc-col-container\"><div class=\"kc-elm kc-css-210250\" style=\"height: 40px; clear: both; width:100%;\"><\/div><\/div><\/div><\/div><\/div><\/section><section id=\"apartamentos\" class=\"kc-elm kc-css-140145 kc_row\"><div class=\"kc-row-container  kc-container\"><div class=\"kc-wrap-columns\"><div class=\"kc-elm kc-css-751352 kc_col-sm-12 kc_column kc_col-sm-12\"><div class=\"kc-col-container\"><div class=\"kc-elm kc-css-831360 kc_text_block\"><\/p>\n<p>\n<img loading=\"lazy\" decoding=\"async\" class=\"alignnone size-full\" src=\"http:\/\/sa-tanqueta.com\/wp-content\/uploads\/2018\/10\/lineaup.jpg\" alt=\"\" width=\"1\" height=\"21\" \/><\/p>\n<p>\n<\/div>\n<div class=\"kc-elm kc-css-376024 kc-title-wrap \">\n\n\t<p class=\"kc_title\">SA TANQUETA<\/p>\n<\/div>\n<div class=\"kc-elm kc-css-529946\" style=\"height: 5px; clear: both; width:100%;\"><\/div>\n<div class=\"kc-elm kc-css-882055 kc-title-wrap \">\n\n\t<p class=\"kc_title\">APARTAMENTS<\/p>\n<\/div>\n<div class=\"kc-elm kc-css-32313 kc_text_block\"><\/p>\n<p>\n<img loading=\"lazy\" decoding=\"async\" class=\"alignnone size-full\" src=\"http:\/\/sa-tanqueta.com\/wp-content\/uploads\/2018\/10\/lineadown.jpg\" alt=\"\" width=\"1\" height=\"54\" \/><\/p>\n<p>\n<\/div><\/div><\/div><\/div><\/div><\/section><section class=\"kc-elm kc-css-805842 kc_row\"><div class=\"kc-row-container  kc-container\"><div class=\"kc-wrap-columns\"><div class=\"kc-elm kc-css-973036 kc_col-sm-12 kc_column kc_col-sm-12\"><div class=\"kc-col-container\"><div class=\"kc-elm kc-css-810185\" style=\"height: 40px; clear: both; width:100%;\"><\/div><\/div><\/div><\/div><\/div><\/section><section class=\"kc-elm kc-css-326650 kc_row\"><div class=\"kc-row-container  kc-container\"><div class=\"kc-wrap-columns\"><div class=\"kc-elm kc-css-307650 kc_col-sm-12 kc_column kc_col-sm-12\"><div class=\"kc-col-container\"><div class=\"kc-elm kc-css-149807 kc-raw-code\"><\/div><\/div><\/div><\/div><\/div><\/section><section class=\"kc-elm kc-css-232862 kc_row\"><div class=\"kc-row-container  kc-container\"><div class=\"kc-wrap-columns\"><div class=\"kc-elm kc-css-399312 kc_col-sm-12 kc_column kc_col-sm-12\"><div class=\"kc-col-container\"><div id=\"classic-slider\" data-pagi=\"true\" data-aplay=\"true\" class=\"classic-slider owl-carousel owl-theme kc-elm kc-css-29011 themeum-classic-slider habitacionesmovil\"><div class=\"item themeum-classic-slider-1\" style=\"background: url(https:\/\/sa-tanqueta.com\/wp-content\/uploads\/2018\/12\/apartamento-con-balcon-o-terraza-2.jpg);background-size: cover;background-position: 50% 50%;height:300px;\"><div class=\"classic-slider-content\"><div class=\"classic-slider-content-in\"><div class=\"container\"><div class=\"text-center\"><h2 class=\"classic-slider-title\">Apartamento Standard<br>\r\n<span class=\"preurooms\">desde 200\u20ac<\/span><\/h2><\/div><\/div><\/div><\/div><\/div><div class=\"item themeum-classic-slider-1\" style=\"background: url(https:\/\/sa-tanqueta.com\/wp-content\/uploads\/2018\/12\/Apartamento-con-terraza.jpg);background-size: cover;background-position: 50% 50%;height:300px;\"><div class=\"classic-slider-content\"><div class=\"classic-slider-content-in\"><div class=\"container\"><div class=\"text-center\"><h2 class=\"classic-slider-title\">Apartamento con terraza<br><span class=\"preurooms\">desde 220\u20ac<\/span><\/h2><\/div><\/div><\/div><\/div><\/div><div class=\"item themeum-classic-slider-1\" style=\"background: url(https:\/\/sa-tanqueta.com\/wp-content\/uploads\/2018\/12\/Sa-Tanqueta_9950_300.jpg);background-size: cover;background-position: 50% 50%;height:300px;\"><div class=\"classic-slider-content\"><div class=\"classic-slider-content-in\"><div class=\"container\"><div class=\"text-center\"><h2 class=\"classic-slider-title\">Apartamento Suite con terraza<br><span class=\"preurooms\">desde 253\u20ac<\/span><\/h2><\/div><\/div><\/div><\/div><\/div><div class=\"item themeum-classic-slider-1\" style=\"background: url(https:\/\/sa-tanqueta.com\/wp-content\/uploads\/2018\/12\/SUITE-BALCON-1.jpg);background-size: cover;background-position: 50% 50%;height:300px;\"><div class=\"classic-slider-content\"><div class=\"classic-slider-content-in\"><div class=\"container\"><div class=\"text-center\"><h2 class=\"classic-slider-title\">Apartamento Suite con balc\u00f3n<br><span class=\"preurooms\">desde 231\u20ac<\/span><\/h2><\/div><\/div><\/div><\/div><\/div><div class=\"item themeum-classic-slider-1\" style=\"background: url(https:\/\/sa-tanqueta.com\/wp-content\/uploads\/2018\/12\/SUPERIORSUITE.jpg);background-size: cover;background-position: 50% 50%;height:300px;\"><div class=\"classic-slider-content\"><div class=\"classic-slider-content-in\"><div class=\"container\"><div class=\"text-center\"><h2 class=\"classic-slider-title\">Apartamento Suite Superior<br><span class=\"preurooms\">desde 286\u20ac<\/span><\/h2><\/div><\/div><\/div><\/div><\/div><div class=\"item themeum-classic-slider-1\" style=\"background: url(https:\/\/sa-tanqueta.com\/wp-content\/uploads\/2018\/12\/APTO-2-BED-1.jpg);background-size: cover;background-position: 50% 50%;height:300px;\"><div class=\"classic-slider-content\"><div class=\"classic-slider-content-in\"><div class=\"container\"><div class=\"text-center\"><h2 class=\"classic-slider-title\">Apartamento de dos habitaciones<br><span class=\"preurooms\">desde 313\u20ac<\/span><\/h2><\/div><\/div><\/div><\/div><\/div><div class=\"item themeum-classic-slider-1\" style=\"background: url(https:\/\/sa-tanqueta.com\/wp-content\/uploads\/2018\/12\/APTO-2-BED-TERRAZA.jpg);background-size: cover;background-position: 50% 50%;height:300px;\"><div class=\"classic-slider-content\"><div class=\"classic-slider-content-in\"><div class=\"container\"><div class=\"text-center\"><h2 class=\"classic-slider-title\">Apartamento de dos habitaciones<br>con terraza<br><span class=\"preurooms\">desde 341\u20ac<\/span><\/h2><\/div><\/div><\/div><\/div><\/div><\/div><\/div><\/div><\/div><\/div><\/section><section class=\"kc-elm kc-css-318065 kc_row\"><div class=\"kc-row-container  kc-container\"><div class=\"kc-wrap-columns\"><div class=\"kc-elm kc-css-578412 kc_col-sm-12 kc_column kc_col-sm-12\"><div class=\"kc-col-container\"><div class=\"kc-elm kc-css-488334\" style=\"height: 40px; clear: both; width:100%;\"><\/div><div class=\"kc-elm kc-css-351362 kc_text_block\"><\/p>\n<p>\nTots els apartaments ofereixen el m\u00e0xim confort per a qu\u00e8 el seus hostes es trobin com a casa seva. Es componen de sala menjador amb cuina integrada, i 11 d\u2019ells inclouen terrassa (entre 10 i 40 m2) amb vistes imponents a la Serra de Tramuntana.<\/p>\n<p>Cadascun dels 14 apartaments disposa de, bomba d\u2019aire fred\/calor, tel\u00e8fon i conexi\u00f3 Wi-Fi, TV sat\u00e8l\u00b7lit i caixa forta. Els apartaments d\u2019un dormitori s\u00f3n de 60 m2 aprox., i de dos dormitoris, s\u00f3n de 75 m2 aprox. A m\u00e9s, tenim un apartament adaptat per a minusv\u00e0lids. Les dem\u00e9s instal\u00b7lacions d\u2019\u00fas com\u00fa completen un ambient perfecte que convida a la tranquilitat i el descans.<\/p>\n<p>\n<\/div><div class=\"kc-elm kc-css-82364\" style=\"height: 40px; clear: both; width:100%;\"><\/div>\n<div class=\"kc-elm kc-css-427822\">\n\t<a class=\"kc_button\" href=\"http:\/\/sa-tanqueta.com\/ca\/apartaments\/\" target=\"_self\" title=\"\" onclick=\"\">\n\t\tVEURE APARTAMENTS\t<\/a>\n<\/div>\n<\/div><\/div><\/div><\/div><\/section><section class=\"kc-elm kc-css-921287 kc_row\"><div class=\"kc-row-container  kc-container\"><div class=\"kc-wrap-columns\"><div class=\"kc-elm kc-css-916916 kc_col-sm-12 kc_column kc_col-sm-12\"><div class=\"kc-col-container\"><div class=\"kc-elm kc-css-987591\" style=\"height: 40px; clear: both; width:100%;\"><\/div><\/div><\/div><\/div><\/div><\/section><section id=\"ventajas\" data-kc-fullwidth=\"content\" class=\"kc-elm kc-css-672158 kc_row\"><div class=\"kc-row-container\"><div class=\"kc-wrap-columns\"><div class=\"kc-elm kc-css-347416 kc_col-sm-12 kc_column kc_col-sm-12\"><div class=\"kc-col-container\">\n<div class=\"kc-elm kc-css-135990 kc-title-wrap \">\n\n\t<p class=\"kc_title\">AVANTATGES DE RESERVAR A LA NOSTRA WEB<\/p>\n<\/div>\n<div id=\"classic-slider\" data-pagi=\"true\" data-aplay=\"true\" class=\"classic-slider owl-carousel owl-theme kc-elm kc-css-603428 themeum-classic-slider\"><div class=\"item themeum-classic-slider-1\" style=\"background-color:;height:150px;\"><div class=\"classic-slider-content\"><div class=\"classic-slider-content-in\"><div class=\"container\"><div class=\"text-center\"><p class=\"classic-slider-subtitle\">Reserva 100% segura garantitzada<\/p><\/div><\/div><\/div><\/div><\/div><div class=\"item themeum-classic-slider-1\" style=\"background-color:;height:150px;\"><div class=\"classic-slider-content\"><div class=\"classic-slider-content-in\"><div class=\"container\"><div class=\"text-center\"><p class=\"classic-slider-subtitle\">Reserva 100% segura garantizada<\/p><\/div><\/div><\/div><\/div><\/div><\/div><\/div><\/div><\/div><\/div><\/section><section class=\"kc-elm kc-css-32735 kc_row\"><div class=\"kc-row-container  kc-container\"><div class=\"kc-wrap-columns\"><div class=\"kc-elm kc-css-56035 kc_col-sm-12 kc_column kc_col-sm-12\"><div class=\"kc-col-container\"><div class=\"kc-elm kc-css-855111\" style=\"height: 40px; clear: both; width:100%;\"><\/div><\/div><\/div><\/div><\/div><\/section><section id=\"paz\" class=\"kc-elm kc-css-863681 kc_row\"><div class=\"kc-row-container  kc-container\"><div class=\"kc-wrap-columns\"><div class=\"kc-elm kc-css-930048 kc_col-sm-12 kc_column kc_col-sm-12\"><div class=\"kc-col-container\"><div class=\"kc-elm kc-css-12314 kc_text_block\"><\/p>\n<p>\n<img loading=\"lazy\" decoding=\"async\" class=\"alignnone size-full\" src=\"http:\/\/sa-tanqueta.com\/wp-content\/uploads\/2018\/10\/lineaup.jpg\" alt=\"\" width=\"1\" height=\"21\" \/><\/p>\n<p>\n<\/div>\n<div class=\"kc-elm kc-css-179729 kc-title-wrap \">\n\n\t<p class=\"kc_title\">SA TANQUETA<\/p>\n<\/div>\n<div class=\"kc-elm kc-css-648595\" style=\"height: 5px; clear: both; width:100%;\"><\/div>\n<div class=\"kc-elm kc-css-392312 kc-title-wrap \">\n\n\t<p class=\"kc_title\">SENSACI\u00d3 DE PAU<\/p>\n<\/div>\n<div class=\"kc-elm kc-css-421397 kc_text_block\"><\/p>\n<p>\n<img loading=\"lazy\" decoding=\"async\" class=\"alignnone size-full\" src=\"http:\/\/sa-tanqueta.com\/wp-content\/uploads\/2018\/10\/lineadown.jpg\" alt=\"\" width=\"1\" height=\"54\" \/><\/p>\n<p>\n<\/div><\/div><\/div><\/div><\/div><\/section><section class=\"kc-elm kc-css-346509 kc_row\"><div class=\"kc-row-container  kc-container\"><div class=\"kc-wrap-columns\"><div class=\"kc-elm kc-css-831621 kc_col-sm-12 kc_column kc_col-sm-12\"><div class=\"kc-col-container\"><div class=\"kc-elm kc-css-689359\" style=\"height: 40px; clear: both; width:100%;\"><\/div><\/div><\/div><\/div><\/div><\/section><section class=\"kc-elm kc-css-167725 kc_row\"><div class=\"kc-row-container  kc-container\"><div class=\"kc-wrap-columns\"><div class=\"kc-elm kc-css-102654 kc_col-sm-3 kc_column kc_col-sm-3\"><div class=\"kc-col-container\"><div class=\"kc-elm kc-css-263886 kc_shortcode kc_single_image\">\n\n        <a  href=\"http:\/\/sa-tanqueta.com\/hotel\/#piscina\" title=\"\" target=\"_self\">\n        <img decoding=\"async\" src=\"https:\/\/sa-tanqueta.com\/wp-content\/uploads\/2018\/12\/piscna-home.jpg\" class=\"\" alt=\"\" \/>    <\/a>\n    <\/div>\n<div class=\"kc-elm kc-css-214301\" style=\"height: 15px; clear: both; width:100%;\"><\/div><div class=\"kc-elm kc-css-852387 kc_text_block linkshome\"><\/p>\n<p>\n<a href=\"http:\/\/sa-tanqueta.com\/hotel\/#piscina\">PISCINA \/ SOLARIUM<\/a><\/p>\n<p>\n<\/div><\/div><\/div><div class=\"kc-elm kc-css-987340 kc_col-sm-3 kc_column kc_col-sm-3\"><div class=\"kc-col-container\"><div class=\"kc-elm kc-css-215323 kc_shortcode kc_single_image\">\n\n        <a  href=\"http:\/\/sa-tanqueta.com\/hotel\/#desayuno\" title=\"\" target=\"_self\">\n        <img decoding=\"async\" src=\"https:\/\/sa-tanqueta.com\/wp-content\/uploads\/2018\/12\/gusto-home.jpg\" class=\"\" alt=\"\" \/>    <\/a>\n    <\/div>\n<div class=\"kc-elm kc-css-966565\" style=\"height: 15px; clear: both; width:100%;\"><\/div><div class=\"kc-elm kc-css-822981 kc_text_block linkshome\"><\/p>\n<p>\n<a href=\"http:\/\/sa-tanqueta.com\/hotel\/#desayuno\">GUST<\/a><\/p>\n<p>\n<\/div><\/div><\/div><div class=\"kc-elm kc-css-880666 kc_col-sm-3 kc_column kc_col-sm-3\"><div class=\"kc-col-container\"><div class=\"kc-elm kc-css-894110 kc_shortcode kc_single_image\">\n\n        <a  href=\"http:\/\/sa-tanqueta.com\/entorno\/\" title=\"\" target=\"_self\">\n        <img decoding=\"async\" src=\"https:\/\/sa-tanqueta.com\/wp-content\/uploads\/2018\/12\/entorno-hom.jpg\" class=\"\" alt=\"\" \/>    <\/a>\n    <\/div>\n<div class=\"kc-elm kc-css-227827\" style=\"height: 15px; clear: both; width:100%;\"><\/div><div class=\"kc-elm kc-css-608828 kc_text_block linkshome\"><\/p>\n<p>\n<a href=\"http:\/\/sa-tanqueta.com\/entorno\/\">ENTORN<\/a><\/p>\n<p>\n<\/div><\/div><\/div><div class=\"kc-elm kc-css-287747 kc_col-sm-3 kc_column kc_col-sm-3\"><div class=\"kc-col-container\"><div class=\"kc-elm kc-css-847899 kc_shortcode kc_single_image\">\n\n        <a  href=\"http:\/\/sa-tanqueta.com\/localizacion\/\" title=\"\" target=\"_self\">\n        <img decoding=\"async\" src=\"https:\/\/sa-tanqueta.com\/wp-content\/uploads\/2018\/12\/localizacion-home.jpg\" class=\"\" alt=\"\" \/>    <\/a>\n    <\/div>\n<div class=\"kc-elm kc-css-440231\" style=\"height: 15px; clear: both; width:100%;\"><\/div><div class=\"kc-elm kc-css-614191 kc_text_block linkshome\"><\/p>\n<p>\n<a href=\"http:\/\/sa-tanqueta.com\/localizacion\/\">LOCALITZACI\u00d3<\/a><\/p>\n<p>\n<\/div><\/div><\/div><\/div><\/div><\/section><section class=\"kc-elm kc-css-758293 kc_row\"><div class=\"kc-row-container  kc-container\"><div class=\"kc-wrap-columns\"><div class=\"kc-elm kc-css-124154 kc_col-sm-12 kc_column kc_col-sm-12\"><div class=\"kc-col-container\"><div class=\"kc-elm kc-css-516761\" style=\"height: 40px; clear: both; width:100%;\"><\/div><\/div><\/div><\/div><\/div><\/section><section id=\"OPINIONES\" class=\"kc-elm kc-css-109727 kc_row\"><div class=\"kc-row-container  kc-container\"><div class=\"kc-wrap-columns\"><div class=\"kc-elm kc-css-741140 kc_col-sm-12 kc_column kc_col-sm-12\"><div class=\"kc-col-container\">\n<div class=\"kc-elm kc-css-749710 kc-title-wrap \">\n\n\t<p class=\"kc_title\">ELS NOSTRES CLIENTS<\/p>\n<\/div>\n<div class=\"kc-elm kc-css-748466\" style=\"height: 20px; clear: both; width:100%;\"><\/div>\n<div class=\"kc-elm kc-css-571727 kc-title-wrap \">\n\n\t<p class=\"kc_title\">OPINIONS<\/p>\n<\/div>\n<div class=\"kc-elm kc-css-143525\" style=\"height: 75px; clear: both; width:100%;\"><\/div><div class=\"kc-elm kc-css-845693 kc_row kc_row_inner\"><div class=\"kc-elm kc-css-166235 kc_col-sm-4 kc_column_inner kc_col-sm-4\"><div class=\"kc_wrapper kc-col-inner-container\"><div class=\"kc-elm kc-css-712494 kc_text_block\"><\/p>\n<p>\n9.9\/10<\/p>\n<p>\n<\/div><div class=\"kc-elm kc-css-868160 kc_text_block\"><\/p>\n<p>\n<img loading=\"lazy\" decoding=\"async\" class=\"alignnone size-full\" src=\"http:\/\/sa-tanqueta.com\/wp-content\/uploads\/2018\/10\/BOOKING.png\" alt=\"\" width=\"190\" height=\"40\" \/><\/p>\n<p>\n<\/div><div class=\"kc-elm kc-css-818276\" style=\"height: 20px; clear: both; width:100%;\"><\/div><\/div><\/div><div class=\"kc-elm kc-css-327859 kc_col-sm-4 kc_column_inner kc_col-sm-4\"><div class=\"kc_wrapper kc-col-inner-container\"><div class=\"kc-elm kc-css-45219 kc_text_block\"><\/p>\n<p>\n6\/6<\/p>\n<p>\n<\/div><div class=\"kc-elm kc-css-369611 kc_text_block\"><\/p>\n<p>\n<img loading=\"lazy\" decoding=\"async\" class=\"alignnone size-full\" src=\"http:\/\/sa-tanqueta.com\/wp-content\/uploads\/2018\/10\/HOLIDAYCHECK.png\" alt=\"\" width=\"190\" height=\"40\" \/><\/p>\n<p>\n<\/div><div class=\"kc-elm kc-css-21003\" style=\"height: 20px; clear: both; width:100%;\"><\/div><\/div><\/div><div class=\"kc-elm kc-css-951121 kc_col-sm-4 kc_column_inner kc_col-sm-4\"><div class=\"kc_wrapper kc-col-inner-container\"><div class=\"kc-elm kc-css-760425 kc_text_block\"><\/p>\n<p>\n5\/5<\/p>\n<p>\n<\/div><div class=\"kc-elm kc-css-270062 kc_text_block\"><\/p>\n<p>\n<img loading=\"lazy\" decoding=\"async\" class=\"alignnone size-full\" src=\"http:\/\/sa-tanqueta.com\/wp-content\/uploads\/2018\/10\/TRIPADVISOR.png\" alt=\"\" width=\"190\" height=\"40\" \/><\/p>\n<p>\n<\/div><div class=\"kc-elm kc-css-883996\" style=\"height: 20px; clear: both; width:100%;\"><\/div><\/div><\/div><\/div><\/div><\/div><\/div><\/div><\/section><section class=\"kc-elm kc-css-379568 kc_row\"><div class=\"kc-row-container  kc-container\"><div class=\"kc-wrap-columns\"><div class=\"kc-elm kc-css-265048 kc_col-sm-12 kc_column kc_col-sm-12\"><div class=\"kc-col-container\"><div class=\"kc-elm kc-css-51549\" style=\"height: 40px; clear: both; width:100%;\"><\/div><\/div><\/div><\/div><\/div><\/section><section class=\"kc-elm kc-css-647984 kc_row\"><div class=\"kc-row-container  kc-container\"><div class=\"kc-wrap-columns\"><\/div><\/div><\/section><\/p>\n","protected":false},"excerpt":{"rendered":"","protected":false},"author":1,"featured_media":0,"parent":0,"menu_order":0,"comment_status":"closed","ping_status":"closed","template":"page-blanca.php","meta":{"footnotes":""},"class_list":["post-1967","page","type-page","status-publish","hentry"],"_links":{"self":[{"href":"https:\/\/sa-tanqueta.com\/ca\/wp-json\/wp\/v2\/pages\/1967","targetHints":{"allow":["GET"]}}],"collection":[{"href":"https:\/\/sa-tanqueta.com\/ca\/wp-json\/wp\/v2\/pages"}],"about":[{"href":"https:\/\/sa-tanqueta.com\/ca\/wp-json\/wp\/v2\/types\/page"}],"author":[{"embeddable":true,"href":"https:\/\/sa-tanqueta.com\/ca\/wp-json\/wp\/v2\/users\/1"}],"replies":[{"embeddable":true,"href":"https:\/\/sa-tanqueta.com\/ca\/wp-json\/wp\/v2\/comments?post=1967"}],"version-history":[{"count":109,"href":"https:\/\/sa-tanqueta.com\/ca\/wp-json\/wp\/v2\/pages\/1967\/revisions"}],"predecessor-version":[{"id":3912,"href":"https:\/\/sa-tanqueta.com\/ca\/wp-json\/wp\/v2\/pages\/1967\/revisions\/3912"}],"wp:attachment":[{"href":"https:\/\/sa-tanqueta.com\/ca\/wp-json\/wp\/v2\/media?parent=1967"}],"curies":[{"name":"wp","href":"https:\/\/api.w.org\/{rel}","templated":true}]}}