{"id":3475,"date":"2018-12-07T09:14:55","date_gmt":"2018-12-07T09:14:55","guid":{"rendered":"http:\/\/sa-tanqueta.com\/ca\/apartaments\/apartamento-de-dos-habitaciones\/"},"modified":"2019-01-14T11:51:49","modified_gmt":"2019-01-14T11:51:49","slug":"apartament-de-dues-habitacions","status":"publish","type":"page","link":"https:\/\/sa-tanqueta.com\/ca\/apartaments\/apartament-de-dues-habitacions\/","title":{"rendered":"Apartament de dues habitacions"},"content":{"rendered":"<p><section class=\"kc-elm kc-css-445153 kc_row\"><div class=\"kc-row-container  kc-container\"><div class=\"kc-wrap-columns\"><\/div><\/div><\/section><section class=\"kc-elm kc-css-673181 kc_row\"><div class=\"kc-row-container  kc-container\"><div class=\"kc-wrap-columns\"><div class=\"kc-elm kc-css-544515 kc_col-sm-12 kc_column kc_col-sm-12\"><div class=\"kc-col-container\"><div class=\"kc-elm kc-css-409386 kc_shortcode kc_single_image\">\n\n        <img decoding=\"async\" src=\"https:\/\/sa-tanqueta.com\/wp-content\/uploads\/2018\/12\/Apartamento-de-dos-habitaciones.jpg\" class=\"\" alt=\"\" \/>    <\/div>\n<\/div><\/div><\/div><\/div><\/section><section class=\"kc-elm kc-css-240802 kc_row iconos\"><div class=\"kc-row-container  kc-container\"><div class=\"kc-wrap-columns\"><div class=\"kc-elm kc-css-204983 kc_col-sm-2 kc_column kc_col-sm-2\"><div class=\"kc-col-container\"><\/div><\/div><div class=\"kc-elm kc-css-60825 kc_col-sm-8 kc_column kc_col-sm-8\"><div class=\"kc-col-container\"><div class=\"kc-elm kc-css-328817 kc_row kc_row_inner\"><div class=\"kc-elm kc-css-415457 kc_col-of-5 kc_column_inner kc_col-of-5\"><div class=\"kc_wrapper kc-col-inner-container\"><div class=\"kc-elm kc-css-361733 kc_text_block\"><\/p>\n<p><img loading=\"lazy\" decoding=\"async\" class=\"size-full aligncenter\" src=\"http:\/\/sa-tanqueta.com\/wp-content\/uploads\/2018\/12\/ico-persons.png\" alt=\"\" width=\"77\" height=\"66\" \/><\/p>\n<p>\n<\/div><div class=\"kc-elm kc-css-500895 kc_text_block\"><\/p>\n<p style=\"text-align: center;\">4<\/p>\n<p>\n<\/div><\/div><\/div><div class=\"kc-elm kc-css-634237 kc_col-of-5 kc_column_inner kc_col-of-5\"><div class=\"kc_wrapper kc-col-inner-container\"><div class=\"kc-elm kc-css-545896 kc_text_block\"><\/p>\n<p><img loading=\"lazy\" decoding=\"async\" class=\"size-full aligncenter\" src=\"http:\/\/sa-tanqueta.com\/wp-content\/uploads\/2018\/12\/ico-dimensiones.png\" alt=\"\" width=\"77\" height=\"66\" \/><\/p>\n<p>\n<\/div><div class=\"kc-elm kc-css-889370 kc_text_block\"><\/p>\n<p style=\"text-align: center;\">75m2<\/p>\n<p>\n<\/div><\/div><\/div><div class=\"kc-elm kc-css-877924 kc_col-of-5 kc_column_inner kc_col-of-5\"><div class=\"kc_wrapper kc-col-inner-container\"><div class=\"kc-elm kc-css-886339 kc_text_block\"><\/p>\n<p><img loading=\"lazy\" decoding=\"async\" class=\"size-full aligncenter\" src=\"http:\/\/sa-tanqueta.com\/wp-content\/uploads\/2018\/12\/ico-aire.png\" alt=\"\" width=\"77\" height=\"66\" \/><\/p>\n<p>\n<\/div><div class=\"kc-elm kc-css-355457 kc_text_block\"><\/p>\n<p style=\"text-align: center;\">Aire fred\/calor<\/p>\n<p>\n<\/div><\/div><\/div><div class=\"kc-elm kc-css-802041 kc_col-of-5 kc_column_inner kc_col-of-5\"><div class=\"kc_wrapper kc-col-inner-container\"><div class=\"kc-elm kc-css-723888 kc_text_block\"><\/p>\n<p><img loading=\"lazy\" decoding=\"async\" class=\"size-full aligncenter\" src=\"http:\/\/sa-tanqueta.com\/wp-content\/uploads\/2018\/12\/ico-balcon.png\" alt=\"\" width=\"77\" height=\"66\" \/><\/p>\n<p>\n<\/div><div class=\"kc-elm kc-css-340435 kc_text_block\"><\/p>\n<p style=\"text-align: center;\">Balc\u00f3<\/p>\n<p>\n<\/div><\/div><\/div><div class=\"kc-elm kc-css-874568 kc_col-of-5 kc_column_inner kc_col-of-5\"><div class=\"kc_wrapper kc-col-inner-container\"><div class=\"kc-elm kc-css-417573 kc_text_block\"><\/p>\n<p><img loading=\"lazy\" decoding=\"async\" class=\"size-full aligncenter\" src=\"http:\/\/sa-tanqueta.com\/wp-content\/uploads\/2018\/12\/ico-wifi.png\" alt=\"\" width=\"77\" height=\"66\" \/><\/p>\n<p>\n<\/div><div class=\"kc-elm kc-css-59800 kc_text_block\"><\/p>\n<p style=\"text-align: center;\">Wi-Fi<\/p>\n<p>\n<\/div><\/div><\/div><\/div><div class=\"kc-elm kc-css-884354\" style=\"height: 20px; clear: both; width:100%;\"><\/div>\n<div class=\"kc-elm kc-css-115366 kc-title-wrap \">\n\n\t<p class=\"kc_title\">Apartament de dues habitacions<\/p>\n<\/div>\n<div class=\"kc-elm kc-css-829544 kc_text_block\"><\/p>\n<p style=\"text-align: center;\">Consta de sal\u00f3-menjador amb cuina integrada. Tamb\u00e9 disposa de bomba d\u2019aire fred\/calor, tel\u00e8fon i connexi\u00f3 Wi-Fi, TV sat\u00e8l\u00b7lit i caixa forta.<br \/>\nAquest apartament t\u00e9 dos dormitoris, dos banys i un total d\u2019aproximadament 75 m2.<br \/>\nDisposa d\u2019un petit balc\u00f3 amb magn\u00edfiques vistes a la Serra de Tramuntana.<\/p>\n<p>\n<\/div><div class=\"kc-elm kc-css-523039\" style=\"height: 20px; clear: both; width:100%;\"><\/div><div class=\"kc-image-gallery kc-elm kc-css-680473\">\n<div class=\"kc_image_gallery kc-carousel-image kc-grid \" data-image_masonry=\"yes\">\n<div class=\"item-grid grid-3\"><a class=\"kc-image-link kc-pretty-photo\" data-lightbox=\"kc-lightbox\" rel=\"kc-pretty-photo[28461027]\" href=\"https:\/\/sa-tanqueta.com\/wp-content\/uploads\/2018\/12\/IMG-20170517-WA0004.jpg\"><img decoding=\"async\" src=\"https:\/\/sa-tanqueta.com\/wp-content\/uploads\/2018\/12\/IMG-20170517-WA0004.jpg\" alt=\"\"\/><div class=\"kc-image-overlay\"><i class=\"et-focus\"><\/i><\/div><\/a><\/div><div class=\"item-grid grid-3\"><a class=\"kc-image-link kc-pretty-photo\" data-lightbox=\"kc-lightbox\" rel=\"kc-pretty-photo[28461027]\" href=\"https:\/\/sa-tanqueta.com\/wp-content\/uploads\/2018\/12\/IMG_20170518_114311.jpg\"><img decoding=\"async\" src=\"https:\/\/sa-tanqueta.com\/wp-content\/uploads\/2018\/12\/IMG_20170518_114311.jpg\" alt=\"\"\/><div class=\"kc-image-overlay\"><i class=\"et-focus\"><\/i><\/div><\/a><\/div><div class=\"item-grid grid-3\"><a class=\"kc-image-link kc-pretty-photo\" data-lightbox=\"kc-lightbox\" rel=\"kc-pretty-photo[28461027]\" href=\"https:\/\/sa-tanqueta.com\/wp-content\/uploads\/2018\/12\/IMG_20170518_114217.jpg\"><img decoding=\"async\" src=\"https:\/\/sa-tanqueta.com\/wp-content\/uploads\/2018\/12\/IMG_20170518_114217.jpg\" alt=\"\"\/><div class=\"kc-image-overlay\"><i class=\"et-focus\"><\/i><\/div><\/a><\/div><div class=\"item-grid grid-3\"><a class=\"kc-image-link kc-pretty-photo\" data-lightbox=\"kc-lightbox\" rel=\"kc-pretty-photo[28461027]\" href=\"https:\/\/sa-tanqueta.com\/wp-content\/uploads\/2018\/12\/IMG_20170518_114200.jpg\"><img decoding=\"async\" src=\"https:\/\/sa-tanqueta.com\/wp-content\/uploads\/2018\/12\/IMG_20170518_114200.jpg\" alt=\"\"\/><div class=\"kc-image-overlay\"><i class=\"et-focus\"><\/i><\/div><\/a><\/div><div class=\"item-grid grid-3\"><a class=\"kc-image-link kc-pretty-photo\" data-lightbox=\"kc-lightbox\" rel=\"kc-pretty-photo[28461027]\" href=\"https:\/\/sa-tanqueta.com\/wp-content\/uploads\/2018\/12\/fot02_apto_suite_terraza.jpg\"><img decoding=\"async\" src=\"https:\/\/sa-tanqueta.com\/wp-content\/uploads\/2018\/12\/fot02_apto_suite_terraza.jpg\" alt=\"\"\/><div class=\"kc-image-overlay\"><i class=\"et-focus\"><\/i><\/div><\/a><\/div><div class=\"item-grid grid-3\"><a class=\"kc-image-link kc-pretty-photo\" data-lightbox=\"kc-lightbox\" rel=\"kc-pretty-photo[28461027]\" href=\"https:\/\/sa-tanqueta.com\/wp-content\/uploads\/2018\/12\/balcon-.jpg\"><img decoding=\"async\" src=\"https:\/\/sa-tanqueta.com\/wp-content\/uploads\/2018\/12\/balcon-.jpg\" alt=\"\"\/><div class=\"kc-image-overlay\"><i class=\"et-focus\"><\/i><\/div><\/a><\/div><div class=\"item-grid grid-3\"><a class=\"kc-image-link kc-pretty-photo\" data-lightbox=\"kc-lightbox\" rel=\"kc-pretty-photo[28461027]\" href=\"https:\/\/sa-tanqueta.com\/wp-content\/uploads\/2018\/12\/6-living-room.jpg\"><img decoding=\"async\" src=\"https:\/\/sa-tanqueta.com\/wp-content\/uploads\/2018\/12\/6-living-room.jpg\" alt=\"\"\/><div class=\"kc-image-overlay\"><i class=\"et-focus\"><\/i><\/div><\/a><\/div><div class=\"item-grid grid-3\"><a class=\"kc-image-link kc-pretty-photo\" data-lightbox=\"kc-lightbox\" rel=\"kc-pretty-photo[28461027]\" href=\"https:\/\/sa-tanqueta.com\/wp-content\/uploads\/2018\/12\/6-bedroom.jpg\"><img decoding=\"async\" src=\"https:\/\/sa-tanqueta.com\/wp-content\/uploads\/2018\/12\/6-bedroom.jpg\" alt=\"\"\/><div class=\"kc-image-overlay\"><i class=\"et-focus\"><\/i><\/div><\/a><\/div><\/div>\n<\/div><div class=\"kc-elm kc-css-642160\" style=\"height: 40px; clear: both; width:100%;\"><\/div><div class=\"kc-elm kc-css-649996 kc_text_block\"><\/p>\n<p style=\"text-align: center;\">Des de <strong>260 \u20ac<\/strong><\/p>\n<p>\n<\/div><div class=\"kc-elm kc-css-458244\" style=\"height: 20px; clear: both; width:100%;\"><\/div>\n<div class=\"kc-elm kc-css-389725\">\n\t<a class=\"kc_button\" href=\"https:\/\/app.thebookingbutton.com\/properties\/satanquetadefornalutxdirect\" target=\"_blank\" title=\"\" onclick=\"\">\n\t\tRESERVAR\t<\/a>\n<\/div>\n<div class=\"kc-elm kc-css-850227\" style=\"height: 20px; clear: both; width:100%;\"><\/div><div class=\"kc-elm kc-css-966585 kc_text_block\"><\/p>\n<p><img loading=\"lazy\" decoding=\"async\" class=\"size-medium aligncenter\" src=\"http:\/\/sa-tanqueta.com\/wp-content\/uploads\/2018\/10\/lineadown.jpg\" alt=\"\" width=\"1\" height=\"54\" \/><\/p>\n<p>\n<\/div><\/div><\/div><div class=\"kc-elm kc-css-862163 kc_col-sm-2 kc_column kc_col-sm-2\"><div class=\"kc-col-container\"><\/div><\/div><\/div><\/div><\/section><section class=\"kc-elm kc-css-461487 kc_row\"><div class=\"kc-row-container  kc-container\"><div class=\"kc-wrap-columns\"><div class=\"kc-elm kc-css-910063 kc_col-sm-12 kc_column kc_col-sm-12\"><div class=\"kc-col-container\">\n<div class=\"kc-elm kc-css-172697 kc-title-wrap \">\n\n\t<p class=\"kc_title\">Altres Apartaments<\/p>\n<\/div>\n<div class=\"kc-elm kc-css-627880\" style=\"height: 30px; clear: both; width:100%;\"><\/div><\/div><\/div><\/div><\/div><\/section><section class=\"kc-elm kc-css-802858 kc_row\"><div class=\"kc-row-container  kc-container\"><div class=\"kc-wrap-columns\"><div class=\"kc-elm kc-css-550406 kc_col-sm-2 kc_column kc_col-sm-2\"><div class=\"kc-col-container\"><div class=\"kc-elm kc-css-359636 kc_shortcode kc_single_image\">\n\n        <a  href=\"http:\/\/sa-tanqueta.com\/ca\/apartaments\/apartament-estandard\/\" title=\"\" target=\"_self\">\n        <img decoding=\"async\" src=\"https:\/\/sa-tanqueta.com\/wp-content\/uploads\/2018\/12\/APTO-STANDARD-1.jpg\" class=\"\" alt=\"\" \/>    <\/a>\n    <\/div>\n<div class=\"kc-elm kc-css-341514\" style=\"height: 10px; clear: both; width:100%;\"><\/div><div class=\"kc-elm kc-css-755126 kc_text_block linkshome\"><\/p>\n<div class=\"kc-elm kc-css-952849 kc-title-wrap \">\n<p class=\"kc_title\"><a href=\"http:\/\/sa-tanqueta.com\/ca\/apartaments\/apartament-estandard\/\">Apartament est\u00e0ndard<\/a><\/p>\n<\/div>\n<p>\n<\/div><\/div><\/div><div class=\"kc-elm kc-css-275139 kc_col-sm-2 kc_column kc_col-sm-2\"><div class=\"kc-col-container\"><div class=\"kc-elm kc-css-440940 kc_shortcode kc_single_image\">\n\n        <a  href=\"http:\/\/sa-tanqueta.com\/ca\/apartaments\/apartament-amb-terrassa\/\" title=\"\" target=\"_self\">\n        <img decoding=\"async\" src=\"https:\/\/sa-tanqueta.com\/wp-content\/uploads\/2018\/12\/APTO-TERRAZA-1.jpg\" class=\"\" alt=\"\" \/>    <\/a>\n    <\/div>\n<div class=\"kc-elm kc-css-715541\" style=\"height: 10px; clear: both; width:100%;\"><\/div><div class=\"kc-elm kc-css-770269 kc_text_block linkshome\"><\/p>\n<div class=\"kc-elm kc-css-952849 kc-title-wrap \">\n<p class=\"kc_title\"><a href=\"http:\/\/sa-tanqueta.com\/ca\/apartaments\/apartament-amb-terrassa\/\">Apartament amb terrassa<\/a><\/p>\n<\/div>\n<p>\n<\/div><\/div><\/div><div class=\"kc-elm kc-css-669043 kc_col-sm-2 kc_column kc_col-sm-2\"><div class=\"kc-col-container\"><div class=\"kc-elm kc-css-607286 kc_shortcode kc_single_image\">\n\n        <a  href=\"http:\/\/sa-tanqueta.com\/ca\/apartaments\/apartament-suite-amb-terrassa\/\" title=\"\" target=\"_self\">\n        <img decoding=\"async\" src=\"https:\/\/sa-tanqueta.com\/wp-content\/uploads\/2018\/12\/aptosuiteterraza-th.jpg\" class=\"\" alt=\"\" \/>    <\/a>\n    <\/div>\n<div class=\"kc-elm kc-css-81906\" style=\"height: 10px; clear: both; width:100%;\"><\/div><div class=\"kc-elm kc-css-731371 kc_text_block linkshome\"><\/p>\n<div class=\"kc-elm kc-css-952849 kc-title-wrap \">\n<p class=\"kc_title\"><a href=\"http:\/\/sa-tanqueta.com\/ca\/apartaments\/apartament-suite-amb-terrassa\/\">Apartament Suite amb terrassa<\/a><\/p>\n<\/div>\n<p>\n<\/div><\/div><\/div><div class=\"kc-elm kc-css-67472 kc_col-sm-2 kc_column kc_col-sm-2\"><div class=\"kc-col-container\"><div class=\"kc-elm kc-css-654758 kc_shortcode kc_single_image\">\n\n        <a  href=\"http:\/\/sa-tanqueta.com\/ca\/apartaments\/apartament-suite-amb-balco\/\" title=\"\" target=\"_self\">\n        <img decoding=\"async\" src=\"https:\/\/sa-tanqueta.com\/wp-content\/uploads\/2018\/12\/SUITE-BALCON-1.jpg\" class=\"\" alt=\"\" \/>    <\/a>\n    <\/div>\n<div class=\"kc-elm kc-css-409588\" style=\"height: 10px; clear: both; width:100%;\"><\/div><div class=\"kc-elm kc-css-385496 kc_text_block linkshome\"><\/p>\n<div class=\"kc-elm kc-css-952849 kc-title-wrap \">\n<p class=\"kc_title\"><a href=\"http:\/\/sa-tanqueta.com\/ca\/apartaments\/apartament-suite-amb-balco\/\">Apartament Suite amb balc\u00f3<\/a><\/p>\n<\/div>\n<p>\n<\/div><\/div><\/div><div class=\"kc-elm kc-css-650197 kc_col-sm-2 kc_column kc_col-sm-2\"><div class=\"kc-col-container\"><div class=\"kc-elm kc-css-837842 kc_shortcode kc_single_image\">\n\n        <a  href=\"http:\/\/sa-tanqueta.com\/ca\/apartaments\/apartament-suite-superior\/\" title=\"\" target=\"_self\">\n        <img decoding=\"async\" src=\"https:\/\/sa-tanqueta.com\/wp-content\/uploads\/2018\/12\/SUPERIORSUITE.jpg\" class=\"\" alt=\"\" \/>    <\/a>\n    <\/div>\n<div class=\"kc-elm kc-css-439027\" style=\"height: 10px; clear: both; width:100%;\"><\/div><div class=\"kc-elm kc-css-735719 kc_text_block linkshome\"><\/p>\n<div class=\"kc-elm kc-css-952849 kc-title-wrap \">\n<p class=\"kc_title\"><a href=\"http:\/\/sa-tanqueta.com\/ca\/apartaments\/apartament-suite-superior\/\">Apartament Suite Superior<\/a><\/p>\n<\/div>\n<p>\n<\/div><\/div><\/div><div class=\"kc-elm kc-css-390534 kc_col-sm-2 kc_column kc_col-sm-2\"><div class=\"kc-col-container\"><div class=\"kc-elm kc-css-473979 kc_shortcode kc_single_image\">\n\n        <a  href=\"http:\/\/sa-tanqueta.com\/ca\/apartaments\/apartament-de-dues-habitacions-amb-terrassa\/\" title=\"\" target=\"_self\">\n        <img decoding=\"async\" src=\"https:\/\/sa-tanqueta.com\/wp-content\/uploads\/2018\/12\/APTO-2-BED-TERRAZA.jpg\" class=\"\" alt=\"\" \/>    <\/a>\n    <\/div>\n<div class=\"kc-elm kc-css-13919\" style=\"height: 10px; clear: both; width:100%;\"><\/div><div class=\"kc-elm kc-css-105383 kc_text_block linkshome\"><\/p>\n<div class=\"kc-elm kc-css-952849 kc-title-wrap \">\n<p class=\"kc_title\"><a href=\"http:\/\/sa-tanqueta.com\/ca\/apartaments\/apartament-de-dues-habitacions-amb-terrassa\/\">Apartament de dues habitacions amb terrassa<\/a><\/p>\n<\/div>\n<p>\n<\/div><\/div><\/div><\/div><\/div><\/section><section class=\"kc-elm kc-css-179677 kc_row\"><div class=\"kc-row-container  kc-container\"><div class=\"kc-wrap-columns\"><div class=\"kc-elm kc-css-173537 kc_col-sm-12 kc_column kc_col-sm-12\"><div class=\"kc-col-container\"><div class=\"kc-elm kc-css-739750\" style=\"height: 80px; clear: both; width:100%;\"><\/div><\/div><\/div><\/div><\/div><\/section><section class=\"kc-elm kc-css-697740 kc_row\"><div class=\"kc-row-container  kc-container\"><div class=\"kc-wrap-columns\"><\/div><\/div><\/section><\/p>\n","protected":false},"excerpt":{"rendered":"","protected":false},"author":1,"featured_media":0,"parent":3430,"menu_order":0,"comment_status":"closed","ping_status":"closed","template":"page-blanca.php","meta":{"footnotes":""},"class_list":["post-3475","page","type-page","status-publish","hentry"],"_links":{"self":[{"href":"https:\/\/sa-tanqueta.com\/ca\/wp-json\/wp\/v2\/pages\/3475","targetHints":{"allow":["GET"]}}],"collection":[{"href":"https:\/\/sa-tanqueta.com\/ca\/wp-json\/wp\/v2\/pages"}],"about":[{"href":"https:\/\/sa-tanqueta.com\/ca\/wp-json\/wp\/v2\/types\/page"}],"author":[{"embeddable":true,"href":"https:\/\/sa-tanqueta.com\/ca\/wp-json\/wp\/v2\/users\/1"}],"replies":[{"embeddable":true,"href":"https:\/\/sa-tanqueta.com\/ca\/wp-json\/wp\/v2\/comments?post=3475"}],"version-history":[{"count":8,"href":"https:\/\/sa-tanqueta.com\/ca\/wp-json\/wp\/v2\/pages\/3475\/revisions"}],"predecessor-version":[{"id":3836,"href":"https:\/\/sa-tanqueta.com\/ca\/wp-json\/wp\/v2\/pages\/3475\/revisions\/3836"}],"up":[{"embeddable":true,"href":"https:\/\/sa-tanqueta.com\/ca\/wp-json\/wp\/v2\/pages\/3430"}],"wp:attachment":[{"href":"https:\/\/sa-tanqueta.com\/ca\/wp-json\/wp\/v2\/media?parent=3475"}],"curies":[{"name":"wp","href":"https:\/\/api.w.org\/{rel}","templated":true}]}}