{"id":3481,"date":"2018-12-07T09:14:45","date_gmt":"2018-12-07T09:14:45","guid":{"rendered":"http:\/\/sa-tanqueta.com\/ca\/apartaments\/apartamento-de-dos-habitaciones-con-terraza\/"},"modified":"2019-01-14T11:52:06","modified_gmt":"2019-01-14T11:52:06","slug":"apartament-de-dues-habitacions-amb-terrassa","status":"publish","type":"page","link":"https:\/\/sa-tanqueta.com\/ca\/apartaments\/apartament-de-dues-habitacions-amb-terrassa\/","title":{"rendered":"Apartament de dues habitacions amb terrassa"},"content":{"rendered":"<p><section class=\"kc-elm kc-css-712383 kc_row\"><div class=\"kc-row-container  kc-container\"><div class=\"kc-wrap-columns\"><\/div><\/div><\/section><section class=\"kc-elm kc-css-637656 kc_row\"><div class=\"kc-row-container  kc-container\"><div class=\"kc-wrap-columns\"><div class=\"kc-elm kc-css-995519 kc_col-sm-12 kc_column kc_col-sm-12\"><div class=\"kc-col-container\"><div class=\"kc-elm kc-css-715833 kc_shortcode kc_single_image\">\n\n        <img decoding=\"async\" src=\"https:\/\/sa-tanqueta.com\/wp-content\/uploads\/2018\/12\/Apartamento-de-dos-habitaciones-con-terraza.jpg\" class=\"\" alt=\"\" \/>    <\/div>\n<\/div><\/div><\/div><\/div><\/section><section class=\"kc-elm kc-css-921283 kc_row iconos\"><div class=\"kc-row-container  kc-container\"><div class=\"kc-wrap-columns\"><div class=\"kc-elm kc-css-211447 kc_col-sm-2 kc_column kc_col-sm-2\"><div class=\"kc-col-container\"><\/div><\/div><div class=\"kc-elm kc-css-120994 kc_col-sm-8 kc_column kc_col-sm-8\"><div class=\"kc-col-container\"><div class=\"kc-elm kc-css-658778 kc_row kc_row_inner\"><div class=\"kc-elm kc-css-378280 kc_col-of-5 kc_column_inner kc_col-of-5\"><div class=\"kc_wrapper kc-col-inner-container\"><div class=\"kc-elm kc-css-517119 kc_text_block\"><\/p>\n<p><img loading=\"lazy\" decoding=\"async\" class=\"size-full aligncenter\" src=\"http:\/\/sa-tanqueta.com\/wp-content\/uploads\/2018\/12\/ico-persons.png\" alt=\"\" width=\"77\" height=\"66\" \/><\/p>\n<p>\n<\/div><div class=\"kc-elm kc-css-256022 kc_text_block\"><\/p>\n<p style=\"text-align: center;\">4<\/p>\n<p>\n<\/div><\/div><\/div><div class=\"kc-elm kc-css-343411 kc_col-of-5 kc_column_inner kc_col-of-5\"><div class=\"kc_wrapper kc-col-inner-container\"><div class=\"kc-elm kc-css-977508 kc_text_block\"><\/p>\n<p><img loading=\"lazy\" decoding=\"async\" class=\"size-full aligncenter\" src=\"http:\/\/sa-tanqueta.com\/wp-content\/uploads\/2018\/12\/ico-dimensiones.png\" alt=\"\" width=\"77\" height=\"66\" \/><\/p>\n<p>\n<\/div><div class=\"kc-elm kc-css-925255 kc_text_block\"><\/p>\n<p style=\"text-align: center;\">75m2<\/p>\n<p>\n<\/div><\/div><\/div><div class=\"kc-elm kc-css-717479 kc_col-of-5 kc_column_inner kc_col-of-5\"><div class=\"kc_wrapper kc-col-inner-container\"><div class=\"kc-elm kc-css-318883 kc_text_block\"><\/p>\n<p><img loading=\"lazy\" decoding=\"async\" class=\"size-full aligncenter\" src=\"http:\/\/sa-tanqueta.com\/wp-content\/uploads\/2018\/12\/ico-aire.png\" alt=\"\" width=\"77\" height=\"66\" \/><\/p>\n<p>\n<\/div><div class=\"kc-elm kc-css-809962 kc_text_block\"><\/p>\n<p style=\"text-align: center;\">Aire fred\/calor<\/p>\n<p>\n<\/div><\/div><\/div><div class=\"kc-elm kc-css-267959 kc_col-of-5 kc_column_inner kc_col-of-5\"><div class=\"kc_wrapper kc-col-inner-container\"><div class=\"kc-elm kc-css-618124 kc_text_block\"><\/p>\n<p><img loading=\"lazy\" decoding=\"async\" class=\"size-full aligncenter\" src=\"http:\/\/sa-tanqueta.com\/wp-content\/uploads\/2018\/12\/ico-terraza.png\" alt=\"\" width=\"77\" height=\"66\" \/><\/p>\n<p>\n<\/div><div class=\"kc-elm kc-css-984171 kc_text_block\"><\/p>\n<p style=\"text-align: center;\">Terrassa<\/p>\n<p>\n<\/div><\/div><\/div><div class=\"kc-elm kc-css-921427 kc_col-of-5 kc_column_inner kc_col-of-5\"><div class=\"kc_wrapper kc-col-inner-container\"><div class=\"kc-elm kc-css-552386 kc_text_block\"><\/p>\n<p><img loading=\"lazy\" decoding=\"async\" class=\"size-full aligncenter\" src=\"http:\/\/sa-tanqueta.com\/wp-content\/uploads\/2018\/12\/ico-wifi.png\" alt=\"\" width=\"77\" height=\"66\" \/><\/p>\n<p>\n<\/div><div class=\"kc-elm kc-css-29748 kc_text_block\"><\/p>\n<p style=\"text-align: center;\">Wi-Fi<\/p>\n<p>\n<\/div><\/div><\/div><\/div><div class=\"kc-elm kc-css-704267\" style=\"height: 20px; clear: both; width:100%;\"><\/div>\n<div class=\"kc-elm kc-css-816462 kc-title-wrap \">\n\n\t<p class=\"kc_title\">Apartament de dues habitacions amb terrassa<\/p>\n<\/div>\n<div class=\"kc-elm kc-css-469376 kc_text_block\"><\/p>\n<p style=\"text-align: center;\">Es compon de sal\u00f3 menjador amb cuina integrada. Tamb\u00e9 disposa de bomba d\u2019aire fred\/calor, tel\u00e8fon i connexi\u00f3 Wi-Fi, TV sat\u00e8l\u00b7lit i caixa forta.<br \/>\nAquest apartament t\u00e9 dos dormitoris, dos banys i un total d\u2019aproximadament 75 m2.<br \/>\nDisposa d\u2019una terrassa amb vistes a la piscina.<\/p>\n<p>\n<\/div><div class=\"kc-elm kc-css-891765\" style=\"height: 20px; clear: both; width:100%;\"><\/div><div class=\"kc-image-gallery kc-elm kc-css-72514\">\n<div class=\"kc_image_gallery kc-carousel-image kc-grid \" data-image_masonry=\"yes\">\n<div class=\"item-grid grid-3\"><a class=\"kc-image-link kc-pretty-photo\" data-lightbox=\"kc-lightbox\" rel=\"kc-pretty-photo[19530035]\" href=\"https:\/\/sa-tanqueta.com\/wp-content\/uploads\/2018\/12\/fot_13_apto_2dorm_ct.jpg\"><img decoding=\"async\" src=\"https:\/\/sa-tanqueta.com\/wp-content\/uploads\/2018\/12\/fot_13_apto_2dorm_ct.jpg\" alt=\"\"\/><div class=\"kc-image-overlay\"><i class=\"et-focus\"><\/i><\/div><\/a><\/div><div class=\"item-grid grid-3\"><a class=\"kc-image-link kc-pretty-photo\" data-lightbox=\"kc-lightbox\" rel=\"kc-pretty-photo[19530035]\" href=\"https:\/\/sa-tanqueta.com\/wp-content\/uploads\/2018\/12\/apartamwnto-de-dos-dormitorios-terraza1.jpg\"><img decoding=\"async\" src=\"https:\/\/sa-tanqueta.com\/wp-content\/uploads\/2018\/12\/apartamwnto-de-dos-dormitorios-terraza1.jpg\" alt=\"\"\/><div class=\"kc-image-overlay\"><i class=\"et-focus\"><\/i><\/div><\/a><\/div><div class=\"item-grid grid-3\"><a class=\"kc-image-link kc-pretty-photo\" data-lightbox=\"kc-lightbox\" rel=\"kc-pretty-photo[19530035]\" href=\"https:\/\/sa-tanqueta.com\/wp-content\/uploads\/2018\/12\/apartamento-dos-dormitorios-con-terraza-3.jpg\"><img decoding=\"async\" src=\"https:\/\/sa-tanqueta.com\/wp-content\/uploads\/2018\/12\/apartamento-dos-dormitorios-con-terraza-3.jpg\" alt=\"\"\/><div class=\"kc-image-overlay\"><i class=\"et-focus\"><\/i><\/div><\/a><\/div><div class=\"item-grid grid-3\"><a class=\"kc-image-link kc-pretty-photo\" data-lightbox=\"kc-lightbox\" rel=\"kc-pretty-photo[19530035]\" href=\"https:\/\/sa-tanqueta.com\/wp-content\/uploads\/2018\/12\/apartamento-de-dos-habitaciones-con-terraza-3.jpg\"><img decoding=\"async\" src=\"https:\/\/sa-tanqueta.com\/wp-content\/uploads\/2018\/12\/apartamento-de-dos-habitaciones-con-terraza-3.jpg\" alt=\"\"\/><div class=\"kc-image-overlay\"><i class=\"et-focus\"><\/i><\/div><\/a><\/div><div class=\"item-grid grid-3\"><a class=\"kc-image-link kc-pretty-photo\" data-lightbox=\"kc-lightbox\" rel=\"kc-pretty-photo[19530035]\" href=\"https:\/\/sa-tanqueta.com\/wp-content\/uploads\/2018\/12\/apartamento-2-dormitorios-con-terraza.jpg\"><img decoding=\"async\" src=\"https:\/\/sa-tanqueta.com\/wp-content\/uploads\/2018\/12\/apartamento-2-dormitorios-con-terraza.jpg\" alt=\"\"\/><div class=\"kc-image-overlay\"><i class=\"et-focus\"><\/i><\/div><\/a><\/div><div class=\"item-grid grid-3\"><a class=\"kc-image-link kc-pretty-photo\" data-lightbox=\"kc-lightbox\" rel=\"kc-pretty-photo[19530035]\" href=\"https:\/\/sa-tanqueta.com\/wp-content\/uploads\/2018\/12\/8-terrace-2.jpg\"><img decoding=\"async\" src=\"https:\/\/sa-tanqueta.com\/wp-content\/uploads\/2018\/12\/8-terrace-2.jpg\" alt=\"\"\/><div class=\"kc-image-overlay\"><i class=\"et-focus\"><\/i><\/div><\/a><\/div><div class=\"item-grid grid-3\"><a class=\"kc-image-link kc-pretty-photo\" data-lightbox=\"kc-lightbox\" rel=\"kc-pretty-photo[19530035]\" href=\"https:\/\/sa-tanqueta.com\/wp-content\/uploads\/2018\/12\/8-terrace.jpg\"><img decoding=\"async\" src=\"https:\/\/sa-tanqueta.com\/wp-content\/uploads\/2018\/12\/8-terrace.jpg\" alt=\"\"\/><div class=\"kc-image-overlay\"><i class=\"et-focus\"><\/i><\/div><\/a><\/div><div class=\"item-grid grid-3\"><a class=\"kc-image-link kc-pretty-photo\" data-lightbox=\"kc-lightbox\" rel=\"kc-pretty-photo[19530035]\" href=\"https:\/\/sa-tanqueta.com\/wp-content\/uploads\/2018\/12\/7-living-room-2.jpg\"><img decoding=\"async\" src=\"https:\/\/sa-tanqueta.com\/wp-content\/uploads\/2018\/12\/7-living-room-2.jpg\" alt=\"\"\/><div class=\"kc-image-overlay\"><i class=\"et-focus\"><\/i><\/div><\/a><\/div><div class=\"item-grid grid-3\"><a class=\"kc-image-link kc-pretty-photo\" data-lightbox=\"kc-lightbox\" rel=\"kc-pretty-photo[19530035]\" href=\"https:\/\/sa-tanqueta.com\/wp-content\/uploads\/2018\/12\/7living-room-.jpg\"><img decoding=\"async\" src=\"https:\/\/sa-tanqueta.com\/wp-content\/uploads\/2018\/12\/7living-room-.jpg\" alt=\"\"\/><div class=\"kc-image-overlay\"><i class=\"et-focus\"><\/i><\/div><\/a><\/div><div class=\"item-grid grid-3\"><a class=\"kc-image-link kc-pretty-photo\" data-lightbox=\"kc-lightbox\" rel=\"kc-pretty-photo[19530035]\" href=\"https:\/\/sa-tanqueta.com\/wp-content\/uploads\/2018\/12\/7-bedroom.jpg\"><img decoding=\"async\" src=\"https:\/\/sa-tanqueta.com\/wp-content\/uploads\/2018\/12\/7-bedroom.jpg\" alt=\"\"\/><div class=\"kc-image-overlay\"><i class=\"et-focus\"><\/i><\/div><\/a><\/div><\/div>\n<\/div><div class=\"kc-elm kc-css-545125\" style=\"height: 40px; clear: both; width:100%;\"><\/div><div class=\"kc-elm kc-css-310495 kc_text_block\"><\/p>\n<p style=\"text-align: center;\">Des de <strong>283 \u20ac<\/strong><\/p>\n<p>\n<\/div><div class=\"kc-elm kc-css-19050\" style=\"height: 20px; clear: both; width:100%;\"><\/div>\n<div class=\"kc-elm kc-css-205303\">\n\t<a class=\"kc_button\" href=\"https:\/\/app.thebookingbutton.com\/properties\/satanquetadefornalutxdirect\" target=\"_blank\" title=\"\" onclick=\"\">\n\t\tRESERVAR\t<\/a>\n<\/div>\n<div class=\"kc-elm kc-css-141249\" style=\"height: 20px; clear: both; width:100%;\"><\/div><div class=\"kc-elm kc-css-791686 kc_text_block\"><\/p>\n<p><img loading=\"lazy\" decoding=\"async\" class=\"size-medium aligncenter\" src=\"http:\/\/sa-tanqueta.com\/wp-content\/uploads\/2018\/10\/lineadown.jpg\" alt=\"\" width=\"1\" height=\"54\" \/><\/p>\n<p>\n<\/div><\/div><\/div><div class=\"kc-elm kc-css-744485 kc_col-sm-2 kc_column kc_col-sm-2\"><div class=\"kc-col-container\"><\/div><\/div><\/div><\/div><\/section><section class=\"kc-elm kc-css-393903 kc_row\"><div class=\"kc-row-container  kc-container\"><div class=\"kc-wrap-columns\"><div class=\"kc-elm kc-css-802940 kc_col-sm-12 kc_column kc_col-sm-12\"><div class=\"kc-col-container\">\n<div class=\"kc-elm kc-css-949482 kc-title-wrap \">\n\n\t<p class=\"kc_title\">Altres Apartaments<\/p>\n<\/div>\n<div class=\"kc-elm kc-css-849198\" style=\"height: 30px; clear: both; width:100%;\"><\/div><\/div><\/div><\/div><\/div><\/section><section class=\"kc-elm kc-css-952054 kc_row\"><div class=\"kc-row-container  kc-container\"><div class=\"kc-wrap-columns\"><div class=\"kc-elm kc-css-979390 kc_col-sm-2 kc_column kc_col-sm-2\"><div class=\"kc-col-container\"><div class=\"kc-elm kc-css-692948 kc_shortcode kc_single_image\">\n\n        <a  href=\"http:\/\/sa-tanqueta.com\/ca\/apartaments\/apartament-estandard\/\" title=\"\" target=\"_self\">\n        <img decoding=\"async\" src=\"https:\/\/sa-tanqueta.com\/wp-content\/uploads\/2018\/12\/APTO-STANDARD-1.jpg\" class=\"\" alt=\"\" \/>    <\/a>\n    <\/div>\n<div class=\"kc-elm kc-css-598933\" style=\"height: 10px; clear: both; width:100%;\"><\/div><div class=\"kc-elm kc-css-729766 kc_text_block linkshome\"><\/p>\n<div class=\"kc-elm kc-css-952849 kc-title-wrap \">\n<p class=\"kc_title\"><a href=\"http:\/\/sa-tanqueta.com\/ca\/apartaments\/apartament-estandard\/\">Apartament est\u00e0ndard<\/a><\/p>\n<\/div>\n<p>\n<\/div><\/div><\/div><div class=\"kc-elm kc-css-910471 kc_col-sm-2 kc_column kc_col-sm-2\"><div class=\"kc-col-container\"><div class=\"kc-elm kc-css-66295 kc_shortcode kc_single_image\">\n\n        <a  href=\"http:\/\/sa-tanqueta.com\/ca\/apartaments\/apartament-amb-terrassa\/\" title=\"\" target=\"_self\">\n        <img decoding=\"async\" src=\"https:\/\/sa-tanqueta.com\/wp-content\/uploads\/2018\/12\/APTO-TERRAZA-1.jpg\" class=\"\" alt=\"\" \/>    <\/a>\n    <\/div>\n<div class=\"kc-elm kc-css-629440\" style=\"height: 10px; clear: both; width:100%;\"><\/div><div class=\"kc-elm kc-css-927017 kc_text_block linkshome\"><\/p>\n<div class=\"kc-elm kc-css-952849 kc-title-wrap \">\n<p class=\"kc_title\"><a href=\"http:\/\/sa-tanqueta.com\/ca\/apartaments\/apartament-amb-terrassa\/\">Apartament amb terrassa<\/a><\/p>\n<\/div>\n<p>\n<\/div><\/div><\/div><div class=\"kc-elm kc-css-594526 kc_col-sm-2 kc_column kc_col-sm-2\"><div class=\"kc-col-container\"><div class=\"kc-elm kc-css-720435 kc_shortcode kc_single_image\">\n\n        <a  href=\"http:\/\/sa-tanqueta.com\/ca\/apartaments\/apartament-suite-amb-terrassa\/\" title=\"\" target=\"_self\">\n        <img decoding=\"async\" src=\"https:\/\/sa-tanqueta.com\/wp-content\/uploads\/2018\/12\/aptosuiteterraza-th.jpg\" class=\"\" alt=\"\" \/>    <\/a>\n    <\/div>\n<div class=\"kc-elm kc-css-904930\" style=\"height: 10px; clear: both; width:100%;\"><\/div><div class=\"kc-elm kc-css-198757 kc_text_block linkshome\"><\/p>\n<div class=\"kc-elm kc-css-952849 kc-title-wrap \">\n<p class=\"kc_title\"><a href=\"http:\/\/sa-tanqueta.com\/ca\/apartaments\/apartament-suite-amb-terrassa\/\">Apartament Suite amb terrassa<\/a><\/p>\n<\/div>\n<p>\n<\/div><\/div><\/div><div class=\"kc-elm kc-css-329405 kc_col-sm-2 kc_column kc_col-sm-2\"><div class=\"kc-col-container\"><div class=\"kc-elm kc-css-246788 kc_shortcode kc_single_image\">\n\n        <a  href=\"http:\/\/sa-tanqueta.com\/ca\/apartaments\/apartament-suite-amb-balco\/\" title=\"\" target=\"_self\">\n        <img decoding=\"async\" src=\"https:\/\/sa-tanqueta.com\/wp-content\/uploads\/2018\/12\/SUITE-BALCON-1.jpg\" class=\"\" alt=\"\" \/>    <\/a>\n    <\/div>\n<div class=\"kc-elm kc-css-750342\" style=\"height: 10px; clear: both; width:100%;\"><\/div><div class=\"kc-elm kc-css-941924 kc_text_block linkshome\"><\/p>\n<div class=\"kc-elm kc-css-952849 kc-title-wrap \">\n<p class=\"kc_title\"><a href=\"http:\/\/sa-tanqueta.com\/ca\/apartaments\/apartament-suite-amb-balco\/\">Apartament Suite amb balc\u00f3<\/a><\/p>\n<\/div>\n<p>\n<\/div><\/div><\/div><div class=\"kc-elm kc-css-783808 kc_col-sm-2 kc_column kc_col-sm-2\"><div class=\"kc-col-container\"><div class=\"kc-elm kc-css-29845 kc_shortcode kc_single_image\">\n\n        <a  href=\"http:\/\/sa-tanqueta.com\/ca\/apartaments\/apartament-suite-superior\/\" title=\"\" target=\"_self\">\n        <img decoding=\"async\" src=\"https:\/\/sa-tanqueta.com\/wp-content\/uploads\/2018\/12\/SUPERIORSUITE.jpg\" class=\"\" alt=\"\" \/>    <\/a>\n    <\/div>\n<div class=\"kc-elm kc-css-500114\" style=\"height: 10px; clear: both; width:100%;\"><\/div><div class=\"kc-elm kc-css-705161 kc_text_block linkshome\"><\/p>\n<div class=\"kc-elm kc-css-952849 kc-title-wrap \">\n<p class=\"kc_title\"><a href=\"http:\/\/sa-tanqueta.com\/ca\/apartaments\/apartament-suite-superior\/\">Apartament Suite Superior<\/a><\/p>\n<\/div>\n<p>\n<\/div><\/div><\/div><div class=\"kc-elm kc-css-425588 kc_col-sm-2 kc_column kc_col-sm-2\"><div class=\"kc-col-container\"><div class=\"kc-elm kc-css-188940 kc_shortcode kc_single_image\">\n\n        <a  href=\"http:\/\/sa-tanqueta.com\/ca\/apartaments\/apartament-de-dues-habitacions\/\" title=\"\" target=\"_self\">\n        <img decoding=\"async\" src=\"https:\/\/sa-tanqueta.com\/wp-content\/uploads\/2018\/12\/APTO-2-BED-1.jpg\" class=\"\" alt=\"\" \/>    <\/a>\n    <\/div>\n<div class=\"kc-elm kc-css-37323\" style=\"height: 10px; clear: both; width:100%;\"><\/div><div class=\"kc-elm kc-css-89128 kc_text_block linkshome\"><\/p>\n<div class=\"kc-elm kc-css-952849 kc-title-wrap \">\n<p class=\"kc_title\"><a href=\"http:\/\/sa-tanqueta.com\/ca\/apartaments\/apartament-de-dues-habitacions\/\">Apartament de dues habitacions<\/a><\/p>\n<\/div>\n<p>\n<\/div><\/div><\/div><\/div><\/div><\/section><section class=\"kc-elm kc-css-620523 kc_row\"><div class=\"kc-row-container  kc-container\"><div class=\"kc-wrap-columns\"><div class=\"kc-elm kc-css-144441 kc_col-sm-12 kc_column kc_col-sm-12\"><div class=\"kc-col-container\"><div class=\"kc-elm kc-css-838734\" style=\"height: 80px; clear: both; width:100%;\"><\/div><\/div><\/div><\/div><\/div><\/section><section class=\"kc-elm kc-css-124471 kc_row\"><div class=\"kc-row-container  kc-container\"><div class=\"kc-wrap-columns\"><\/div><\/div><\/section><\/p>\n","protected":false},"excerpt":{"rendered":"","protected":false},"author":1,"featured_media":0,"parent":3430,"menu_order":0,"comment_status":"closed","ping_status":"closed","template":"page-blanca.php","meta":{"footnotes":""},"class_list":["post-3481","page","type-page","status-publish","hentry"],"_links":{"self":[{"href":"https:\/\/sa-tanqueta.com\/ca\/wp-json\/wp\/v2\/pages\/3481","targetHints":{"allow":["GET"]}}],"collection":[{"href":"https:\/\/sa-tanqueta.com\/ca\/wp-json\/wp\/v2\/pages"}],"about":[{"href":"https:\/\/sa-tanqueta.com\/ca\/wp-json\/wp\/v2\/types\/page"}],"author":[{"embeddable":true,"href":"https:\/\/sa-tanqueta.com\/ca\/wp-json\/wp\/v2\/users\/1"}],"replies":[{"embeddable":true,"href":"https:\/\/sa-tanqueta.com\/ca\/wp-json\/wp\/v2\/comments?post=3481"}],"version-history":[{"count":8,"href":"https:\/\/sa-tanqueta.com\/ca\/wp-json\/wp\/v2\/pages\/3481\/revisions"}],"predecessor-version":[{"id":3837,"href":"https:\/\/sa-tanqueta.com\/ca\/wp-json\/wp\/v2\/pages\/3481\/revisions\/3837"}],"up":[{"embeddable":true,"href":"https:\/\/sa-tanqueta.com\/ca\/wp-json\/wp\/v2\/pages\/3430"}],"wp:attachment":[{"href":"https:\/\/sa-tanqueta.com\/ca\/wp-json\/wp\/v2\/media?parent=3481"}],"curies":[{"name":"wp","href":"https:\/\/api.w.org\/{rel}","templated":true}]}}