{"id":3502,"date":"2018-12-07T09:15:02","date_gmt":"2018-12-07T09:15:02","guid":{"rendered":"http:\/\/sa-tanqueta.com\/ca\/apartaments\/apartamento-suite-con-balcon\/"},"modified":"2019-01-14T11:52:39","modified_gmt":"2019-01-14T11:52:39","slug":"apartament-suite-amb-balco","status":"publish","type":"page","link":"https:\/\/sa-tanqueta.com\/ca\/apartaments\/apartament-suite-amb-balco\/","title":{"rendered":"Apartament Suite amb balc\u00f3"},"content":{"rendered":"<p><section class=\"kc-elm kc-css-955002 kc_row\"><div class=\"kc-row-container  kc-container\"><div class=\"kc-wrap-columns\"><\/div><\/div><\/section><section class=\"kc-elm kc-css-687098 kc_row\"><div class=\"kc-row-container  kc-container\"><div class=\"kc-wrap-columns\"><div class=\"kc-elm kc-css-300305 kc_col-sm-12 kc_column kc_col-sm-12\"><div class=\"kc-col-container\"><div class=\"kc-elm kc-css-698749 kc_shortcode kc_single_image\">\n\n        <img decoding=\"async\" src=\"https:\/\/sa-tanqueta.com\/wp-content\/uploads\/2018\/12\/Suite-con-balcon.jpg\" class=\"\" alt=\"\" \/>    <\/div>\n<\/div><\/div><\/div><\/div><\/section><section class=\"kc-elm kc-css-734711 kc_row iconos\"><div class=\"kc-row-container  kc-container\"><div class=\"kc-wrap-columns\"><div class=\"kc-elm kc-css-172347 kc_col-sm-2 kc_column kc_col-sm-2\"><div class=\"kc-col-container\"><\/div><\/div><div class=\"kc-elm kc-css-85186 kc_col-sm-8 kc_column kc_col-sm-8\"><div class=\"kc-col-container\"><div class=\"kc-elm kc-css-111355 kc_row kc_row_inner\"><div class=\"kc-elm kc-css-193 kc_col-of-5 kc_column_inner kc_col-of-5\"><div class=\"kc_wrapper kc-col-inner-container\"><div class=\"kc-elm kc-css-432388 kc_text_block\"><\/p>\n<p><img loading=\"lazy\" decoding=\"async\" class=\"size-full aligncenter\" src=\"http:\/\/sa-tanqueta.com\/wp-content\/uploads\/2018\/12\/ico-persons.png\" alt=\"\" width=\"77\" height=\"66\" \/><\/p>\n<p>\n<\/div><div class=\"kc-elm kc-css-627470 kc_text_block\"><\/p>\n<p style=\"text-align: center;\">2<\/p>\n<p>\n<\/div><\/div><\/div><div class=\"kc-elm kc-css-131990 kc_col-of-5 kc_column_inner kc_col-of-5\"><div class=\"kc_wrapper kc-col-inner-container\"><div class=\"kc-elm kc-css-320119 kc_text_block\"><\/p>\n<p><img loading=\"lazy\" decoding=\"async\" class=\"size-full aligncenter\" src=\"http:\/\/sa-tanqueta.com\/wp-content\/uploads\/2018\/12\/ico-dimensiones.png\" alt=\"\" width=\"77\" height=\"66\" \/><\/p>\n<p>\n<\/div><div class=\"kc-elm kc-css-135105 kc_text_block\"><\/p>\n<p style=\"text-align: center;\">60m2<\/p>\n<p>\n<\/div><\/div><\/div><div class=\"kc-elm kc-css-474286 kc_col-of-5 kc_column_inner kc_col-of-5\"><div class=\"kc_wrapper kc-col-inner-container\"><div class=\"kc-elm kc-css-142547 kc_text_block\"><\/p>\n<p><img loading=\"lazy\" decoding=\"async\" class=\"size-full aligncenter\" src=\"http:\/\/sa-tanqueta.com\/wp-content\/uploads\/2018\/12\/ico-aire.png\" alt=\"\" width=\"77\" height=\"66\" \/><\/p>\n<p>\n<\/div><div class=\"kc-elm kc-css-713856 kc_text_block\"><\/p>\n<p style=\"text-align: center;\">Aire fred\/calor<\/p>\n<p>\n<\/div><\/div><\/div><div class=\"kc-elm kc-css-595395 kc_col-of-5 kc_column_inner kc_col-of-5\"><div class=\"kc_wrapper kc-col-inner-container\"><div class=\"kc-elm kc-css-629425 kc_text_block\"><\/p>\n<p><img loading=\"lazy\" decoding=\"async\" class=\"size-full aligncenter\" src=\"http:\/\/sa-tanqueta.com\/wp-content\/uploads\/2018\/12\/ico-balcon.png\" alt=\"\" width=\"77\" height=\"66\" \/><\/p>\n<p>\n<\/div><div class=\"kc-elm kc-css-96146 kc_text_block\"><\/p>\n<p style=\"text-align: center;\">Balc\u00f3<\/p>\n<p>\n<\/div><\/div><\/div><div class=\"kc-elm kc-css-225894 kc_col-of-5 kc_column_inner kc_col-of-5\"><div class=\"kc_wrapper kc-col-inner-container\"><div class=\"kc-elm kc-css-315637 kc_text_block\"><\/p>\n<p><img loading=\"lazy\" decoding=\"async\" class=\"size-full aligncenter\" src=\"http:\/\/sa-tanqueta.com\/wp-content\/uploads\/2018\/12\/ico-wifi.png\" alt=\"\" width=\"77\" height=\"66\" \/><\/p>\n<p>\n<\/div><div class=\"kc-elm kc-css-860100 kc_text_block\"><\/p>\n<p style=\"text-align: center;\">Wi-Fi<\/p>\n<p>\n<\/div><\/div><\/div><\/div><div class=\"kc-elm kc-css-112279\" style=\"height: 20px; clear: both; width:100%;\"><\/div>\n<div class=\"kc-elm kc-css-387885 kc-title-wrap \">\n\n\t<p class=\"kc_title\">Apartament Suite amb balc\u00f3<\/p>\n<\/div>\n<div class=\"kc-elm kc-css-181629 kc_text_block\"><\/p>\n<p style=\"text-align: center;\">Disposa d\u2019un espai\u00f3s sal\u00f3-menjador amb cuina integrada. Tamb\u00e9 consta de bomba d\u2019aire fred\/calor, tel\u00e8fon i connexi\u00f3 Wi-Fi, TV sat\u00e8l\u00b7lit i caixa forta.<br \/>\nAquest apartament t\u00e9 un dormitori i un total d\u2019aproximadament 60 m2.<br \/>\nDisposa d\u2019un petit balc\u00f3 amb magn\u00edfiques vistes a la Serra de Tramuntana.<\/p>\n<p>\n<\/div><div class=\"kc-elm kc-css-721570\" style=\"height: 20px; clear: both; width:100%;\"><\/div><div class=\"kc-image-gallery kc-elm kc-css-868901\">\n<div class=\"kc_image_gallery kc-carousel-image kc-grid \" data-image_masonry=\"yes\">\n<div class=\"item-grid grid-3\"><a class=\"kc-image-link kc-pretty-photo\" data-lightbox=\"kc-lightbox\" rel=\"kc-pretty-photo[29239795]\" href=\"https:\/\/sa-tanqueta.com\/wp-content\/uploads\/2018\/12\/Sa-Tanqueta_0095_72.jpg\"><img decoding=\"async\" src=\"https:\/\/sa-tanqueta.com\/wp-content\/uploads\/2018\/12\/Sa-Tanqueta_0095_72.jpg\" alt=\"\"\/><div class=\"kc-image-overlay\"><i class=\"et-focus\"><\/i><\/div><\/a><\/div><div class=\"item-grid grid-3\"><a class=\"kc-image-link kc-pretty-photo\" data-lightbox=\"kc-lightbox\" rel=\"kc-pretty-photo[29239795]\" href=\"https:\/\/sa-tanqueta.com\/wp-content\/uploads\/2018\/12\/Sa-Tanqueta_0075_300-SI.jpg\"><img decoding=\"async\" src=\"https:\/\/sa-tanqueta.com\/wp-content\/uploads\/2018\/12\/Sa-Tanqueta_0075_300-SI.jpg\" alt=\"\"\/><div class=\"kc-image-overlay\"><i class=\"et-focus\"><\/i><\/div><\/a><\/div><div class=\"item-grid grid-3\"><a class=\"kc-image-link kc-pretty-photo\" data-lightbox=\"kc-lightbox\" rel=\"kc-pretty-photo[29239795]\" href=\"https:\/\/sa-tanqueta.com\/wp-content\/uploads\/2018\/12\/IMG-20170517-WA0006.jpg\"><img decoding=\"async\" src=\"https:\/\/sa-tanqueta.com\/wp-content\/uploads\/2018\/12\/IMG-20170517-WA0006.jpg\" alt=\"\"\/><div class=\"kc-image-overlay\"><i class=\"et-focus\"><\/i><\/div><\/a><\/div><div class=\"item-grid grid-3\"><a class=\"kc-image-link kc-pretty-photo\" data-lightbox=\"kc-lightbox\" rel=\"kc-pretty-photo[29239795]\" href=\"https:\/\/sa-tanqueta.com\/wp-content\/uploads\/2018\/12\/IMG-20170517-WA0002.jpg\"><img decoding=\"async\" src=\"https:\/\/sa-tanqueta.com\/wp-content\/uploads\/2018\/12\/IMG-20170517-WA0002.jpg\" alt=\"\"\/><div class=\"kc-image-overlay\"><i class=\"et-focus\"><\/i><\/div><\/a><\/div><div class=\"item-grid grid-3\"><a class=\"kc-image-link kc-pretty-photo\" data-lightbox=\"kc-lightbox\" rel=\"kc-pretty-photo[29239795]\" href=\"https:\/\/sa-tanqueta.com\/wp-content\/uploads\/2018\/12\/IMG-20170517-WA0001.jpg\"><img decoding=\"async\" src=\"https:\/\/sa-tanqueta.com\/wp-content\/uploads\/2018\/12\/IMG-20170517-WA0001.jpg\" alt=\"\"\/><div class=\"kc-image-overlay\"><i class=\"et-focus\"><\/i><\/div><\/a><\/div><div class=\"item-grid grid-3\"><a class=\"kc-image-link kc-pretty-photo\" data-lightbox=\"kc-lightbox\" rel=\"kc-pretty-photo[29239795]\" href=\"https:\/\/sa-tanqueta.com\/wp-content\/uploads\/2018\/12\/balcon-SI.jpg\"><img decoding=\"async\" src=\"https:\/\/sa-tanqueta.com\/wp-content\/uploads\/2018\/12\/balcon-SI.jpg\" alt=\"\"\/><div class=\"kc-image-overlay\"><i class=\"et-focus\"><\/i><\/div><\/a><\/div><\/div>\n<\/div><div class=\"kc-elm kc-css-799894\" style=\"height: 40px; clear: both; width:100%;\"><\/div><div class=\"kc-elm kc-css-453709 kc_text_block\"><\/p>\n<p style=\"text-align: center;\">Des de <strong>192 \u20ac<\/strong><\/p>\n<p>\n<\/div><div class=\"kc-elm kc-css-233903\" style=\"height: 20px; clear: both; width:100%;\"><\/div>\n<div class=\"kc-elm kc-css-923711\">\n\t<a class=\"kc_button\" href=\"https:\/\/app.thebookingbutton.com\/properties\/satanquetadefornalutxdirect\" target=\"_blank\" title=\"\" onclick=\"\">\n\t\tRESERVAR\t<\/a>\n<\/div>\n<div class=\"kc-elm kc-css-496718\" style=\"height: 20px; clear: both; width:100%;\"><\/div><div class=\"kc-elm kc-css-915973 kc_text_block\"><\/p>\n<p><img loading=\"lazy\" decoding=\"async\" class=\"size-medium aligncenter\" src=\"http:\/\/sa-tanqueta.com\/wp-content\/uploads\/2018\/10\/lineadown.jpg\" alt=\"\" width=\"1\" height=\"54\" \/><\/p>\n<p>\n<\/div><\/div><\/div><div class=\"kc-elm kc-css-462559 kc_col-sm-2 kc_column kc_col-sm-2\"><div class=\"kc-col-container\"><\/div><\/div><\/div><\/div><\/section><section class=\"kc-elm kc-css-362359 kc_row\"><div class=\"kc-row-container  kc-container\"><div class=\"kc-wrap-columns\"><div class=\"kc-elm kc-css-437929 kc_col-sm-12 kc_column kc_col-sm-12\"><div class=\"kc-col-container\">\n<div class=\"kc-elm kc-css-181468 kc-title-wrap \">\n\n\t<p class=\"kc_title\">Altres Apartaments<\/p>\n<\/div>\n<div class=\"kc-elm kc-css-727862\" style=\"height: 30px; clear: both; width:100%;\"><\/div><\/div><\/div><\/div><\/div><\/section><section class=\"kc-elm kc-css-571720 kc_row\"><div class=\"kc-row-container  kc-container\"><div class=\"kc-wrap-columns\"><div class=\"kc-elm kc-css-830481 kc_col-sm-2 kc_column kc_col-sm-2\"><div class=\"kc-col-container\"><div class=\"kc-elm kc-css-870354 kc_shortcode kc_single_image\">\n\n        <a  href=\"http:\/\/sa-tanqueta.com\/ca\/apartaments\/apartament-estandard\/\" title=\"\" target=\"_self\">\n        <img decoding=\"async\" src=\"https:\/\/sa-tanqueta.com\/wp-content\/uploads\/2018\/12\/APTO-STANDARD-1.jpg\" class=\"\" alt=\"\" \/>    <\/a>\n    <\/div>\n<div class=\"kc-elm kc-css-524312\" style=\"height: 10px; clear: both; width:100%;\"><\/div><div class=\"kc-elm kc-css-428730 kc_text_block linkshome\"><\/p>\n<div class=\"kc-elm kc-css-952849 kc-title-wrap \">\n<p class=\"kc_title\"><a href=\"http:\/\/sa-tanqueta.com\/ca\/apartaments\/apartament-estandard\/\">Apartament est\u00e0ndard<\/a><\/p>\n<\/div>\n<p>\n<\/div><\/div><\/div><div class=\"kc-elm kc-css-93519 kc_col-sm-2 kc_column kc_col-sm-2\"><div class=\"kc-col-container\"><div class=\"kc-elm kc-css-908467 kc_shortcode kc_single_image\">\n\n        <a  href=\"http:\/\/sa-tanqueta.com\/ca\/apartaments\/apartament-amb-terrassa\/\" title=\"\" target=\"_self\">\n        <img decoding=\"async\" src=\"https:\/\/sa-tanqueta.com\/wp-content\/uploads\/2018\/12\/APTO-TERRAZA-1.jpg\" class=\"\" alt=\"\" \/>    <\/a>\n    <\/div>\n<div class=\"kc-elm kc-css-385845\" style=\"height: 10px; clear: both; width:100%;\"><\/div><div class=\"kc-elm kc-css-948088 kc_text_block linkshome\"><\/p>\n<div class=\"kc-elm kc-css-952849 kc-title-wrap \">\n<p class=\"kc_title\"><a href=\"http:\/\/sa-tanqueta.com\/ca\/apartaments\/apartament-amb-terrassa\/\">Apartament amb terrassa<\/a><\/p>\n<\/div>\n<p>\n<\/div><\/div><\/div><div class=\"kc-elm kc-css-883533 kc_col-sm-2 kc_column kc_col-sm-2\"><div class=\"kc-col-container\"><div class=\"kc-elm kc-css-833821 kc_shortcode kc_single_image\">\n\n        <a  href=\"http:\/\/sa-tanqueta.com\/ca\/apartaments\/apartament-suite-amb-terrassa\/\" title=\"\" target=\"_self\">\n        <img decoding=\"async\" src=\"https:\/\/sa-tanqueta.com\/wp-content\/uploads\/2018\/12\/aptosuiteterraza-th.jpg\" class=\"\" alt=\"\" \/>    <\/a>\n    <\/div>\n<div class=\"kc-elm kc-css-992851\" style=\"height: 10px; clear: both; width:100%;\"><\/div><div class=\"kc-elm kc-css-955521 kc_text_block linkshome\"><\/p>\n<div class=\"kc-elm kc-css-952849 kc-title-wrap \">\n<p class=\"kc_title\"><a href=\"http:\/\/sa-tanqueta.com\/ca\/apartaments\/apartament-suite-amb-terrassa\/\">Apartament Suite amb terrassa<\/a><\/p>\n<\/div>\n<p>\n<\/div><\/div><\/div><div class=\"kc-elm kc-css-147933 kc_col-sm-2 kc_column kc_col-sm-2\"><div class=\"kc-col-container\"><div class=\"kc-elm kc-css-37403 kc_shortcode kc_single_image\">\n\n        <a  href=\"http:\/\/sa-tanqueta.com\/ca\/apartaments\/apartament-suite-superior\/\" title=\"\" target=\"_self\">\n        <img decoding=\"async\" src=\"https:\/\/sa-tanqueta.com\/wp-content\/uploads\/2018\/12\/SUPERIORSUITE.jpg\" class=\"\" alt=\"\" \/>    <\/a>\n    <\/div>\n<div class=\"kc-elm kc-css-68984\" style=\"height: 10px; clear: both; width:100%;\"><\/div><div class=\"kc-elm kc-css-894376 kc_text_block linkshome\"><\/p>\n<div class=\"kc-elm kc-css-952849 kc-title-wrap \">\n<p class=\"kc_title\"><a href=\"http:\/\/sa-tanqueta.com\/ca\/apartaments\/apartament-suite-superior\/\">Apartament Suite Superior<\/a><\/p>\n<\/div>\n<p>\n<\/div><\/div><\/div><div class=\"kc-elm kc-css-339301 kc_col-sm-2 kc_column kc_col-sm-2\"><div class=\"kc-col-container\"><div class=\"kc-elm kc-css-335698 kc_shortcode kc_single_image\">\n\n        <a  href=\"http:\/\/sa-tanqueta.com\/ca\/apartaments\/apartament-de-dues-habitacions\/\" title=\"\" target=\"_self\">\n        <img decoding=\"async\" src=\"https:\/\/sa-tanqueta.com\/wp-content\/uploads\/2018\/12\/APTO-2-BED-1.jpg\" class=\"\" alt=\"\" \/>    <\/a>\n    <\/div>\n<div class=\"kc-elm kc-css-835462\" style=\"height: 10px; clear: both; width:100%;\"><\/div><div class=\"kc-elm kc-css-808382 kc_text_block linkshome\"><\/p>\n<div class=\"kc-elm kc-css-952849 kc-title-wrap \">\n<p class=\"kc_title\"><a href=\"http:\/\/sa-tanqueta.com\/ca\/apartaments\/apartament-de-dues-habitacions\/\">Apartament de dues habitacions<\/a><\/p>\n<\/div>\n<p>\n<\/div><\/div><\/div><div class=\"kc-elm kc-css-214689 kc_col-sm-2 kc_column kc_col-sm-2\"><div class=\"kc-col-container\"><div class=\"kc-elm kc-css-509728 kc_shortcode kc_single_image\">\n\n        <a  href=\"http:\/\/sa-tanqueta.com\/ca\/apartaments\/apartament-de-dues-habitacions-amb-terrassa\/\" title=\"\" target=\"_self\">\n        <img decoding=\"async\" src=\"https:\/\/sa-tanqueta.com\/wp-content\/uploads\/2018\/12\/APTO-2-BED-TERRAZA.jpg\" class=\"\" alt=\"\" \/>    <\/a>\n    <\/div>\n<div class=\"kc-elm kc-css-354080\" style=\"height: 10px; clear: both; width:100%;\"><\/div><div class=\"kc-elm kc-css-144054 kc_text_block linkshome\"><\/p>\n<div class=\"kc-elm kc-css-952849 kc-title-wrap \">\n<p class=\"kc_title\"><a href=\"http:\/\/sa-tanqueta.com\/ca\/apartaments\/apartament-de-dues-habitacions-amb-terrassa\/\">Apartament de dues habitacions amb terrassa<\/a><\/p>\n<\/div>\n<p>\n<\/div><\/div><\/div><\/div><\/div><\/section><section class=\"kc-elm kc-css-937893 kc_row\"><div class=\"kc-row-container  kc-container\"><div class=\"kc-wrap-columns\"><div class=\"kc-elm kc-css-77359 kc_col-sm-12 kc_column kc_col-sm-12\"><div class=\"kc-col-container\"><div class=\"kc-elm kc-css-349819\" style=\"height: 80px; clear: both; width:100%;\"><\/div><\/div><\/div><\/div><\/div><\/section><section class=\"kc-elm kc-css-115496 kc_row\"><div class=\"kc-row-container  kc-container\"><div class=\"kc-wrap-columns\"><\/div><\/div><\/section><\/p>\n","protected":false},"excerpt":{"rendered":"","protected":false},"author":1,"featured_media":0,"parent":3430,"menu_order":0,"comment_status":"closed","ping_status":"closed","template":"page-blanca.php","meta":{"footnotes":""},"class_list":["post-3502","page","type-page","status-publish","hentry"],"_links":{"self":[{"href":"https:\/\/sa-tanqueta.com\/ca\/wp-json\/wp\/v2\/pages\/3502","targetHints":{"allow":["GET"]}}],"collection":[{"href":"https:\/\/sa-tanqueta.com\/ca\/wp-json\/wp\/v2\/pages"}],"about":[{"href":"https:\/\/sa-tanqueta.com\/ca\/wp-json\/wp\/v2\/types\/page"}],"author":[{"embeddable":true,"href":"https:\/\/sa-tanqueta.com\/ca\/wp-json\/wp\/v2\/users\/1"}],"replies":[{"embeddable":true,"href":"https:\/\/sa-tanqueta.com\/ca\/wp-json\/wp\/v2\/comments?post=3502"}],"version-history":[{"count":8,"href":"https:\/\/sa-tanqueta.com\/ca\/wp-json\/wp\/v2\/pages\/3502\/revisions"}],"predecessor-version":[{"id":3839,"href":"https:\/\/sa-tanqueta.com\/ca\/wp-json\/wp\/v2\/pages\/3502\/revisions\/3839"}],"up":[{"embeddable":true,"href":"https:\/\/sa-tanqueta.com\/ca\/wp-json\/wp\/v2\/pages\/3430"}],"wp:attachment":[{"href":"https:\/\/sa-tanqueta.com\/ca\/wp-json\/wp\/v2\/media?parent=3502"}],"curies":[{"name":"wp","href":"https:\/\/api.w.org\/{rel}","templated":true}]}}