{"id":3514,"date":"2018-12-07T09:14:58","date_gmt":"2018-12-07T09:14:58","guid":{"rendered":"http:\/\/sa-tanqueta.com\/ca\/apartaments\/apartamento-suite-superior\/"},"modified":"2019-01-14T12:14:46","modified_gmt":"2019-01-14T12:14:46","slug":"apartament-suite-superior","status":"publish","type":"page","link":"https:\/\/sa-tanqueta.com\/ca\/apartaments\/apartament-suite-superior\/","title":{"rendered":"Apartament Suite Superior"},"content":{"rendered":"<p><section class=\"kc-elm kc-css-328566 kc_row\"><div class=\"kc-row-container  kc-container\"><div class=\"kc-wrap-columns\"><\/div><\/div><\/section><section class=\"kc-elm kc-css-895395 kc_row\"><div class=\"kc-row-container  kc-container\"><div class=\"kc-wrap-columns\"><div class=\"kc-elm kc-css-243192 kc_col-sm-12 kc_column kc_col-sm-12\"><div class=\"kc-col-container\"><div class=\"kc-elm kc-css-39878 kc_shortcode kc_single_image\">\n\n        <img decoding=\"async\" src=\"https:\/\/sa-tanqueta.com\/wp-content\/uploads\/2018\/12\/Superior-Suite-con-terraza.jpg\" class=\"\" alt=\"\" \/>    <\/div>\n<\/div><\/div><\/div><\/div><\/section><section class=\"kc-elm kc-css-170239 kc_row iconos\"><div class=\"kc-row-container  kc-container\"><div class=\"kc-wrap-columns\"><div class=\"kc-elm kc-css-402622 kc_col-sm-2 kc_column kc_col-sm-2\"><div class=\"kc-col-container\"><\/div><\/div><div class=\"kc-elm kc-css-997302 kc_col-sm-8 kc_column kc_col-sm-8\"><div class=\"kc-col-container\"><div class=\"kc-elm kc-css-434647 kc_row kc_row_inner\"><div class=\"kc-elm kc-css-657795 kc_col-of-5 kc_column_inner kc_col-of-5\"><div class=\"kc_wrapper kc-col-inner-container\"><div class=\"kc-elm kc-css-671302 kc_text_block\"><\/p>\n<p><img loading=\"lazy\" decoding=\"async\" class=\"size-full aligncenter\" src=\"http:\/\/sa-tanqueta.com\/wp-content\/uploads\/2018\/12\/ico-persons.png\" alt=\"\" width=\"77\" height=\"66\" \/><\/p>\n<p>\n<\/div><div class=\"kc-elm kc-css-527131 kc_text_block\"><\/p>\n<p style=\"text-align: center;\">2<\/p>\n<p>\n<\/div><\/div><\/div><div class=\"kc-elm kc-css-981431 kc_col-of-5 kc_column_inner kc_col-of-5\"><div class=\"kc_wrapper kc-col-inner-container\"><div class=\"kc-elm kc-css-543739 kc_text_block\"><\/p>\n<p><img loading=\"lazy\" decoding=\"async\" class=\"size-full aligncenter\" src=\"http:\/\/sa-tanqueta.com\/wp-content\/uploads\/2018\/12\/ico-dimensiones.png\" alt=\"\" width=\"77\" height=\"66\" \/><\/p>\n<p>\n<\/div><div class=\"kc-elm kc-css-562880 kc_text_block\"><\/p>\n<p style=\"text-align: center;\">60m2<\/p>\n<p>\n<\/div><\/div><\/div><div class=\"kc-elm kc-css-589150 kc_col-of-5 kc_column_inner kc_col-of-5\"><div class=\"kc_wrapper kc-col-inner-container\"><div class=\"kc-elm kc-css-219554 kc_text_block\"><\/p>\n<p><img loading=\"lazy\" decoding=\"async\" class=\"size-full aligncenter\" src=\"http:\/\/sa-tanqueta.com\/wp-content\/uploads\/2018\/12\/ico-aire.png\" alt=\"\" width=\"77\" height=\"66\" \/><\/p>\n<p>\n<\/div><div class=\"kc-elm kc-css-755894 kc_text_block\"><\/p>\n<p style=\"text-align: center;\">Aire fred\/calor<\/p>\n<p>\n<\/div><\/div><\/div><div class=\"kc-elm kc-css-892512 kc_col-of-5 kc_column_inner kc_col-of-5\"><div class=\"kc_wrapper kc-col-inner-container\"><div class=\"kc-elm kc-css-760229 kc_text_block\"><\/p>\n<p><img loading=\"lazy\" decoding=\"async\" class=\"size-full aligncenter\" src=\"http:\/\/sa-tanqueta.com\/wp-content\/uploads\/2018\/12\/ico-terraza.png\" alt=\"\" width=\"77\" height=\"66\" \/><\/p>\n<p>\n<\/div><div class=\"kc-elm kc-css-247625 kc_text_block\"><\/p>\n<p style=\"text-align: center;\">Terrassa<\/p>\n<p>\n<\/div><\/div><\/div><div class=\"kc-elm kc-css-123251 kc_col-of-5 kc_column_inner kc_col-of-5\"><div class=\"kc_wrapper kc-col-inner-container\"><div class=\"kc-elm kc-css-893826 kc_text_block\"><\/p>\n<p><img loading=\"lazy\" decoding=\"async\" class=\"size-full aligncenter\" src=\"http:\/\/sa-tanqueta.com\/wp-content\/uploads\/2018\/12\/ico-wifi.png\" alt=\"\" width=\"77\" height=\"66\" \/><\/p>\n<p>\n<\/div><div class=\"kc-elm kc-css-882817 kc_text_block\"><\/p>\n<p style=\"text-align: center;\">Wi-Fi<\/p>\n<p>\n<\/div><\/div><\/div><\/div><div class=\"kc-elm kc-css-446217\" style=\"height: 20px; clear: both; width:100%;\"><\/div>\n<div class=\"kc-elm kc-css-914147 kc-title-wrap \">\n\n\t<p class=\"kc_title\">Apartament Suite Superior<\/p>\n<\/div>\n<div class=\"kc-elm kc-css-944574 kc_text_block\"><\/p>\n<p style=\"text-align: center;\">Disposa d\u2019un espai\u00f3s sal\u00f3-menjador amb cuina integrada. Tamb\u00e9 consta de bomba d\u2019aire fred\/calor, tel\u00e8fon i connexi\u00f3 Wi-Fi, TV sat\u00e8l\u00b7lit i caixa forta.<br \/>\nAquest apartament t\u00e9 un dormitori i un total d\u2019aproximadament 60 m2.<br \/>\nDisposa d\u2019una terrassa amb dues hamaques per gaudir de les magn\u00edfiques vistes a la Serra de Tramuntana.<\/p>\n<p>\n<\/div><div class=\"kc-elm kc-css-423589\" style=\"height: 20px; clear: both; width:100%;\"><\/div><div class=\"kc-image-gallery kc-elm kc-css-200302\">\n<div class=\"kc_image_gallery kc-carousel-image kc-grid \" data-image_masonry=\"yes\">\n<div class=\"item-grid grid-3\"><a class=\"kc-image-link kc-pretty-photo\" data-lightbox=\"kc-lightbox\" rel=\"kc-pretty-photo[32604591]\" href=\"https:\/\/sa-tanqueta.com\/wp-content\/uploads\/2018\/12\/Sa-Tanqueta_9992_300.jpg\"><img decoding=\"async\" src=\"https:\/\/sa-tanqueta.com\/wp-content\/uploads\/2018\/12\/Sa-Tanqueta_9992_300.jpg\" alt=\"\"\/><div class=\"kc-image-overlay\"><i class=\"et-focus\"><\/i><\/div><\/a><\/div><div class=\"item-grid grid-3\"><a class=\"kc-image-link kc-pretty-photo\" data-lightbox=\"kc-lightbox\" rel=\"kc-pretty-photo[32604591]\" href=\"https:\/\/sa-tanqueta.com\/wp-content\/uploads\/2018\/12\/Sa-Tanqueta_9990_300.jpg\"><img decoding=\"async\" src=\"https:\/\/sa-tanqueta.com\/wp-content\/uploads\/2018\/12\/Sa-Tanqueta_9990_300.jpg\" alt=\"\"\/><div class=\"kc-image-overlay\"><i class=\"et-focus\"><\/i><\/div><\/a><\/div><div class=\"item-grid grid-3\"><a class=\"kc-image-link kc-pretty-photo\" data-lightbox=\"kc-lightbox\" rel=\"kc-pretty-photo[32604591]\" href=\"https:\/\/sa-tanqueta.com\/wp-content\/uploads\/2018\/12\/terraza-1.jpg\"><img decoding=\"async\" src=\"https:\/\/sa-tanqueta.com\/wp-content\/uploads\/2018\/12\/terraza-1.jpg\" alt=\"\"\/><div class=\"kc-image-overlay\"><i class=\"et-focus\"><\/i><\/div><\/a><\/div><div class=\"item-grid grid-3\"><a class=\"kc-image-link kc-pretty-photo\" data-lightbox=\"kc-lightbox\" rel=\"kc-pretty-photo[32604591]\" href=\"https:\/\/sa-tanqueta.com\/wp-content\/uploads\/2018\/12\/Sa-Tanqueta_9982_300.jpg\"><img decoding=\"async\" src=\"https:\/\/sa-tanqueta.com\/wp-content\/uploads\/2018\/12\/Sa-Tanqueta_9982_300.jpg\" alt=\"\"\/><div class=\"kc-image-overlay\"><i class=\"et-focus\"><\/i><\/div><\/a><\/div><div class=\"item-grid grid-3\"><a class=\"kc-image-link kc-pretty-photo\" data-lightbox=\"kc-lightbox\" rel=\"kc-pretty-photo[32604591]\" href=\"https:\/\/sa-tanqueta.com\/wp-content\/uploads\/2018\/12\/Sa-Tanqueta_9973_300.jpg\"><img decoding=\"async\" src=\"https:\/\/sa-tanqueta.com\/wp-content\/uploads\/2018\/12\/Sa-Tanqueta_9973_300.jpg\" alt=\"\"\/><div class=\"kc-image-overlay\"><i class=\"et-focus\"><\/i><\/div><\/a><\/div><div class=\"item-grid grid-3\"><a class=\"kc-image-link kc-pretty-photo\" data-lightbox=\"kc-lightbox\" rel=\"kc-pretty-photo[32604591]\" href=\"https:\/\/sa-tanqueta.com\/wp-content\/uploads\/2018\/12\/IMG_20170517_144439.jpg\"><img decoding=\"async\" src=\"https:\/\/sa-tanqueta.com\/wp-content\/uploads\/2018\/12\/IMG_20170517_144439.jpg\" alt=\"\"\/><div class=\"kc-image-overlay\"><i class=\"et-focus\"><\/i><\/div><\/a><\/div><div class=\"item-grid grid-3\"><a class=\"kc-image-link kc-pretty-photo\" data-lightbox=\"kc-lightbox\" rel=\"kc-pretty-photo[32604591]\" href=\"https:\/\/sa-tanqueta.com\/wp-content\/uploads\/2018\/12\/IMG_20170517_143850.jpg\"><img decoding=\"async\" src=\"https:\/\/sa-tanqueta.com\/wp-content\/uploads\/2018\/12\/IMG_20170517_143850.jpg\" alt=\"\"\/><div class=\"kc-image-overlay\"><i class=\"et-focus\"><\/i><\/div><\/a><\/div><div class=\"item-grid grid-3\"><a class=\"kc-image-link kc-pretty-photo\" data-lightbox=\"kc-lightbox\" rel=\"kc-pretty-photo[32604591]\" href=\"https:\/\/sa-tanqueta.com\/wp-content\/uploads\/2018\/12\/IMG_20170517_143827.jpg\"><img decoding=\"async\" src=\"https:\/\/sa-tanqueta.com\/wp-content\/uploads\/2018\/12\/IMG_20170517_143827.jpg\" alt=\"\"\/><div class=\"kc-image-overlay\"><i class=\"et-focus\"><\/i><\/div><\/a><\/div><div class=\"item-grid grid-3\"><a class=\"kc-image-link kc-pretty-photo\" data-lightbox=\"kc-lightbox\" rel=\"kc-pretty-photo[32604591]\" href=\"https:\/\/sa-tanqueta.com\/wp-content\/uploads\/2018\/12\/fot05_apto_suite_terraza.jpg\"><img decoding=\"async\" src=\"https:\/\/sa-tanqueta.com\/wp-content\/uploads\/2018\/12\/fot05_apto_suite_terraza.jpg\" alt=\"\"\/><div class=\"kc-image-overlay\"><i class=\"et-focus\"><\/i><\/div><\/a><\/div><\/div>\n<\/div><div class=\"kc-elm kc-css-273892\" style=\"height: 40px; clear: both; width:100%;\"><\/div><div class=\"kc-elm kc-css-527062 kc_text_block\"><\/p>\n<p style=\"text-align: center;\">Des de <strong>237 \u20ac<\/strong><\/p>\n<p>\n<\/div><div class=\"kc-elm kc-css-312011\" style=\"height: 20px; clear: both; width:100%;\"><\/div>\n<div class=\"kc-elm kc-css-543025\">\n\t<a class=\"kc_button\" href=\"https:\/\/app.thebookingbutton.com\/properties\/satanquetadefornalutxdirect\" target=\"_blank\" title=\"\" onclick=\"\">\n\t\tRESERVAR\t<\/a>\n<\/div>\n<div class=\"kc-elm kc-css-984614\" style=\"height: 20px; clear: both; width:100%;\"><\/div><div class=\"kc-elm kc-css-635509 kc_text_block\"><\/p>\n<p><img loading=\"lazy\" decoding=\"async\" class=\"size-medium aligncenter\" src=\"http:\/\/sa-tanqueta.com\/wp-content\/uploads\/2018\/10\/lineadown.jpg\" alt=\"\" width=\"1\" height=\"54\" \/><\/p>\n<p>\n<\/div><\/div><\/div><div class=\"kc-elm kc-css-539961 kc_col-sm-2 kc_column kc_col-sm-2\"><div class=\"kc-col-container\"><\/div><\/div><\/div><\/div><\/section><section class=\"kc-elm kc-css-331466 kc_row\"><div class=\"kc-row-container  kc-container\"><div class=\"kc-wrap-columns\"><div class=\"kc-elm kc-css-470696 kc_col-sm-12 kc_column kc_col-sm-12\"><div class=\"kc-col-container\">\n<div class=\"kc-elm kc-css-756012 kc-title-wrap \">\n\n\t<p class=\"kc_title\">Altres Apartaments<\/p>\n<\/div>\n<div class=\"kc-elm kc-css-844469\" style=\"height: 30px; clear: both; width:100%;\"><\/div><\/div><\/div><\/div><\/div><\/section><section class=\"kc-elm kc-css-240450 kc_row\"><div class=\"kc-row-container  kc-container\"><div class=\"kc-wrap-columns\"><div class=\"kc-elm kc-css-478213 kc_col-sm-2 kc_column kc_col-sm-2\"><div class=\"kc-col-container\"><div class=\"kc-elm kc-css-555439 kc_shortcode kc_single_image\">\n\n        <a  href=\"http:\/\/sa-tanqueta.com\/ca\/apartaments\/apartament-estandard\/\" title=\"\" target=\"_self\">\n        <img decoding=\"async\" src=\"https:\/\/sa-tanqueta.com\/wp-content\/uploads\/2018\/12\/APTO-STANDARD-1.jpg\" class=\"\" alt=\"\" \/>    <\/a>\n    <\/div>\n<div class=\"kc-elm kc-css-552557\" style=\"height: 10px; clear: both; width:100%;\"><\/div><div class=\"kc-elm kc-css-546776 kc_text_block linkshome\"><\/p>\n<div class=\"kc-elm kc-css-952849 kc-title-wrap \">\n<p class=\"kc_title\"><a href=\"http:\/\/sa-tanqueta.com\/ca\/apartaments\/apartament-estandard\/\">Apartament est\u00e0ndard<\/a><\/p>\n<\/div>\n<p>\n<\/div><\/div><\/div><div class=\"kc-elm kc-css-599452 kc_col-sm-2 kc_column kc_col-sm-2\"><div class=\"kc-col-container\"><div class=\"kc-elm kc-css-735538 kc_shortcode kc_single_image\">\n\n        <a  href=\"http:\/\/sa-tanqueta.com\/ca\/apartaments\/apartament-amb-terrassa\/\" title=\"\" target=\"_self\">\n        <img decoding=\"async\" src=\"https:\/\/sa-tanqueta.com\/wp-content\/uploads\/2018\/12\/APTO-TERRAZA-1.jpg\" class=\"\" alt=\"\" \/>    <\/a>\n    <\/div>\n<div class=\"kc-elm kc-css-174974\" style=\"height: 10px; clear: both; width:100%;\"><\/div><div class=\"kc-elm kc-css-19393 kc_text_block linkshome\"><\/p>\n<div class=\"kc-elm kc-css-952849 kc-title-wrap \">\n<p class=\"kc_title\"><a href=\"http:\/\/sa-tanqueta.com\/ca\/apartaments\/apartament-amb-terrassa\/\">Apartament amb terrassa<\/a><\/p>\n<\/div>\n<p>\n<\/div><\/div><\/div><div class=\"kc-elm kc-css-428461 kc_col-sm-2 kc_column kc_col-sm-2\"><div class=\"kc-col-container\"><div class=\"kc-elm kc-css-366084 kc_shortcode kc_single_image\">\n\n        <a  href=\"http:\/\/sa-tanqueta.com\/ca\/apartaments\/apartament-suite-amb-terrassa\/\" title=\"\" target=\"_self\">\n        <img decoding=\"async\" src=\"https:\/\/sa-tanqueta.com\/wp-content\/uploads\/2018\/12\/aptosuiteterraza-th.jpg\" class=\"\" alt=\"\" \/>    <\/a>\n    <\/div>\n<div class=\"kc-elm kc-css-370074\" style=\"height: 10px; clear: both; width:100%;\"><\/div><div class=\"kc-elm kc-css-474337 kc_text_block linkshome\"><\/p>\n<div class=\"kc-elm kc-css-952849 kc-title-wrap \">\n<p class=\"kc_title\"><a href=\"http:\/\/sa-tanqueta.com\/ca\/apartaments\/apartament-suite-amb-terrassa\/\">Apartament Suite amb terrassa<\/a><\/p>\n<\/div>\n<p>\n<\/div><\/div><\/div><div class=\"kc-elm kc-css-117922 kc_col-sm-2 kc_column kc_col-sm-2\"><div class=\"kc-col-container\"><div class=\"kc-elm kc-css-921294 kc_shortcode kc_single_image\">\n\n        <a  href=\"http:\/\/sa-tanqueta.com\/ca\/apartaments\/apartament-suite-amb-balco\/\" title=\"\" target=\"_self\">\n        <img decoding=\"async\" src=\"https:\/\/sa-tanqueta.com\/wp-content\/uploads\/2018\/12\/SUITE-BALCON-1.jpg\" class=\"\" alt=\"\" \/>    <\/a>\n    <\/div>\n<div class=\"kc-elm kc-css-899109\" style=\"height: 10px; clear: both; width:100%;\"><\/div><div class=\"kc-elm kc-css-845766 kc_text_block linkshome\"><\/p>\n<div class=\"kc-elm kc-css-952849 kc-title-wrap \">\n<p class=\"kc_title\"><a href=\"http:\/\/sa-tanqueta.com\/ca\/apartaments\/apartament-suite-amb-balco\/\">Apartament Suite amb balc\u00f3<\/a><\/p>\n<\/div>\n<p>\n<\/div><\/div><\/div><div class=\"kc-elm kc-css-513744 kc_col-sm-2 kc_column kc_col-sm-2\"><div class=\"kc-col-container\"><div class=\"kc-elm kc-css-489855 kc_shortcode kc_single_image\">\n\n        <a  href=\"http:\/\/sa-tanqueta.com\/ca\/apartaments\/apartament-de-dues-habitacions\/\" title=\"\" target=\"_self\">\n        <img decoding=\"async\" src=\"https:\/\/sa-tanqueta.com\/wp-content\/uploads\/2018\/12\/APTO-2-BED-1.jpg\" class=\"\" alt=\"\" \/>    <\/a>\n    <\/div>\n<div class=\"kc-elm kc-css-766031\" style=\"height: 10px; clear: both; width:100%;\"><\/div><div class=\"kc-elm kc-css-60481 kc_text_block linkshome\"><\/p>\n<div class=\"kc-elm kc-css-952849 kc-title-wrap \">\n<p class=\"kc_title\"><a href=\"http:\/\/sa-tanqueta.com\/ca\/apartaments\/apartament-de-dues-habitacions\/\">Apartament de dues habitacions<\/a><\/p>\n<\/div>\n<p>\n<\/div><\/div><\/div><div class=\"kc-elm kc-css-929112 kc_col-sm-2 kc_column kc_col-sm-2\"><div class=\"kc-col-container\"><div class=\"kc-elm kc-css-49860 kc_shortcode kc_single_image\">\n\n        <a  href=\"http:\/\/sa-tanqueta.com\/ca\/apartaments\/apartament-de-dues-habitacions-amb-terrassa\/\" title=\"\" target=\"_self\">\n        <img decoding=\"async\" src=\"https:\/\/sa-tanqueta.com\/wp-content\/uploads\/2018\/12\/APTO-2-BED-TERRAZA.jpg\" class=\"\" alt=\"\" \/>    <\/a>\n    <\/div>\n<div class=\"kc-elm kc-css-573037\" style=\"height: 10px; clear: both; width:100%;\"><\/div><div class=\"kc-elm kc-css-843318 kc_text_block linkshome\"><\/p>\n<div class=\"kc-elm kc-css-952849 kc-title-wrap \">\n<p class=\"kc_title\"><a href=\"http:\/\/sa-tanqueta.com\/ca\/apartaments\/apartament-de-dues-habitacions-amb-terrassa\/\">Apartament de dues habitacions amb terrassa<\/a><\/p>\n<\/div>\n<p>\n<\/div><\/div><\/div><\/div><\/div><\/section><section class=\"kc-elm kc-css-361569 kc_row\"><div class=\"kc-row-container  kc-container\"><div class=\"kc-wrap-columns\"><div class=\"kc-elm kc-css-312494 kc_col-sm-12 kc_column kc_col-sm-12\"><div class=\"kc-col-container\"><div class=\"kc-elm kc-css-765148\" style=\"height: 80px; clear: both; width:100%;\"><\/div><\/div><\/div><\/div><\/div><\/section><section class=\"kc-elm kc-css-88263 kc_row\"><div class=\"kc-row-container  kc-container\"><div class=\"kc-wrap-columns\"><\/div><\/div><\/section><\/p>\n","protected":false},"excerpt":{"rendered":"","protected":false},"author":1,"featured_media":0,"parent":3430,"menu_order":0,"comment_status":"closed","ping_status":"closed","template":"page-blanca.php","meta":{"footnotes":""},"class_list":["post-3514","page","type-page","status-publish","hentry"],"_links":{"self":[{"href":"https:\/\/sa-tanqueta.com\/ca\/wp-json\/wp\/v2\/pages\/3514","targetHints":{"allow":["GET"]}}],"collection":[{"href":"https:\/\/sa-tanqueta.com\/ca\/wp-json\/wp\/v2\/pages"}],"about":[{"href":"https:\/\/sa-tanqueta.com\/ca\/wp-json\/wp\/v2\/types\/page"}],"author":[{"embeddable":true,"href":"https:\/\/sa-tanqueta.com\/ca\/wp-json\/wp\/v2\/users\/1"}],"replies":[{"embeddable":true,"href":"https:\/\/sa-tanqueta.com\/ca\/wp-json\/wp\/v2\/comments?post=3514"}],"version-history":[{"count":10,"href":"https:\/\/sa-tanqueta.com\/ca\/wp-json\/wp\/v2\/pages\/3514\/revisions"}],"predecessor-version":[{"id":3841,"href":"https:\/\/sa-tanqueta.com\/ca\/wp-json\/wp\/v2\/pages\/3514\/revisions\/3841"}],"up":[{"embeddable":true,"href":"https:\/\/sa-tanqueta.com\/ca\/wp-json\/wp\/v2\/pages\/3430"}],"wp:attachment":[{"href":"https:\/\/sa-tanqueta.com\/ca\/wp-json\/wp\/v2\/media?parent=3514"}],"curies":[{"name":"wp","href":"https:\/\/api.w.org\/{rel}","templated":true}]}}