{"id":1966,"date":"2018-10-19T07:29:54","date_gmt":"2018-10-19T07:29:54","guid":{"rendered":"http:\/\/sa-tanqueta.com\/de\/test-2\/"},"modified":"2019-01-22T08:56:27","modified_gmt":"2019-01-22T08:56:27","slug":"home","status":"publish","type":"page","link":"https:\/\/sa-tanqueta.com\/de\/","title":{"rendered":"Home"},"content":{"rendered":"<p><section class=\"kc-elm kc-css-517149 kc_row\"><div class=\"kc-row-container  kc-container\"><div class=\"kc-wrap-columns\"><\/div><\/div><\/section><section class=\"kc-elm kc-css-373186 kc_row\"><div class=\"kc-row-container  kc-container\"><div class=\"kc-wrap-columns\"><div class=\"kc-elm kc-css-776077 kc_col-sm-12 kc_column kc_col-sm-12\"><div class=\"kc-col-container\"><div class=\"kc-elm kc-css-246647 kc-raw-code\"><\/div><\/div><\/div><\/div><\/div><\/section><section data-kc-fullwidth=\"content\" class=\"kc-elm kc-css-42481 kc_row\"><div class=\"kc-row-container\"><div class=\"kc-wrap-columns\"><div class=\"kc-elm kc-css-219784 kc_col-sm-12 kc_column kc_col-sm-12\"><div class=\"kc-col-container\"><div class=\"kc-elm kc-css-766151 kc-raw-code\">[masterslider alias=\"ms-1\"]<\/div><\/div><\/div><\/div><\/div><\/section><section class=\"kc-elm kc-css-557815 kc_row\"><div class=\"kc-row-container  kc-container\"><div class=\"kc-wrap-columns\"><div class=\"kc-elm kc-css-958197 kc_col-sm-12 kc_column kc_col-sm-12\"><div class=\"kc-col-container\"><div class=\"kc-elm kc-css-613446\" style=\"height: 40px; clear: both; width:100%;\"><\/div><\/div><\/div><\/div><\/div><\/section><section class=\"kc-elm kc-css-412831 kc_row\"><div class=\"kc-row-container  kc-container\"><div class=\"kc-wrap-columns\"><div class=\"kc-elm kc-css-823859 kc_col-sm-12 kc_column kc_col-sm-12\"><div class=\"kc-col-container\"><div class=\"kc-elm kc-css-152147 kc_text_block\"><\/p>\n<p>\n<img loading=\"lazy\" decoding=\"async\" class=\"alignnone size-full\" src=\"http:\/\/sa-tanqueta.com\/wp-content\/uploads\/2018\/10\/lineaup.jpg\" alt=\"\" width=\"1\" height=\"21\" \/><\/p>\n<p>\n<\/div>\n<div class=\"kc-elm kc-css-703720 kc-title-wrap \">\n\n\t<p class=\"kc_title\">HOTEL- APARTMENT<\/p>\n<\/div>\n<div class=\"kc-elm kc-css-634808\" style=\"height: 5px; clear: both; width:100%;\"><\/div>\n<div class=\"kc-elm kc-css-698825 kc-title-wrap \">\n\n\t<p class=\"kc_title\">SA TANQUETA<\/p>\n<\/div>\n<div class=\"kc-elm kc-css-509622 kc_text_block\"><\/p>\n<p>\n<img loading=\"lazy\" decoding=\"async\" class=\"alignnone size-full\" src=\"http:\/\/sa-tanqueta.com\/wp-content\/uploads\/2018\/10\/lineadown.jpg\" alt=\"\" width=\"1\" height=\"54\" \/><\/p>\n<p>\n<\/div><\/div><\/div><\/div><\/div><\/section><section class=\"kc-elm kc-css-700602 kc_row\"><div class=\"kc-row-container  kc-container\"><div class=\"kc-wrap-columns\"><div class=\"kc-elm kc-css-602583 kc_col-sm-12 kc_column kc_col-sm-12\"><div class=\"kc-col-container\"><div class=\"kc-elm kc-css-900373 kc_text_block\"><\/p>\n<p style=\"text-align: center;\">Willkommen im Hotel Apartament Sa Tanqueta in Fornalutx (Mallorca \u2013 Balearische Inseln \u2013 Spanien) \u2013 <strong>ein idealer Ort f\u00fcr alle, die ihren Urlaub fern<\/strong> vom Massentourismus genie\u00dfen m\u00f6chten. Dank seiner landschaftlich privilegierten Lage bietet es eine herrliche Aussicht auf das Gebirge der <strong>Serra de Tramuntana<\/strong> und die Steinterrassen, die sogenannten \u201emarges\u201d, auf denen die in der einheimischen Landwirtschaft traditionellen Oliven- und Orangenb\u00e4ume gezogen werden.<\/p>\n<p>\n<\/div><\/div><\/div><\/div><\/div><\/section><section class=\"kc-elm kc-css-264754 kc_row\"><div class=\"kc-row-container  kc-container\"><div class=\"kc-wrap-columns\"><div class=\"kc-elm kc-css-169890 kc_col-sm-12 kc_column kc_col-sm-12\"><div class=\"kc-col-container\"><div class=\"kc-elm kc-css-36283\" style=\"height: 40px; clear: both; width:100%;\"><\/div><\/div><\/div><\/div><\/div><\/section><section data-kc-fullwidth=\"content\" class=\"kc-elm kc-css-483534 kc_row\"><div class=\"kc-row-container\"><div class=\"kc-wrap-columns\"><div class=\"kc-elm kc-css-46130 kc_col-sm-12 kc_column kc_col-sm-12\"><div class=\"kc-col-container\"><div class=\"kc-elm kc-css-167311 kc_text_block\"><\/p>\n<p>\n<i class=\"fab fa-instagram fa-2x\" style=\"color: #b56b31;\"><\/i> Folge uns<\/p>\n<p>\n<\/div><div class=\"kc-elm kc-css-5805\" style=\"height: 10px; clear: both; width:100%;\"><\/div><\/div><\/div><\/div><\/div><\/section><section data-kc-fullwidth=\"content\" class=\"kc-elm kc-css-144601 kc_row\"><div class=\"kc-row-container\"><div class=\"kc-wrap-columns\"><div class=\"kc-elm kc-css-50214 kc_col-sm-12 kc_column kc_col-sm-12\"><div class=\"kc-col-container\"><div class=\"kc-elm kc-css-172967 kc-raw-code\">[instagram-feed]<\/div><\/div><\/div><\/div><\/div><\/section><section data-kc-fullwidth=\"content\" class=\"kc-elm kc-css-690798 kc_row\"><div class=\"kc-row-container\"><div class=\"kc-wrap-columns\"><div class=\"kc-elm kc-css-70028 kc_col-sm-12 kc_column kc_col-sm-12\"><div class=\"kc-col-container\"><div class=\"kc-elm kc-css-167292 kc-raw-code\">[instagram-feed num=2 cols=2]<\/div><\/div><\/div><\/div><\/div><\/section><section data-kc-equalheight=\"true\" data-kc-equalheight-align=\"middle\" id=\"ofertashome\" data-kc-fullwidth=\"row\" class=\"kc-elm kc-css-919482 kc_row\"><div class=\"kc-row-container  kc-container\"><div class=\"kc-wrap-columns\"><div class=\"kc-elm kc-css-916310 kc_col-sm-12 kc_column kc_col-sm-12\"><div class=\"kc-col-container\">\n<div class=\"kc-elm kc-css-433172 kc-title-wrap \">\n\n\t<p class=\"kc_title\">SOLO RESERVANDO EN NUESTRA WEB<\/p>\n<\/div>\n\n<div class=\"kc-elm kc-css-318492 kc-title-wrap \">\n\n\t<p class=\"kc_title\">DESCUBRA NUESTRAS OFERTAS<\/p>\n<\/div>\n<div class=\"kc-elm kc-css-153344\" style=\"height: 20px; clear: both; width:100%;\"><\/div>\n<div class=\"kc-elm kc-css-291884\">\n\t<a class=\"kc_button\" href=\"http:\/\/sa-tanqueta.com\/ofertas\/\" target=\"_self\" title=\"\" onclick=\"\">\n\t\tVER OFERTAS\t<\/a>\n<\/div>\n<\/div><\/div><\/div><\/div><\/section><section class=\"kc-elm kc-css-109230 kc_row\"><div class=\"kc-row-container  kc-container\"><div class=\"kc-wrap-columns\"><div class=\"kc-elm kc-css-200158 kc_col-sm-12 kc_column kc_col-sm-12\"><div class=\"kc-col-container\"><div class=\"kc-elm kc-css-110518\" style=\"height: 40px; clear: both; width:100%;\"><\/div><\/div><\/div><\/div><\/div><\/section><section id=\"apartamentos\" class=\"kc-elm kc-css-564322 kc_row\"><div class=\"kc-row-container  kc-container\"><div class=\"kc-wrap-columns\"><div class=\"kc-elm kc-css-228144 kc_col-sm-12 kc_column kc_col-sm-12\"><div class=\"kc-col-container\"><div class=\"kc-elm kc-css-687086 kc_text_block\"><\/p>\n<p>\n<img loading=\"lazy\" decoding=\"async\" class=\"alignnone size-full\" src=\"http:\/\/sa-tanqueta.com\/wp-content\/uploads\/2018\/10\/lineaup.jpg\" alt=\"\" width=\"1\" height=\"21\" \/><\/p>\n<p>\n<\/div>\n<div class=\"kc-elm kc-css-329448 kc-title-wrap \">\n\n\t<p class=\"kc_title\">SA TANQUETA<\/p>\n<\/div>\n<div class=\"kc-elm kc-css-286459\" style=\"height: 5px; clear: both; width:100%;\"><\/div>\n<div class=\"kc-elm kc-css-603375 kc-title-wrap \">\n\n\t<p class=\"kc_title\">APARTMENTS<\/p>\n<\/div>\n<div class=\"kc-elm kc-css-152775 kc_text_block\"><\/p>\n<p>\n<img loading=\"lazy\" decoding=\"async\" class=\"alignnone size-full\" src=\"http:\/\/sa-tanqueta.com\/wp-content\/uploads\/2018\/10\/lineadown.jpg\" alt=\"\" width=\"1\" height=\"54\" \/><\/p>\n<p>\n<\/div><\/div><\/div><\/div><\/div><\/section><section class=\"kc-elm kc-css-784553 kc_row\"><div class=\"kc-row-container  kc-container\"><div class=\"kc-wrap-columns\"><div class=\"kc-elm kc-css-194357 kc_col-sm-12 kc_column kc_col-sm-12\"><div class=\"kc-col-container\"><div class=\"kc-elm kc-css-811540\" style=\"height: 40px; clear: both; width:100%;\"><\/div><\/div><\/div><\/div><\/div><\/section><section class=\"kc-elm kc-css-167722 kc_row\"><div class=\"kc-row-container  kc-container\"><div class=\"kc-wrap-columns\"><div class=\"kc-elm kc-css-995359 kc_col-sm-12 kc_column kc_col-sm-12\"><div class=\"kc-col-container\"><div class=\"kc-elm kc-css-832858 kc-raw-code\"><\/div><\/div><\/div><\/div><\/div><\/section><section class=\"kc-elm kc-css-572625 kc_row\"><div class=\"kc-row-container  kc-container\"><div class=\"kc-wrap-columns\"><div class=\"kc-elm kc-css-439998 kc_col-sm-12 kc_column kc_col-sm-12\"><div class=\"kc-col-container\"><div id=\"classic-slider\" data-pagi=\"true\" data-aplay=\"true\" class=\"classic-slider owl-carousel owl-theme kc-elm kc-css-442941 themeum-classic-slider habitacionesmovil\"><div class=\"item themeum-classic-slider-1\" style=\"background: url(https:\/\/sa-tanqueta.com\/wp-content\/uploads\/2018\/12\/apartamento-con-balcon-o-terraza-2.jpg);background-size: cover;background-position: 50% 50%;height:300px;\"><div class=\"classic-slider-content\"><div class=\"classic-slider-content-in\"><div class=\"container\"><div class=\"text-center\"><h2 class=\"classic-slider-title\">Apartamento Standard<br>\r\n<span class=\"preurooms\">desde 200\u20ac<\/span><\/h2><\/div><\/div><\/div><\/div><\/div><div class=\"item themeum-classic-slider-1\" style=\"background: url(https:\/\/sa-tanqueta.com\/wp-content\/uploads\/2018\/12\/Apartamento-con-terraza.jpg);background-size: cover;background-position: 50% 50%;height:300px;\"><div class=\"classic-slider-content\"><div class=\"classic-slider-content-in\"><div class=\"container\"><div class=\"text-center\"><h2 class=\"classic-slider-title\">Apartamento con terraza<br><span class=\"preurooms\">desde 220\u20ac<\/span><\/h2><\/div><\/div><\/div><\/div><\/div><div class=\"item themeum-classic-slider-1\" style=\"background: url(https:\/\/sa-tanqueta.com\/wp-content\/uploads\/2018\/12\/Sa-Tanqueta_9950_300.jpg);background-size: cover;background-position: 50% 50%;height:300px;\"><div class=\"classic-slider-content\"><div class=\"classic-slider-content-in\"><div class=\"container\"><div class=\"text-center\"><h2 class=\"classic-slider-title\">Apartamento Suite con terraza<br><span class=\"preurooms\">desde 253\u20ac<\/span><\/h2><\/div><\/div><\/div><\/div><\/div><div class=\"item themeum-classic-slider-1\" style=\"background: url(https:\/\/sa-tanqueta.com\/wp-content\/uploads\/2018\/12\/SUITE-BALCON-1.jpg);background-size: cover;background-position: 50% 50%;height:300px;\"><div class=\"classic-slider-content\"><div class=\"classic-slider-content-in\"><div class=\"container\"><div class=\"text-center\"><h2 class=\"classic-slider-title\">Apartamento Suite con balc\u00f3n<br><span class=\"preurooms\">desde 231\u20ac<\/span><\/h2><\/div><\/div><\/div><\/div><\/div><div class=\"item themeum-classic-slider-1\" style=\"background: url(https:\/\/sa-tanqueta.com\/wp-content\/uploads\/2018\/12\/SUPERIORSUITE.jpg);background-size: cover;background-position: 50% 50%;height:300px;\"><div class=\"classic-slider-content\"><div class=\"classic-slider-content-in\"><div class=\"container\"><div class=\"text-center\"><h2 class=\"classic-slider-title\">Apartamento Suite Superior<br><span class=\"preurooms\">desde 286\u20ac<\/span><\/h2><\/div><\/div><\/div><\/div><\/div><div class=\"item themeum-classic-slider-1\" style=\"background: url(https:\/\/sa-tanqueta.com\/wp-content\/uploads\/2018\/12\/APTO-2-BED-1.jpg);background-size: cover;background-position: 50% 50%;height:300px;\"><div class=\"classic-slider-content\"><div class=\"classic-slider-content-in\"><div class=\"container\"><div class=\"text-center\"><h2 class=\"classic-slider-title\">Apartamento de dos habitaciones<br><span class=\"preurooms\">desde 313\u20ac<\/span><\/h2><\/div><\/div><\/div><\/div><\/div><div class=\"item themeum-classic-slider-1\" style=\"background: url(https:\/\/sa-tanqueta.com\/wp-content\/uploads\/2018\/12\/APTO-2-BED-TERRAZA.jpg);background-size: cover;background-position: 50% 50%;height:300px;\"><div class=\"classic-slider-content\"><div class=\"classic-slider-content-in\"><div class=\"container\"><div class=\"text-center\"><h2 class=\"classic-slider-title\">Apartamento de dos habitaciones<br>con terraza<br><span class=\"preurooms\">desde 341\u20ac<\/span><\/h2><\/div><\/div><\/div><\/div><\/div><\/div><\/div><\/div><\/div><\/div><\/section><section class=\"kc-elm kc-css-419652 kc_row\"><div class=\"kc-row-container  kc-container\"><div class=\"kc-wrap-columns\"><div class=\"kc-elm kc-css-561806 kc_col-sm-12 kc_column kc_col-sm-12\"><div class=\"kc-col-container\"><div class=\"kc-elm kc-css-83294\" style=\"height: 40px; clear: both; width:100%;\"><\/div><div class=\"kc-elm kc-css-440636 kc_text_block\"><\/p>\n<p>\nAlle Apartments bieten h\u00f6chsten Komfort, damit sich unsere G\u00e4ste wie zu Hause f\u00fchlen k\u00f6nnen. Sie beinhalten ein Wohn-\/Esszimmer mit integrierter K\u00fcche. 11 Apartments verf\u00fcgen au\u00dferdem \u00fcber eine Terrasse mit einem beeindruckenden Ausblick auf die Serra de Tramuntana.<\/p>\n<p>Jedes der 14 Apartments ist mit Klimaanlage mit K\u00fchl- oder Heizbetrieb ausgestattet und verf\u00fcgt \u00fcber Telefon- und Wifi-Internetanschluss, Satellitenfernsehen, Safe und Terrasse (zwischen 10 und 40 m2). Die Apartments mit einem Schlafzimmer sind ca. 60 m2 gro\u00df, die mit zwei Schlafzimmern ca. 75m2. Dar\u00fcber hinaus bieten wir auch ein behindertengerechtes Apartment an. Die \u00fcbrigen Einrichtungen der Anlage stehen zur gemeinschaftlichen Benutzung zur Verf\u00fcgung und tragen zu einer angenehmen Atmosph\u00e4re bei, die zur Ruhe und Entspannung einl\u00e4dt.<\/p>\n<p>\n<\/div><div class=\"kc-elm kc-css-227019\" style=\"height: 40px; clear: both; width:100%;\"><\/div>\n<div class=\"kc-elm kc-css-233952\">\n\t<a class=\"kc_button\" href=\"http:\/\/sa-tanqueta.com\/de\/apartmenttypen\/\" target=\"_self\" title=\"\" onclick=\"\">\n\t\tSIEHE APARTMENTS\t<\/a>\n<\/div>\n<\/div><\/div><\/div><\/div><\/section><section class=\"kc-elm kc-css-757915 kc_row\"><div class=\"kc-row-container  kc-container\"><div class=\"kc-wrap-columns\"><div class=\"kc-elm kc-css-522546 kc_col-sm-12 kc_column kc_col-sm-12\"><div class=\"kc-col-container\"><div class=\"kc-elm kc-css-536649\" style=\"height: 40px; clear: both; width:100%;\"><\/div><\/div><\/div><\/div><\/div><\/section><section id=\"ventajas\" data-kc-fullwidth=\"content\" class=\"kc-elm kc-css-840915 kc_row\"><div class=\"kc-row-container\"><div class=\"kc-wrap-columns\"><div class=\"kc-elm kc-css-897744 kc_col-sm-12 kc_column kc_col-sm-12\"><div class=\"kc-col-container\">\n<div class=\"kc-elm kc-css-43514 kc-title-wrap \">\n\n\t<p class=\"kc_title\">VORTEILE DER BUCHUNG AUF UNSERER WEBSITE<\/p>\n<\/div>\n<div id=\"classic-slider\" data-pagi=\"true\" data-aplay=\"true\" class=\"classic-slider owl-carousel owl-theme kc-elm kc-css-542878 themeum-classic-slider\"><div class=\"item themeum-classic-slider-1\" style=\"background-color:;height:150px;\"><div class=\"classic-slider-content\"><div class=\"classic-slider-content-in\"><div class=\"container\"><div class=\"text-center\"><p class=\"classic-slider-subtitle\">Reserva 100% segura garantizada<\/p><\/div><\/div><\/div><\/div><\/div><div class=\"item themeum-classic-slider-1\" style=\"background-color:;height:150px;\"><div class=\"classic-slider-content\"><div class=\"classic-slider-content-in\"><div class=\"container\"><div class=\"text-center\"><p class=\"classic-slider-subtitle\">Reserva 100% segura garantizada<\/p><\/div><\/div><\/div><\/div><\/div><\/div><\/div><\/div><\/div><\/div><\/section><section class=\"kc-elm kc-css-291421 kc_row\"><div class=\"kc-row-container  kc-container\"><div class=\"kc-wrap-columns\"><div class=\"kc-elm kc-css-764997 kc_col-sm-12 kc_column kc_col-sm-12\"><div class=\"kc-col-container\"><div class=\"kc-elm kc-css-41136\" style=\"height: 40px; clear: both; width:100%;\"><\/div><\/div><\/div><\/div><\/div><\/section><section id=\"paz\" class=\"kc-elm kc-css-88637 kc_row\"><div class=\"kc-row-container  kc-container\"><div class=\"kc-wrap-columns\"><div class=\"kc-elm kc-css-911510 kc_col-sm-12 kc_column kc_col-sm-12\"><div class=\"kc-col-container\"><div class=\"kc-elm kc-css-431031 kc_text_block\"><\/p>\n<p>\n<img loading=\"lazy\" decoding=\"async\" class=\"alignnone size-full\" src=\"http:\/\/sa-tanqueta.com\/wp-content\/uploads\/2018\/10\/lineaup.jpg\" alt=\"\" width=\"1\" height=\"21\" \/><\/p>\n<p>\n<\/div>\n<div class=\"kc-elm kc-css-539567 kc-title-wrap \">\n\n\t<p class=\"kc_title\">SA TANQUETA<\/p>\n<\/div>\n<div class=\"kc-elm kc-css-765336\" style=\"height: 5px; clear: both; width:100%;\"><\/div>\n<div class=\"kc-elm kc-css-60241 kc-title-wrap \">\n\n\t<p class=\"kc_title\">GEF\u00dcHL VON FRIEDEN<\/p>\n<\/div>\n<div class=\"kc-elm kc-css-121667 kc_text_block\"><\/p>\n<p>\n<img loading=\"lazy\" decoding=\"async\" class=\"alignnone size-full\" src=\"http:\/\/sa-tanqueta.com\/wp-content\/uploads\/2018\/10\/lineadown.jpg\" alt=\"\" width=\"1\" height=\"54\" \/><\/p>\n<p>\n<\/div><\/div><\/div><\/div><\/div><\/section><section class=\"kc-elm kc-css-316347 kc_row\"><div class=\"kc-row-container  kc-container\"><div class=\"kc-wrap-columns\"><div class=\"kc-elm kc-css-512060 kc_col-sm-12 kc_column kc_col-sm-12\"><div class=\"kc-col-container\"><div class=\"kc-elm kc-css-782217\" style=\"height: 40px; clear: both; width:100%;\"><\/div><\/div><\/div><\/div><\/div><\/section><section class=\"kc-elm kc-css-890496 kc_row\"><div class=\"kc-row-container  kc-container\"><div class=\"kc-wrap-columns\"><div class=\"kc-elm kc-css-821488 kc_col-sm-3 kc_column kc_col-sm-3\"><div class=\"kc-col-container\"><div class=\"kc-elm kc-css-724531 kc_shortcode kc_single_image\">\n\n        <a  href=\"http:\/\/sa-tanqueta.com\/hotel\/#piscina\" title=\"\" target=\"_self\">\n        <img decoding=\"async\" src=\"https:\/\/sa-tanqueta.com\/wp-content\/uploads\/2018\/12\/piscna-home.jpg\" class=\"\" alt=\"\" \/>    <\/a>\n    <\/div>\n<div class=\"kc-elm kc-css-651484\" style=\"height: 15px; clear: both; width:100%;\"><\/div><div class=\"kc-elm kc-css-567201 kc_text_block linkshome\"><\/p>\n<p>\n<a href=\"http:\/\/sa-tanqueta.com\/hotel\/#piscina\">POOL \/ SOLARIUM<\/a><\/p>\n<p>\n<\/div><\/div><\/div><div class=\"kc-elm kc-css-253034 kc_col-sm-3 kc_column kc_col-sm-3\"><div class=\"kc-col-container\"><div class=\"kc-elm kc-css-141068 kc_shortcode kc_single_image\">\n\n        <a  href=\"http:\/\/sa-tanqueta.com\/hotel\/#desayuno\" title=\"\" target=\"_self\">\n        <img decoding=\"async\" src=\"https:\/\/sa-tanqueta.com\/wp-content\/uploads\/2018\/12\/gusto-home.jpg\" class=\"\" alt=\"\" \/>    <\/a>\n    <\/div>\n<div class=\"kc-elm kc-css-555935\" style=\"height: 15px; clear: both; width:100%;\"><\/div><div class=\"kc-elm kc-css-441909 kc_text_block linkshome\"><\/p>\n<p>\n<a href=\"http:\/\/sa-tanqueta.com\/hotel\/#desayuno\">GESCHMACK<\/a><\/p>\n<p>\n<\/div><\/div><\/div><div class=\"kc-elm kc-css-961715 kc_col-sm-3 kc_column kc_col-sm-3\"><div class=\"kc-col-container\"><div class=\"kc-elm kc-css-763563 kc_shortcode kc_single_image\">\n\n        <a  href=\"http:\/\/sa-tanqueta.com\/entorno\/\" title=\"\" target=\"_self\">\n        <img decoding=\"async\" src=\"https:\/\/sa-tanqueta.com\/wp-content\/uploads\/2018\/12\/entorno-hom.jpg\" class=\"\" alt=\"\" \/>    <\/a>\n    <\/div>\n<div class=\"kc-elm kc-css-841487\" style=\"height: 15px; clear: both; width:100%;\"><\/div><div class=\"kc-elm kc-css-826334 kc_text_block linkshome\"><\/p>\n<p>\n<a href=\"http:\/\/sa-tanqueta.com\/entorno\/\">UMGEBUNG<\/a><\/p>\n<p>\n<\/div><\/div><\/div><div class=\"kc-elm kc-css-988684 kc_col-sm-3 kc_column kc_col-sm-3\"><div class=\"kc-col-container\"><div class=\"kc-elm kc-css-237328 kc_shortcode kc_single_image\">\n\n        <a  href=\"http:\/\/sa-tanqueta.com\/localizacion\/\" title=\"\" target=\"_self\">\n        <img decoding=\"async\" src=\"https:\/\/sa-tanqueta.com\/wp-content\/uploads\/2018\/12\/localizacion-home.jpg\" class=\"\" alt=\"\" \/>    <\/a>\n    <\/div>\n<div class=\"kc-elm kc-css-297772\" style=\"height: 15px; clear: both; width:100%;\"><\/div><div class=\"kc-elm kc-css-683865 kc_text_block linkshome\"><\/p>\n<p>\n<a href=\"http:\/\/sa-tanqueta.com\/localizacion\/\">LAGE<\/a><\/p>\n<p>\n<\/div><\/div><\/div><\/div><\/div><\/section><section class=\"kc-elm kc-css-927248 kc_row\"><div class=\"kc-row-container  kc-container\"><div class=\"kc-wrap-columns\"><div class=\"kc-elm kc-css-329952 kc_col-sm-12 kc_column kc_col-sm-12\"><div class=\"kc-col-container\"><div class=\"kc-elm kc-css-85761\" style=\"height: 40px; clear: both; width:100%;\"><\/div><\/div><\/div><\/div><\/div><\/section><section id=\"OPINIONES\" class=\"kc-elm kc-css-990052 kc_row\"><div class=\"kc-row-container  kc-container\"><div class=\"kc-wrap-columns\"><div class=\"kc-elm kc-css-97159 kc_col-sm-12 kc_column kc_col-sm-12\"><div class=\"kc-col-container\">\n<div class=\"kc-elm kc-css-408326 kc-title-wrap \">\n\n\t<p class=\"kc_title\">UNSERE G\u00c4STE<\/p>\n<\/div>\n<div class=\"kc-elm kc-css-414985\" style=\"height: 20px; clear: both; width:100%;\"><\/div>\n<div class=\"kc-elm kc-css-872227 kc-title-wrap \">\n\n\t<p class=\"kc_title\">MEINUNGEN<\/p>\n<\/div>\n<div class=\"kc-elm kc-css-825032\" style=\"height: 75px; clear: both; width:100%;\"><\/div><div class=\"kc-elm kc-css-789657 kc_row kc_row_inner\"><div class=\"kc-elm kc-css-164894 kc_col-sm-4 kc_column_inner kc_col-sm-4\"><div class=\"kc_wrapper kc-col-inner-container\"><div class=\"kc-elm kc-css-938979 kc_text_block\"><\/p>\n<p>\n9.9\/10<\/p>\n<p>\n<\/div><div class=\"kc-elm kc-css-715155 kc_text_block\"><\/p>\n<p>\n<img loading=\"lazy\" decoding=\"async\" class=\"alignnone size-full\" src=\"http:\/\/sa-tanqueta.com\/wp-content\/uploads\/2018\/10\/BOOKING.png\" alt=\"\" width=\"190\" height=\"40\" \/><\/p>\n<p>\n<\/div><div class=\"kc-elm kc-css-528569\" style=\"height: 20px; clear: both; width:100%;\"><\/div><\/div><\/div><div class=\"kc-elm kc-css-301181 kc_col-sm-4 kc_column_inner kc_col-sm-4\"><div class=\"kc_wrapper kc-col-inner-container\"><div class=\"kc-elm kc-css-768873 kc_text_block\"><\/p>\n<p>\n6\/6<\/p>\n<p>\n<\/div><div class=\"kc-elm kc-css-544417 kc_text_block\"><\/p>\n<p>\n<img loading=\"lazy\" decoding=\"async\" class=\"alignnone size-full\" src=\"http:\/\/sa-tanqueta.com\/wp-content\/uploads\/2018\/10\/HOLIDAYCHECK.png\" alt=\"\" width=\"190\" height=\"40\" \/><\/p>\n<p>\n<\/div><div class=\"kc-elm kc-css-634552\" style=\"height: 20px; clear: both; width:100%;\"><\/div><\/div><\/div><div class=\"kc-elm kc-css-2602 kc_col-sm-4 kc_column_inner kc_col-sm-4\"><div class=\"kc_wrapper kc-col-inner-container\"><div class=\"kc-elm kc-css-690739 kc_text_block\"><\/p>\n<p>\n5\/5<\/p>\n<p>\n<\/div><div class=\"kc-elm kc-css-609955 kc_text_block\"><\/p>\n<p>\n<img loading=\"lazy\" decoding=\"async\" class=\"alignnone size-full\" src=\"http:\/\/sa-tanqueta.com\/wp-content\/uploads\/2018\/10\/TRIPADVISOR.png\" alt=\"\" width=\"190\" height=\"40\" \/><\/p>\n<p>\n<\/div><div class=\"kc-elm kc-css-23268\" style=\"height: 20px; clear: both; width:100%;\"><\/div><\/div><\/div><\/div><\/div><\/div><\/div><\/div><\/section><section class=\"kc-elm kc-css-555986 kc_row\"><div class=\"kc-row-container  kc-container\"><div class=\"kc-wrap-columns\"><div class=\"kc-elm kc-css-928858 kc_col-sm-12 kc_column kc_col-sm-12\"><div class=\"kc-col-container\"><div class=\"kc-elm kc-css-713963\" style=\"height: 40px; clear: both; width:100%;\"><\/div><\/div><\/div><\/div><\/div><\/section><section class=\"kc-elm kc-css-931830 kc_row\"><div class=\"kc-row-container  kc-container\"><div class=\"kc-wrap-columns\"><\/div><\/div><\/section><\/p>\n","protected":false},"excerpt":{"rendered":"","protected":false},"author":1,"featured_media":0,"parent":0,"menu_order":0,"comment_status":"closed","ping_status":"closed","template":"page-blanca.php","meta":{"footnotes":""},"class_list":["post-1966","page","type-page","status-publish","hentry"],"_links":{"self":[{"href":"https:\/\/sa-tanqueta.com\/de\/wp-json\/wp\/v2\/pages\/1966","targetHints":{"allow":["GET"]}}],"collection":[{"href":"https:\/\/sa-tanqueta.com\/de\/wp-json\/wp\/v2\/pages"}],"about":[{"href":"https:\/\/sa-tanqueta.com\/de\/wp-json\/wp\/v2\/types\/page"}],"author":[{"embeddable":true,"href":"https:\/\/sa-tanqueta.com\/de\/wp-json\/wp\/v2\/users\/1"}],"replies":[{"embeddable":true,"href":"https:\/\/sa-tanqueta.com\/de\/wp-json\/wp\/v2\/comments?post=1966"}],"version-history":[{"count":106,"href":"https:\/\/sa-tanqueta.com\/de\/wp-json\/wp\/v2\/pages\/1966\/revisions"}],"predecessor-version":[{"id":3913,"href":"https:\/\/sa-tanqueta.com\/de\/wp-json\/wp\/v2\/pages\/1966\/revisions\/3913"}],"wp:attachment":[{"href":"https:\/\/sa-tanqueta.com\/de\/wp-json\/wp\/v2\/media?parent=1966"}],"curies":[{"name":"wp","href":"https:\/\/api.w.org\/{rel}","templated":true}]}}