{"id":3427,"date":"2018-12-05T20:01:58","date_gmt":"2018-12-05T20:01:58","guid":{"rendered":"http:\/\/sa-tanqueta.com\/de\/entorno\/"},"modified":"2019-01-09T11:27:56","modified_gmt":"2019-01-09T11:27:56","slug":"umgebung","status":"publish","type":"page","link":"https:\/\/sa-tanqueta.com\/de\/umgebung\/","title":{"rendered":"Umgebung"},"content":{"rendered":"<p><section class=\"kc-elm kc-css-210959 kc_row\"><div class=\"kc-row-container  kc-container\"><div class=\"kc-wrap-columns\"><\/div><\/div><\/section><section class=\"kc-elm kc-css-813927 kc_row\"><div class=\"kc-row-container  kc-container\"><div class=\"kc-wrap-columns\"><div class=\"kc-elm kc-css-768404 kc_col-sm-12 kc_column kc_col-sm-12\"><div class=\"kc-col-container\"><div class=\"kc-elm kc-css-628887\" style=\"height: 230px; clear: both; width:100%;\"><\/div>\n<div class=\"kc-elm kc-css-826690 kc-title-wrap \">\n\n\t<p class=\"kc_title\">UMGEBUNG<\/p>\n<\/div>\n<div class=\"kc-elm kc-css-443892\" style=\"height: 5px; clear: both; width:100%;\"><\/div>\n<div class=\"kc-elm kc-css-717540 kc-title-wrap \">\n\n\t<p class=\"kc_title\">Eines der sch\u00f6nsten D\u00f6rfer Spaniens<\/p>\n<\/div>\n<div class=\"kc-elm kc-css-164836\" style=\"height: 120px; clear: both; width:100%;\"><\/div><div class=\"kc-elm kc-css-200301 kc_text_block\"><\/p>\n<p><a href=\"#contenido\"><img loading=\"lazy\" decoding=\"async\" class=\"size-full aligncenter\" src=\"http:\/\/sa-tanqueta.com\/wp-content\/uploads\/2018\/12\/flechabottom.png\" alt=\"\" width=\"15\" height=\"76\" \/><\/a><\/p>\n<p>\n<\/div><div class=\"kc-elm kc-css-692066\" style=\"height: 20px; clear: both; width:100%;\"><\/div><\/div><\/div><\/div><\/div><\/section><section id=\"contenido\" class=\"kc-elm kc-css-540518 kc_row\"><div class=\"kc-row-container  kc-container\"><div class=\"kc-wrap-columns\"><div class=\"kc-elm kc-css-529683 kc_col-sm-12 kc_column kc_col-sm-12\"><div class=\"kc-col-container\"><div class=\"kc-elm kc-css-876724\" style=\"height: 40px; clear: both; width:100%;\"><\/div><\/div><\/div><\/div><\/div><\/section><section class=\"kc-elm kc-css-942250 kc_row\"><div class=\"kc-row-container  kc-container\"><div class=\"kc-wrap-columns\"><div class=\"kc-elm kc-css-961166 kc_col-sm-12 kc_column kc_col-sm-12\"><div class=\"kc-col-container\">\n<div class=\"kc-elm kc-css-675130 kc-title-wrap \">\n\n\t<p class=\"kc_title\">Weltkulturerbe, sch\u00f6nste D\u00f6rfer Spaniens<\/p>\n<\/div>\n<div class=\"kc-elm kc-css-972594\" style=\"height: 5px; clear: both; width:100%;\"><\/div>\n<div class=\"kc-elm kc-css-406 kc-title-wrap \">\n\n\t<p class=\"kc_title\">FORNALUTX<\/p>\n<\/div>\n<\/div><\/div><\/div><\/div><\/section><section class=\"kc-elm kc-css-887048 kc_row\"><div class=\"kc-row-container  kc-container\"><div class=\"kc-wrap-columns\"><div class=\"kc-elm kc-css-781592 kc_col-sm-12 kc_column kc_col-sm-12\"><div class=\"kc-col-container\"><div class=\"kc-elm kc-css-370753\" style=\"height: 40px; clear: both; width:100%;\"><\/div><\/div><\/div><\/div><\/div><\/section><section class=\"kc-elm kc-css-279108 kc_row\"><div class=\"kc-row-container  kc-container\"><div class=\"kc-wrap-columns\"><div class=\"kc-elm kc-css-903604 kc_col-of-5 kc_column kc_col-of-5\"><div class=\"kc-col-container\"><\/div><\/div><div class=\"kc-elm kc-css-228395 kc_col-sm-7 kc_column kc_col-sm-7\"><div class=\"kc-col-container\"><div class=\"kc-elm kc-css-464395 kc_text_block\"><\/p>\n<p style=\"text-align: center;\">Das <strong>Hotel Apartament SaTanqueta<\/strong> befindet sich in einem der sch\u00f6nsten Gebiete der Gebirgslandschaft <strong>Serra de Tramuntana<\/strong>, und zwar in der Ortschaft <strong>Fornalutx<\/strong>, der bereits mehrmals Preise f\u00fcr ihr malerisches Dorfbild verliehen wurden. Die gut erhaltenen traditionellen H\u00e4user und urspr\u00fcnglichen steingepflasterten Stra\u00dfen zollen der Baukunst vergangener Tag gr\u00f6\u00dften Respekt und bieten daher zweifellos ein anschauliches Beispiel f\u00fcr die traditionelle Lebensweise auf der Insel Mallorca.<\/p>\n<p>\n<\/div><div class=\"kc-elm kc-css-740012\" style=\"height: 20px; clear: both; width:100%;\"><\/div><\/div><\/div><div class=\"kc-elm kc-css-485937 kc_col-of-5 kc_column kc_col-of-5\"><div class=\"kc-col-container\"><\/div><\/div><\/div><\/div><\/section><section data-kc-equalheight=\"true\" data-kc-equalheight-align=\"middle\" class=\"kc-elm kc-css-956713 kc_row\"><div class=\"kc-row-container  kc-container\"><div class=\"kc-wrap-columns\"><div class=\"kc-elm kc-css-201005 kc_col-sm-4 kc_column kc_col-sm-4\"><div class=\"kc-col-container\"><div class=\"kc-elm kc-css-16575 kc_shortcode kc_single_image\">\n\n        <img decoding=\"async\" src=\"https:\/\/sa-tanqueta.com\/wp-content\/uploads\/2018\/12\/2000px-World_Heritage_Logo_global.svg_-150x150.png\" class=\"\" alt=\"\" \/>    <\/div>\n<\/div><\/div><div class=\"kc-elm kc-css-365785 kc_col-sm-4 kc_column kc_col-sm-4\"><div class=\"kc-col-container\"><div class=\"kc-elm kc-css-115772 kc_shortcode kc_single_image\">\n\n        <img decoding=\"async\" src=\"https:\/\/sa-tanqueta.com\/wp-content\/uploads\/2018\/12\/st.png\" class=\"\" alt=\"\" \/>    <\/div>\n<\/div><\/div><div class=\"kc-elm kc-css-24251 kc_col-sm-4 kc_column kc_col-sm-4\"><div class=\"kc-col-container\"><div class=\"kc-elm kc-css-317574 kc_shortcode kc_single_image\">\n\n        <img decoding=\"async\" src=\"https:\/\/sa-tanqueta.com\/wp-content\/uploads\/2018\/12\/pueblos.png\" class=\"\" alt=\"\" \/>    <\/div>\n<\/div><\/div><\/div><\/div><\/section><section class=\"kc-elm kc-css-156427 kc_row\"><div class=\"kc-row-container  kc-container\"><div class=\"kc-wrap-columns\"><div class=\"kc-elm kc-css-514029 kc_col-sm-12 kc_column kc_col-sm-12\"><div class=\"kc-col-container\"><div class=\"kc-elm kc-css-374417\" style=\"height: 80px; clear: both; width:100%;\"><\/div><\/div><\/div><\/div><\/div><\/section><section class=\"kc-elm kc-css-272641 kc_row\"><div class=\"kc-row-container  kc-container\"><div class=\"kc-wrap-columns\"><\/div><\/div><\/section><\/p>\n","protected":false},"excerpt":{"rendered":"","protected":false},"author":1,"featured_media":0,"parent":0,"menu_order":0,"comment_status":"closed","ping_status":"closed","template":"page-blanca.php","meta":{"footnotes":""},"class_list":["post-3427","page","type-page","status-publish","hentry"],"_links":{"self":[{"href":"https:\/\/sa-tanqueta.com\/de\/wp-json\/wp\/v2\/pages\/3427","targetHints":{"allow":["GET"]}}],"collection":[{"href":"https:\/\/sa-tanqueta.com\/de\/wp-json\/wp\/v2\/pages"}],"about":[{"href":"https:\/\/sa-tanqueta.com\/de\/wp-json\/wp\/v2\/types\/page"}],"author":[{"embeddable":true,"href":"https:\/\/sa-tanqueta.com\/de\/wp-json\/wp\/v2\/users\/1"}],"replies":[{"embeddable":true,"href":"https:\/\/sa-tanqueta.com\/de\/wp-json\/wp\/v2\/comments?post=3427"}],"version-history":[{"count":5,"href":"https:\/\/sa-tanqueta.com\/de\/wp-json\/wp\/v2\/pages\/3427\/revisions"}],"predecessor-version":[{"id":3731,"href":"https:\/\/sa-tanqueta.com\/de\/wp-json\/wp\/v2\/pages\/3427\/revisions\/3731"}],"wp:attachment":[{"href":"https:\/\/sa-tanqueta.com\/de\/wp-json\/wp\/v2\/media?parent=3427"}],"curies":[{"name":"wp","href":"https:\/\/api.w.org\/{rel}","templated":true}]}}