{"id":3434,"date":"2018-12-05T20:02:38","date_gmt":"2018-12-05T20:02:38","guid":{"rendered":"http:\/\/sa-tanqueta.com\/de\/hotel\/"},"modified":"2019-01-09T11:26:24","modified_gmt":"2019-01-09T11:26:24","slug":"hotel","status":"publish","type":"page","link":"https:\/\/sa-tanqueta.com\/de\/hotel\/","title":{"rendered":"Hotel"},"content":{"rendered":"<p><section class=\"kc-elm kc-css-266718 kc_row\"><div class=\"kc-row-container  kc-container\"><div class=\"kc-wrap-columns\"><\/div><\/div><\/section><section class=\"kc-elm kc-css-924379 kc_row\"><div class=\"kc-row-container  kc-container\"><div class=\"kc-wrap-columns\"><div class=\"kc-elm kc-css-169118 kc_col-sm-12 kc_column kc_col-sm-12\"><div class=\"kc-col-container\"><div class=\"kc-elm kc-css-652998\" style=\"height: 230px; clear: both; width:100%;\"><\/div>\n<div class=\"kc-elm kc-css-46855 kc-title-wrap \">\n\n\t<p class=\"kc_title\">DAS HOTEL<\/p>\n<\/div>\n<div class=\"kc-elm kc-css-475345\" style=\"height: 5px; clear: both; width:100%;\"><\/div>\n<div class=\"kc-elm kc-css-692489 kc-title-wrap \">\n\n\t<p class=\"kc_title\">Der perfekte Ort, um einen Urlaub zu genie\u00dfen<\/p>\n<\/div>\n<div class=\"kc-elm kc-css-351009\" style=\"height: 120px; clear: both; width:100%;\"><\/div><div class=\"kc-elm kc-css-337842 kc_text_block\"><\/p>\n<p>\n<a href=\"#contenido\"><img loading=\"lazy\" decoding=\"async\" class=\"size-full aligncenter\" src=\"http:\/\/sa-tanqueta.com\/wp-content\/uploads\/2018\/12\/flechabottom.png\" alt=\"\" width=\"15\" height=\"76\" \/><\/a><\/p>\n<p>\n<\/div><div class=\"kc-elm kc-css-967671\" style=\"height: 20px; clear: both; width:100%;\"><\/div><\/div><\/div><\/div><\/div><\/section><section id=\"contenido\" class=\"kc-elm kc-css-622962 kc_row\"><div class=\"kc-row-container  kc-container\"><div class=\"kc-wrap-columns\"><div class=\"kc-elm kc-css-57755 kc_col-sm-12 kc_column kc_col-sm-12\"><div class=\"kc-col-container\"><div class=\"kc-elm kc-css-245951\" style=\"height: 40px; clear: both; width:100%;\"><\/div><\/div><\/div><\/div><\/div><\/section><section class=\"kc-elm kc-css-239260 kc_row\"><div class=\"kc-row-container  kc-container\"><div class=\"kc-wrap-columns\"><div class=\"kc-elm kc-css-755695 kc_col-sm-12 kc_column kc_col-sm-12\"><div class=\"kc-col-container\"><div class=\"kc-elm kc-css-447\" style=\"height: 30px; clear: both; width:100%;\"><\/div><\/div><\/div><\/div><\/div><\/section><section class=\"kc-elm kc-css-166561 kc_row\"><div class=\"kc-row-container  kc-container\"><div class=\"kc-wrap-columns\"><div class=\"kc-elm kc-css-864369 kc_col-sm-6 kc_column kc_col-sm-6\"><div class=\"kc-col-container\"><div class=\"kc-elm kc-css-305602 kc_text_block\"><\/p>\n<p>\nWillkommen im Hotel Apartament Sa Tanqueta in Fornalutx (Mallorca \u2013 Balearische Inseln \u2013 Spanien) \u2013 <strong>ein idealer Ort f\u00fcr alle, die ihren Urlaub fern<\/strong> vom Massentourismus genie\u00dfen m\u00f6chten. Dank seiner landschaftlich privilegierten Lage bietet es eine herrliche Aussicht auf das Gebirge der <strong>Serra de Tramuntana<\/strong> und die Steinterrassen, die sogenannten \u201emarges\u201d, auf denen die in der einheimischen Landwirtschaft traditionellen Oliven- und Orangenb\u00e4ume gezogen werden.<\/p>\n<p>\n<\/div><div class=\"kc-elm kc-css-106267\" style=\"height: 20px; clear: both; width:100%;\"><\/div><div class=\"kc-elm kc-css-611329 kc_shortcode kc_single_image\">\n\n        <img decoding=\"async\" src=\"https:\/\/sa-tanqueta.com\/wp-content\/uploads\/2018\/12\/detallet-hotel-1.jpg\" class=\"\" alt=\"\" \/>    <\/div>\n<\/div><\/div><div class=\"kc-elm kc-css-329131 kc_col-sm-6 kc_column kc_col-sm-6\"><div class=\"kc-col-container\"><div class=\"kc-elm kc-css-844436 kc_shortcode kc_single_image\">\n\n        <img decoding=\"async\" src=\"https:\/\/sa-tanqueta.com\/wp-content\/uploads\/2018\/12\/detallet-hotel2.jpg\" class=\"\" alt=\"\" \/>    <\/div>\n<div class=\"kc-elm kc-css-474114\" style=\"height: 20px; clear: both; width:100%;\"><\/div><div class=\"kc-elm kc-css-637931 kc_text_block\"><\/p>\n<p>\nDie Anlage bietet 14 vollst\u00e4ndig mit allen Annehmlichkeiten ausgestattete Apartments und einen Privatparkplatz f\u00fcr G\u00e4ste. Stets zuvorkommende G\u00e4stebetreuung wird bei uns gro\u00dfgeschrieben.<\/p>\n<p>\n<\/div><\/div><\/div><\/div><\/div><\/section><section class=\"kc-elm kc-css-592556 kc_row\"><div class=\"kc-row-container  kc-container\"><div class=\"kc-wrap-columns\"><div class=\"kc-elm kc-css-946568 kc_col-sm-12 kc_column kc_col-sm-12\"><div class=\"kc-col-container\"><div class=\"kc-elm kc-css-896531\" style=\"height: 80px; clear: both; width:100%;\"><\/div><\/div><\/div><\/div><\/div><\/section><section id=\"desayuno\" data-kc-fullwidth=\"content\" class=\"kc-elm kc-css-782617 kc_row\"><div class=\"kc-row-container\"><div class=\"kc-wrap-columns\"><div class=\"kc-elm kc-css-665150 kc_col-sm-4 kc_column kc_col-sm-4\"><div class=\"kc-col-container\"><\/div><\/div><div class=\"kc-elm kc-css-504188 kc_col-sm-5 kc_column kc_col-sm-5\"><div class=\"kc-col-container\"><div class=\"kc-elm kc-css-142068\" style=\"height: 200px; clear: both; width:100%;\"><\/div>\n<div class=\"kc-elm kc-css-664082 kc-title-wrap \">\n\n\t<p class=\"kc_title\">FR\u00dcHST\u00dcCK<\/p>\n<\/div>\n<div class=\"kc-elm kc-css-725834 kc_text_block\"><\/p>\n<p style=\"text-align: center;\">Um den Tag gut zu beginnen, geht nichts \u00fcber ein ausgiebiges mediterranes Fr\u00fchst\u00fcck Neben unserem umfassenden Fr\u00fchst\u00fccksangebot, wie traditionellem Geb\u00e4ck der Region und vielem mehr, bereiten wir Ihnen aus den Orangen des hoteleigenen Obstgartens frisch gepresste S\u00e4fte zu.<\/p>\n<p>\n<\/div><div class=\"kc-elm kc-css-965866\" style=\"height: 200px; clear: both; width:100%;\"><\/div><\/div><\/div><div class=\"kc-elm kc-css-270688 kc_col-sm-4 kc_column kc_col-sm-4\"><div class=\"kc-col-container\"><\/div><\/div><\/div><\/div><\/section><section class=\"kc-elm kc-css-803622 kc_row\"><div class=\"kc-row-container  kc-container\"><div class=\"kc-wrap-columns\"><div class=\"kc-elm kc-css-753992 kc_col-sm-12 kc_column kc_col-sm-12\"><div class=\"kc-col-container\"><div class=\"kc-elm kc-css-342674\" style=\"height: 80px; clear: both; width:100%;\"><\/div><\/div><\/div><\/div><\/div><\/section><section data-kc-equalheight=\"true\" data-kc-equalheight-align=\"middle\" class=\"kc-elm kc-css-640070 kc_row\"><div class=\"kc-row-container  kc-container\"><div class=\"kc-wrap-columns\"><div class=\"kc-elm kc-css-544697 kc_col-sm-2 kc_column kc_col-sm-2\"><div class=\"kc-col-container\"><\/div><\/div><div class=\"kc-elm kc-css-896844 kc_col-sm-4 kc_column kc_col-sm-4\"><div class=\"kc-col-container\">\n<div class=\"kc-elm kc-css-696819 kc-title-wrap \">\n\n\t<p class=\"kc_title\">Pool<\/p>\n<\/div>\n<div class=\"kc-elm kc-css-474429 kc_text_block\"><\/p>\n<p>\nNehmen Sie in unserem gro\u00dfen Pool ein erfrischendes Bad oder sonnen Sie sich auf der anliegenden Terrasse, die Ihnen einen wundersch\u00f6nen Ausblick auf die Landschaft der Umgebung bietet.<br \/>\nHier finden Sie ungest\u00f6rten Frieden.<\/p>\n<p>\n<\/div><\/div><\/div><div class=\"kc-elm kc-css-407280 kc_col-sm-4 kc_column kc_col-sm-4\"><div class=\"kc-col-container\"><div class=\"kc-elm kc-css-186876 kc_shortcode kc_single_image\">\n\n        <a rel=\"prettyPhoto\" class=\"kc-pretty-photo\" href=\"https:\/\/sa-tanqueta.com\/wp-content\/uploads\/2018\/12\/pool-view.jpg\" title=\"\" target=\"\">\n        <img decoding=\"async\" src=\"https:\/\/sa-tanqueta.com\/wp-content\/uploads\/2018\/12\/pool-view.jpg\" class=\"\" alt=\"\" \/>    <\/a>\n    <\/div>\n<\/div><\/div><div class=\"kc-elm kc-css-260058 kc_col-sm-2 kc_column kc_col-sm-2\"><div class=\"kc-col-container\"><\/div><\/div><\/div><\/div><\/section><section class=\"kc-elm kc-css-423865 kc_row\"><div class=\"kc-row-container  kc-container\"><div class=\"kc-wrap-columns\"><div class=\"kc-elm kc-css-390481 kc_col-sm-12 kc_column kc_col-sm-12\"><div class=\"kc-col-container\"><div class=\"kc-elm kc-css-589906\" style=\"height: 80px; clear: both; width:100%;\"><\/div><\/div><\/div><\/div><\/div><\/section><section class=\"kc-elm kc-css-333367 kc_row\"><div class=\"kc-row-container  kc-container\"><div class=\"kc-wrap-columns\"><\/div><\/div><\/section><\/p>\n","protected":false},"excerpt":{"rendered":"","protected":false},"author":1,"featured_media":0,"parent":0,"menu_order":0,"comment_status":"closed","ping_status":"closed","template":"page-blanca.php","meta":{"footnotes":""},"class_list":["post-3434","page","type-page","status-publish","hentry"],"_links":{"self":[{"href":"https:\/\/sa-tanqueta.com\/de\/wp-json\/wp\/v2\/pages\/3434","targetHints":{"allow":["GET"]}}],"collection":[{"href":"https:\/\/sa-tanqueta.com\/de\/wp-json\/wp\/v2\/pages"}],"about":[{"href":"https:\/\/sa-tanqueta.com\/de\/wp-json\/wp\/v2\/types\/page"}],"author":[{"embeddable":true,"href":"https:\/\/sa-tanqueta.com\/de\/wp-json\/wp\/v2\/users\/1"}],"replies":[{"embeddable":true,"href":"https:\/\/sa-tanqueta.com\/de\/wp-json\/wp\/v2\/comments?post=3434"}],"version-history":[{"count":3,"href":"https:\/\/sa-tanqueta.com\/de\/wp-json\/wp\/v2\/pages\/3434\/revisions"}],"predecessor-version":[{"id":3728,"href":"https:\/\/sa-tanqueta.com\/de\/wp-json\/wp\/v2\/pages\/3434\/revisions\/3728"}],"wp:attachment":[{"href":"https:\/\/sa-tanqueta.com\/de\/wp-json\/wp\/v2\/media?parent=3434"}],"curies":[{"name":"wp","href":"https:\/\/api.w.org\/{rel}","templated":true}]}}