{"id":3438,"date":"2018-12-05T20:21:17","date_gmt":"2018-12-05T20:21:17","guid":{"rendered":"http:\/\/sa-tanqueta.com\/de\/actividades\/"},"modified":"2025-05-06T10:19:59","modified_gmt":"2025-05-06T10:19:59","slug":"aktivitaeten","status":"publish","type":"page","link":"https:\/\/sa-tanqueta.com\/de\/aktivitaeten\/","title":{"rendered":"Aktivit\u00e4ten"},"content":{"rendered":"<p><section class=\"kc-elm kc-css-200182 kc_row\"><div class=\"kc-row-container  kc-container\"><div class=\"kc-wrap-columns\"><\/div><\/div><\/section><section class=\"kc-elm kc-css-747714 kc_row\"><div class=\"kc-row-container  kc-container\"><div class=\"kc-wrap-columns\"><div class=\"kc-elm kc-css-361193 kc_col-sm-12 kc_column kc_col-sm-12\"><div class=\"kc-col-container\"><div class=\"kc-elm kc-css-681091\" style=\"height: 230px; clear: both; width:100%;\"><\/div>\n<div class=\"kc-elm kc-css-74129 kc-title-wrap \">\n\n\t<p class=\"kc_title\">ACTIVIT\u00c4TEN<\/p>\n<\/div>\n<div class=\"kc-elm kc-css-777822\" style=\"height: 5px; clear: both; width:100%;\"><\/div>\n<div class=\"kc-elm kc-css-347101 kc-title-wrap \">\n\n\t<p class=\"kc_title\">Ihre unvergesslichen Ferien beginnen hier<\/p>\n<\/div>\n<div class=\"kc-elm kc-css-254865\" style=\"height: 120px; clear: both; width:100%;\"><\/div><div class=\"kc-elm kc-css-864351 kc_text_block\"><\/p>\n<p>\n<a href=\"#contenido\"><img loading=\"lazy\" decoding=\"async\" class=\"size-full aligncenter\" src=\"http:\/\/sa-tanqueta.com\/wp-content\/uploads\/2018\/12\/flechabottom.png\" alt=\"\" width=\"15\" height=\"76\" \/><\/a><\/p>\n<p>\n<\/div><div class=\"kc-elm kc-css-760136\" style=\"height: 20px; clear: both; width:100%;\"><\/div><\/div><\/div><\/div><\/div><\/section><section id=\"contenido\" class=\"kc-elm kc-css-563206 kc_row\"><div class=\"kc-row-container  kc-container\"><div class=\"kc-wrap-columns\"><div class=\"kc-elm kc-css-992312 kc_col-sm-12 kc_column kc_col-sm-12\"><div class=\"kc-col-container\"><div class=\"kc-elm kc-css-174896\" style=\"height: 40px; clear: both; width:100%;\"><\/div><\/div><\/div><\/div><\/div><\/section><section class=\"kc-elm kc-css-539288 kc_row\"><div class=\"kc-row-container  kc-container\"><div class=\"kc-wrap-columns\"><div class=\"kc-elm kc-css-646415 kc_col-sm-12 kc_column kc_col-sm-12\"><div class=\"kc-col-container\"><div class=\"kc-elm kc-css-182373\" style=\"height: 40px; clear: both; width:100%;\"><\/div><\/div><\/div><\/div><\/div><\/section><section class=\"kc-elm kc-css-271385 kc_row\"><div class=\"kc-row-container  kc-container\"><div class=\"kc-wrap-columns\"><div class=\"kc-elm kc-css-31497 kc_col-sm-1 kc_column kc_col-sm-1\"><div class=\"kc-col-container\"><\/div><\/div><div class=\"kc-elm kc-css-754743 kc_col-sm-10 kc_column kc_col-sm-10\"><div class=\"kc-col-container\"><div class=\"kc-elm kc-css-683769 kc_shortcode kc_single_image\">\n\n        <img decoding=\"async\" src=\"https:\/\/sa-tanqueta.com\/wp-content\/uploads\/2018\/12\/trekkiing.jpg\" class=\"\" alt=\"\" \/>    <\/div>\n<\/div><\/div><div class=\"kc-elm kc-css-257835 kc_col-sm-1 kc_column kc_col-sm-1\"><div class=\"kc-col-container\"><\/div><\/div><\/div><\/div><\/section><section class=\"kc-elm kc-css-326917 kc_row\"><div class=\"kc-row-container  kc-container\"><div class=\"kc-wrap-columns\"><div class=\"kc-elm kc-css-641215 kc_col-sm-3 kc_column kc_col-sm-3\"><div class=\"kc-col-container\"><\/div><\/div><div class=\"kc-elm kc-css-662112 kc_col-sm-6 kc_column kc_col-sm-6\"><div class=\"kc-col-container\">\n<div class=\"kc-elm kc-css-536353 kc-title-wrap \">\n\n\t<p class=\"kc_title\">Wandern<\/p>\n<\/div>\n<div class=\"kc-elm kc-css-40722 kc_text_block\"><\/p>\n<p>\nSa Tanqueta de Fornalutx ist der ideale Ausgangsort f\u00fcr Wanderungen. Bei Wanderungen f\u00fcr unterschiedliche K\u00f6nnensstufen kommen Wanderfreunde in den Genuss herrlicher Aussichten auf das Meer und die Berge. Gerne erteilen wir Ihnen Anregungen und Vorschl\u00e4ge f\u00fcr selbstorganisierte Wanderungen ins Gebirge oder f\u00fcr gef\u00fchrte Wanderungen in Begleitung eines erfahrenen Wanderf\u00fchrers, der Sie in alle Geheimnisse der Region einweiht. Neben Wanderungen ist das Freizeitangebot gro\u00df: Canyoning, Klettern, Vogelbeobachtung, \u2026<\/p>\n<p>\n<\/div><div class=\"kc-elm kc-css-116628\" style=\"height: 20px; clear: both; width:100%;\"><\/div><div class=\"kc-elm kc-css-917769 kc_text_block\"><\/p>\n<p>\n<img loading=\"lazy\" decoding=\"async\" class=\"size-medium aligncenter\" src=\"http:\/\/sa-tanqueta.com\/wp-content\/uploads\/2018\/10\/lineadown.jpg\" alt=\"\" width=\"1\" height=\"54\" \/><\/p>\n<p>\n<\/div><\/div><\/div><div class=\"kc-elm kc-css-471310 kc_col-sm-3 kc_column kc_col-sm-3\"><div class=\"kc-col-container\"><\/div><\/div><\/div><\/div><\/section><section class=\"kc-elm kc-css-30473 kc_row\"><div class=\"kc-row-container  kc-container\"><div class=\"kc-wrap-columns\"><div class=\"kc-elm kc-css-319403 kc_col-sm-1 kc_column kc_col-sm-1\"><div class=\"kc-col-container\"><\/div><\/div><div class=\"kc-elm kc-css-317522 kc_col-sm-10 kc_column kc_col-sm-10\"><div class=\"kc-col-container\"><div class=\"kc-elm kc-css-76371 kc_shortcode kc_single_image\">\n\n        <img decoding=\"async\" src=\"https:\/\/sa-tanqueta.com\/wp-content\/uploads\/2018\/12\/globo.jpg\" class=\"\" alt=\"\" \/>    <\/div>\n<\/div><\/div><div class=\"kc-elm kc-css-15810 kc_col-sm-1 kc_column kc_col-sm-1\"><div class=\"kc-col-container\"><\/div><\/div><\/div><\/div><\/section><section class=\"kc-elm kc-css-701605 kc_row\"><div class=\"kc-row-container  kc-container\"><div class=\"kc-wrap-columns\"><div class=\"kc-elm kc-css-633934 kc_col-sm-3 kc_column kc_col-sm-3\"><div class=\"kc-col-container\"><\/div><\/div><div class=\"kc-elm kc-css-970348 kc_col-sm-6 kc_column kc_col-sm-6\"><div class=\"kc-col-container\">\n<div class=\"kc-elm kc-css-971130 kc-title-wrap \">\n\n\t<p class=\"kc_title\">Fahrten im Hei\u00dfluftballon<\/p>\n<\/div>\n<div class=\"kc-elm kc-css-207017 kc_text_block\"><\/p>\n<p>\nLernen Sie Mallorca aus der Vogelperspektive kennen. Die Ballonfahrten finden entweder morgens oder abends statt. Dieses unvergleichliche, unvergessliche Abenteuer macht Ihren Aufenthalt in Sa Tanqueta de Fornalutx bestimmt zu einem unvergesslichen Erlebnis.<\/p>\n<p>\n<\/div><div class=\"kc-elm kc-css-47267\" style=\"height: 20px; clear: both; width:100%;\"><\/div><div class=\"kc-elm kc-css-952525 kc_text_block\"><\/p>\n<p>\n<img loading=\"lazy\" decoding=\"async\" class=\"size-medium aligncenter\" src=\"http:\/\/sa-tanqueta.com\/wp-content\/uploads\/2018\/10\/lineadown.jpg\" alt=\"\" width=\"1\" height=\"54\" \/><\/p>\n<p>\n<\/div><\/div><\/div><div class=\"kc-elm kc-css-474986 kc_col-sm-3 kc_column kc_col-sm-3\"><div class=\"kc-col-container\"><\/div><\/div><\/div><\/div><\/section><section class=\"kc-elm kc-css-526322 kc_row\"><div class=\"kc-row-container  kc-container\"><div class=\"kc-wrap-columns\"><div class=\"kc-elm kc-css-298452 kc_col-sm-1 kc_column kc_col-sm-1\"><div class=\"kc-col-container\"><\/div><\/div><div class=\"kc-elm kc-css-661385 kc_col-sm-10 kc_column kc_col-sm-10\"><div class=\"kc-col-container\"><div class=\"kc-elm kc-css-51445 kc_shortcode kc_single_image\">\n\n        <img decoding=\"async\" src=\"https:\/\/sa-tanqueta.com\/wp-content\/uploads\/2018\/12\/barca.jpg\" class=\"\" alt=\"\" \/>    <\/div>\n<\/div><\/div><div class=\"kc-elm kc-css-968390 kc_col-sm-1 kc_column kc_col-sm-1\"><div class=\"kc-col-container\"><\/div><\/div><\/div><\/div><\/section><section class=\"kc-elm kc-css-248816 kc_row\"><div class=\"kc-row-container  kc-container\"><div class=\"kc-wrap-columns\"><div class=\"kc-elm kc-css-640914 kc_col-sm-3 kc_column kc_col-sm-3\"><div class=\"kc-col-container\"><\/div><\/div><div class=\"kc-elm kc-css-355506 kc_col-sm-6 kc_column kc_col-sm-6\"><div class=\"kc-col-container\">\n<div class=\"kc-elm kc-css-483923 kc-title-wrap \">\n\n\t<p class=\"kc_title\">Boots- und Schiffsausfl\u00fcge<\/p>\n<\/div>\n<div class=\"kc-elm kc-css-204561 kc_text_block\"><\/p>\n<p>\nDie K\u00fcste l\u00e4sst sich am besten vom Meer aus erleben: Cala Tuent, Sa Calobra, Cala Dei\u00e0 und Na Foradada sind Orte, die Sie w\u00e4hrend Ihres Aufenthalts in Sa Tanqueta de Fornalutx unbedingt kennenlernen sollten. Lassen Sie uns Ihren Ausflug f\u00fcr Sie organisieren. Wir organisieren Boots- und Schiffsausfl\u00fcge in Gruppen oder auch privat. Zu unserem Angebot geh\u00f6ren Ganztages- und Halbtagesausfl\u00fcge sowie Sonnenuntergangsfahrten.<\/p>\n<p>\n<\/div><div class=\"kc-elm kc-css-569811\" style=\"height: 20px; clear: both; width:100%;\"><\/div><div class=\"kc-elm kc-css-163229 kc_text_block\"><\/p>\n<p>\n<img loading=\"lazy\" decoding=\"async\" class=\"size-medium aligncenter\" src=\"http:\/\/sa-tanqueta.com\/wp-content\/uploads\/2018\/10\/lineadown.jpg\" alt=\"\" width=\"1\" height=\"54\" \/><\/p>\n<p>\n<\/div><\/div><\/div><div class=\"kc-elm kc-css-656970 kc_col-sm-3 kc_column kc_col-sm-3\"><div class=\"kc-col-container\"><\/div><\/div><\/div><\/div><\/section><section class=\"kc-elm kc-css-318831 kc_row\"><div class=\"kc-row-container  kc-container\"><div class=\"kc-wrap-columns\"><div class=\"kc-elm kc-css-876824 kc_col-sm-1 kc_column kc_col-sm-1\"><div class=\"kc-col-container\"><\/div><\/div><div class=\"kc-elm kc-css-324111 kc_col-sm-10 kc_column kc_col-sm-10\"><div class=\"kc-col-container\"><div class=\"kc-elm kc-css-107132 kc_shortcode kc_single_image\">\n\n        <img decoding=\"async\" src=\"https:\/\/sa-tanqueta.com\/wp-content\/uploads\/2018\/12\/relax.jpg\" class=\"\" alt=\"\" \/>    <\/div>\n<\/div><\/div><div class=\"kc-elm kc-css-688570 kc_col-sm-1 kc_column kc_col-sm-1\"><div class=\"kc-col-container\"><\/div><\/div><\/div><\/div><\/section><section class=\"kc-elm kc-css-766579 kc_row\"><div class=\"kc-row-container  kc-container\"><div class=\"kc-wrap-columns\"><div class=\"kc-elm kc-css-252801 kc_col-sm-3 kc_column kc_col-sm-3\"><div class=\"kc-col-container\"><\/div><\/div><div class=\"kc-elm kc-css-533013 kc_col-sm-6 kc_column kc_col-sm-6\"><div class=\"kc-col-container\">\n<div class=\"kc-elm kc-css-425298 kc-title-wrap \">\n\n\t<p class=\"kc_title\">Massagen<\/p>\n<\/div>\n<div class=\"kc-elm kc-css-498631 kc_text_block\"><\/p>\n<p>\nLassen Sie sich verw\u00f6hnen. Mi Hotel Das Serviceangebot des Hotels umfasst Massagen, Pedik\u00fcre, Manik\u00fcre und Reflexologie.<\/p>\n<p>\n<\/div><div class=\"kc-elm kc-css-499325\" style=\"height: 20px; clear: both; width:100%;\"><\/div><div class=\"kc-elm kc-css-762748 kc_text_block\"><\/p>\n<p>\n<img loading=\"lazy\" decoding=\"async\" class=\"size-medium aligncenter\" src=\"http:\/\/sa-tanqueta.com\/wp-content\/uploads\/2018\/10\/lineadown.jpg\" alt=\"\" width=\"1\" height=\"54\" \/><\/p>\n<p>\n<\/div><\/div><\/div><div class=\"kc-elm kc-css-136466 kc_col-sm-3 kc_column kc_col-sm-3\"><div class=\"kc-col-container\"><\/div><\/div><\/div><\/div><\/section><section class=\"kc-elm kc-css-626922 kc_row\"><div class=\"kc-row-container  kc-container\"><div class=\"kc-wrap-columns\"><div class=\"kc-elm kc-css-737751 kc_col-sm-1 kc_column kc_col-sm-1\"><div class=\"kc-col-container\"><\/div><\/div><div class=\"kc-elm kc-css-849580 kc_col-sm-10 kc_column kc_col-sm-10\"><div class=\"kc-col-container\"><div class=\"kc-elm kc-css-138465 kc_shortcode kc_single_image\">\n\n        <img decoding=\"async\" src=\"https:\/\/sa-tanqueta.com\/wp-content\/uploads\/2018\/12\/car.jpg\" class=\"\" alt=\"\" \/>    <\/div>\n<\/div><\/div><div class=\"kc-elm kc-css-6 kc_col-sm-1 kc_column kc_col-sm-1\"><div class=\"kc-col-container\"><\/div><\/div><\/div><\/div><\/section><section class=\"kc-elm kc-css-302971 kc_row\"><div class=\"kc-row-container  kc-container\"><div class=\"kc-wrap-columns\"><div class=\"kc-elm kc-css-991376 kc_col-sm-3 kc_column kc_col-sm-3\"><div class=\"kc-col-container\"><\/div><\/div><div class=\"kc-elm kc-css-471931 kc_col-sm-6 kc_column kc_col-sm-6\"><div class=\"kc-col-container\">\n<div class=\"kc-elm kc-css-977230 kc-title-wrap \">\n\n\t<p class=\"kc_title\">Fahrzeuge<\/p>\n<\/div>\n<div class=\"kc-elm kc-css-298886 kc_text_block\"><\/p>\n<p>\nAuto-, Motorroller- und Fahrradvermietung<\/p>\n<p>\n<\/div><div class=\"kc-elm kc-css-608837\" style=\"height: 20px; clear: both; width:100%;\"><\/div><div class=\"kc-elm kc-css-504181 kc_text_block\"><\/p>\n<p>\n<img loading=\"lazy\" decoding=\"async\" class=\"size-medium aligncenter\" src=\"http:\/\/sa-tanqueta.com\/wp-content\/uploads\/2018\/10\/lineadown.jpg\" alt=\"\" width=\"1\" height=\"54\" \/><\/p>\n<p>\n<\/div><\/div><\/div><div class=\"kc-elm kc-css-891644 kc_col-sm-3 kc_column kc_col-sm-3\"><div class=\"kc-col-container\"><\/div><\/div><\/div><\/div><\/section><section class=\"kc-elm kc-css-926342 kc_row\"><div class=\"kc-row-container  kc-container\"><div class=\"kc-wrap-columns\"><div class=\"kc-elm kc-css-271385 kc_col-sm-1 kc_column kc_col-sm-1\"><div class=\"kc-col-container\"><\/div><\/div><div class=\"kc-elm kc-css-892498 kc_col-sm-10 kc_column kc_col-sm-10\"><div class=\"kc-col-container\"><div class=\"kc-elm kc-css-304 kc_shortcode kc_single_image\">\n\n        <img decoding=\"async\" src=\"https:\/\/sa-tanqueta.com\/wp-content\/uploads\/2018\/12\/tenis.jpg\" class=\"\" alt=\"\" \/>    <\/div>\n<\/div><\/div><div class=\"kc-elm kc-css-572135 kc_col-sm-1 kc_column kc_col-sm-1\"><div class=\"kc-col-container\"><\/div><\/div><\/div><\/div><\/section><section class=\"kc-elm kc-css-685498 kc_row\"><div class=\"kc-row-container  kc-container\"><div class=\"kc-wrap-columns\"><div class=\"kc-elm kc-css-127963 kc_col-sm-3 kc_column kc_col-sm-3\"><div class=\"kc-col-container\"><\/div><\/div><div class=\"kc-elm kc-css-857125 kc_col-sm-6 kc_column kc_col-sm-6\"><div class=\"kc-col-container\">\n<div class=\"kc-elm kc-css-798045 kc-title-wrap \">\n\n\t<p class=\"kc_title\">Tennis<\/p>\n<\/div>\n<div class=\"kc-elm kc-css-264703 kc_text_block\"><\/p>\n<p>\nM\u00f6chten Sie Ihre Technik verbessern? Wir buchen einen Tennislehrer f\u00fcr Sie oder geben Ihnen bei Wunsch Empfehlungen zu den besten Anlagen in der Gegend.<\/p>\n<p>\n<\/div><div class=\"kc-elm kc-css-239838\" style=\"height: 20px; clear: both; width:100%;\"><\/div><\/div><\/div><div class=\"kc-elm kc-css-862967 kc_col-sm-3 kc_column kc_col-sm-3\"><div class=\"kc-col-container\"><\/div><\/div><\/div><\/div><\/section><section class=\"kc-elm kc-css-906019 kc_row\"><div class=\"kc-row-container  kc-container\"><div class=\"kc-wrap-columns\"><div class=\"kc-elm kc-css-768033 kc_col-sm-12 kc_column kc_col-sm-12\"><div class=\"kc-col-container\"><div class=\"kc-elm kc-css-144831\" style=\"height: 20px; clear: both; width:100%;\"><\/div><\/div><\/div><\/div><\/div><\/section><section class=\"kc-elm kc-css-690679 kc_row\"><div class=\"kc-row-container  kc-container\"><div class=\"kc-wrap-columns\"><div class=\"kc-elm kc-css-819394 kc_col-sm-12 kc_column kc_col-sm-12\"><div class=\"kc-col-container\"><div class=\"kc-elm kc-css-882540\" style=\"height: 80px; clear: both; width:100%;\"><\/div><\/div><\/div><\/div><\/div><\/section><section class=\"kc-elm kc-css-154254 kc_row\"><div class=\"kc-row-container  kc-container\"><div class=\"kc-wrap-columns\"><\/div><\/div><\/section><\/p>\n","protected":false},"excerpt":{"rendered":"","protected":false},"author":1,"featured_media":0,"parent":0,"menu_order":0,"comment_status":"closed","ping_status":"closed","template":"page-blanca.php","meta":{"footnotes":""},"class_list":["post-3438","page","type-page","status-publish","hentry"],"_links":{"self":[{"href":"https:\/\/sa-tanqueta.com\/de\/wp-json\/wp\/v2\/pages\/3438","targetHints":{"allow":["GET"]}}],"collection":[{"href":"https:\/\/sa-tanqueta.com\/de\/wp-json\/wp\/v2\/pages"}],"about":[{"href":"https:\/\/sa-tanqueta.com\/de\/wp-json\/wp\/v2\/types\/page"}],"author":[{"embeddable":true,"href":"https:\/\/sa-tanqueta.com\/de\/wp-json\/wp\/v2\/users\/1"}],"replies":[{"embeddable":true,"href":"https:\/\/sa-tanqueta.com\/de\/wp-json\/wp\/v2\/comments?post=3438"}],"version-history":[{"count":7,"href":"https:\/\/sa-tanqueta.com\/de\/wp-json\/wp\/v2\/pages\/3438\/revisions"}],"predecessor-version":[{"id":4033,"href":"https:\/\/sa-tanqueta.com\/de\/wp-json\/wp\/v2\/pages\/3438\/revisions\/4033"}],"wp:attachment":[{"href":"https:\/\/sa-tanqueta.com\/de\/wp-json\/wp\/v2\/media?parent=3438"}],"curies":[{"name":"wp","href":"https:\/\/api.w.org\/{rel}","templated":true}]}}