{"id":3447,"date":"2018-12-05T20:20:21","date_gmt":"2018-12-05T20:20:21","guid":{"rendered":"http:\/\/sa-tanqueta.com\/de\/ofertas\/"},"modified":"2019-04-02T06:32:03","modified_gmt":"2019-04-02T06:32:03","slug":"angebote","status":"publish","type":"page","link":"https:\/\/sa-tanqueta.com\/de\/angebote\/","title":{"rendered":"Angebote"},"content":{"rendered":"<p><section class=\"kc-elm kc-css-205645 kc_row\"><div class=\"kc-row-container  kc-container\"><div class=\"kc-wrap-columns\"><\/div><\/div><\/section><section class=\"kc-elm kc-css-798824 kc_row\"><div class=\"kc-row-container  kc-container\"><div class=\"kc-wrap-columns\"><div class=\"kc-elm kc-css-175594 kc_col-sm-12 kc_column kc_col-sm-12\"><div class=\"kc-col-container\"><div class=\"kc-elm kc-css-701705\" style=\"height: 230px; clear: both; width:100%;\"><\/div>\n<div class=\"kc-elm kc-css-157759 kc-title-wrap \">\n\n\t<p class=\"kc_title\">ANGEBOTE<\/p>\n<\/div>\n<div class=\"kc-elm kc-css-976075\" style=\"height: 5px; clear: both; width:100%;\"><\/div>\n<div class=\"kc-elm kc-css-483907 kc-title-wrap \">\n\n\t<p class=\"kc_title\">Nutzen Sie die Gelegenheit, Fornalutx zu besuchen<\/p>\n<\/div>\n<div class=\"kc-elm kc-css-106672\" style=\"height: 120px; clear: both; width:100%;\"><\/div><div class=\"kc-elm kc-css-999232 kc_text_block\"><\/p>\n<p>\n<a href=\"#contenido\"><img loading=\"lazy\" decoding=\"async\" class=\"size-full aligncenter\" src=\"http:\/\/sa-tanqueta.com\/wp-content\/uploads\/2018\/12\/flechabottom.png\" alt=\"\" width=\"15\" height=\"76\" \/><\/a><\/p>\n<p>\n<\/div><div class=\"kc-elm kc-css-74287\" style=\"height: 20px; clear: both; width:100%;\"><\/div><\/div><\/div><\/div><\/div><\/section><section id=\"contenido\" class=\"kc-elm kc-css-567203 kc_row\"><div class=\"kc-row-container  kc-container\"><div class=\"kc-wrap-columns\"><div class=\"kc-elm kc-css-786244 kc_col-sm-12 kc_column kc_col-sm-12\"><div class=\"kc-col-container\"><div class=\"kc-elm kc-css-439974\" style=\"height: 40px; clear: both; width:100%;\"><\/div><\/div><\/div><\/div><\/div><\/section><section class=\"kc-elm kc-css-52865 kc_row\"><div class=\"kc-row-container  kc-container\"><div class=\"kc-wrap-columns\"><div class=\"kc-elm kc-css-936871 kc_col-sm-12 kc_column kc_col-sm-12\"><div class=\"kc-col-container\"><div class=\"kc-elm kc-css-356043\" style=\"height: 40px; clear: both; width:100%;\"><\/div><\/div><\/div><\/div><\/div><\/section><section data-kc-equalheight=\"true\" data-kc-equalheight-align=\"middle\" class=\"kc-elm kc-css-104384 kc_row\"><div class=\"kc-row-container  kc-container\"><div class=\"kc-wrap-columns\"><div class=\"kc-elm kc-css-385185 kc_col-sm-6 kc_column kc_col-sm-6\"><div class=\"kc-col-container\"><div class=\"kc-elm kc-css-419165 kc_shortcode kc_single_image\">\n\n        <img decoding=\"async\" src=\"https:\/\/sa-tanqueta.com\/wp-content\/uploads\/2018\/12\/FOTOOFERTA.jpg\" class=\"\" alt=\"\" \/>    <\/div>\n<\/div><\/div><div class=\"kc-elm kc-css-953089 kc_col-sm-6 kc_column kc_col-sm-6\"><div class=\"kc-col-container\"><div class=\"kc-elm kc-css-85047\" style=\"height: 20px; clear: both; width:100%;\"><\/div>\n<div class=\"kc-elm kc-css-543211 kc-title-wrap \">\n\n\t<p class=\"kc_title\">March 2022<\/p>\n<\/div>\n\n<div class=\"kc-elm kc-css-936446 kc-title-wrap \">\n\n\t<p class=\"kc_title\"><\/p>\n<\/div>\n<div class=\"kc-elm kc-css-3571 kc_text_block\"><\/p>\n<pre id=\"tw-target-text\" class=\"tw-data-text tw-text-large tw-ta\" dir=\"ltr\" data-placeholder=\"Traducci\u00f3n\"><span class=\"Y2IQFc\" lang=\"de\">Profitieren Sie diesen M\u00e4rz von zus\u00e4tzlichen 15\u00a0% Rabatt auf die ver\u00f6ffentlichten Preise\n\u2013 Orangensaft aus unserem Obstgarten zur Begr\u00fc\u00dfung\n\u2013 H\u00f6flichkeitsdetails\n\u2013 Kostenlose Parkpl\u00e4tze f\u00fcr alle unsere Kunden\n\u2013 Kostenlose Parkpl\u00e4tze f\u00fcr Fahrr\u00e4der.\n- Gratis Wifi<\/span><\/pre>\n<\/p>\n<p>\n<\/div><div class=\"kc-elm kc-css-412456 kc_text_block\"><\/p>\n<p><strong>Aktionscode: opening22<\/strong><\/p>\n<p>\n<\/div><div class=\"kc-elm kc-css-249083\" style=\"height: 20px; clear: both; width:100%;\"><\/div>\n<div class=\"kc-elm kc-css-24779\">\n\t<a class=\"kc_button\" href=\"https:\/\/app.thebookingbutton.com\/properties\/satanquetadefornalutxdirect?locale=de\" target=\"_self\" title=\"\" onclick=\"\">\n\t\t<i class=\"et-calendar\"><\/i> BUCHEN\t<\/a>\n<\/div>\n<\/div><\/div><\/div><\/div><\/section><section data-kc-equalheight=\"true\" data-kc-equalheight-align=\"middle\" class=\"kc-elm kc-css-321346 kc_row\"><div class=\"kc-row-container  kc-container\"><div class=\"kc-wrap-columns\"><div class=\"kc-elm kc-css-476368 kc_col-sm-6 kc_column kc_col-sm-6\"><div class=\"kc-col-container\"><div class=\"kc-elm kc-css-865589 kc_shortcode kc_single_image\">\n\n        <img decoding=\"async\" src=\"https:\/\/sa-tanqueta.com\/wp-content\/uploads\/2019\/03\/IMG_20170518_112852.jpg\" class=\"\" alt=\"\" \/>    <\/div>\n<\/div><\/div><div class=\"kc-elm kc-css-753717 kc_col-sm-6 kc_column kc_col-sm-6\"><div class=\"kc-col-container\"><div class=\"kc-elm kc-css-834102\" style=\"height: 20px; clear: both; width:100%;\"><\/div>\n<div class=\"kc-elm kc-css-3971 kc-title-wrap \">\n\n\t<p class=\"kc_title\">Extra 8% Rabatt<\/p>\n<\/div>\n\n<div class=\"kc-elm kc-css-478434 kc-title-wrap \">\n\n\t<p class=\"kc_title\">Organisieren Sie Ihren Urlaub zum besten Preis!<\/p>\n<\/div>\n<div class=\"kc-elm kc-css-885108 kc_text_block\"><\/p>\n<p>8%\u00a0 extra Erm\u00e4\u00dfigung f\u00fcr nicht r\u00fcckzahlbar Reservierungen. Wenn sie ihre Reservierung mit diesem Spezialtarif t\u00e4tigen, wird der Gesamtbetrag ihrer Kreditkarte berechnet. (nicht r\u00fcckzahlbar)<\/p>\n<p>&#8211; Frisch gepresster Orangensaft aus Orangen aus dem hoteleigenen Garten zur Begr\u00fc\u00dfung<br \/>&#8211; Kleine Gef\u00e4lligkeiten zur Begr\u00fc\u00dfung<br \/>&#8211; Kostenloser Privatparkplatz f\u00fcr unsere G\u00e4ste<br \/>&#8211; Kostenloser Fahrradparkplatz<br \/>&#8211; Kostenloses Wifi<\/p>\n<p>\n<\/div><div class=\"kc-elm kc-css-825875 kc_text_block\"><\/p>\n<p><strong>Aktionscode:\u00a0spring2022<\/strong><\/p>\n<p>\n<\/div><div class=\"kc-elm kc-css-264140\" style=\"height: 20px; clear: both; width:100%;\"><\/div>\n<div class=\"kc-elm kc-css-27981\">\n\t<a class=\"kc_button\" href=\"https:\/\/app.thebookingbutton.com\/properties\/satanquetadefornalutxdirect?locale=de\" target=\"_self\" title=\"\" onclick=\"\">\n\t\t<i class=\"et-calendar\"><\/i> BUCHEN\t<\/a>\n<\/div>\n<\/div><\/div><\/div><\/div><\/section><section data-kc-equalheight=\"true\" data-kc-equalheight-align=\"middle\" class=\"kc-elm kc-css-803775 kc_row\"><div class=\"kc-row-container  kc-container\"><div class=\"kc-wrap-columns\"><div class=\"kc-elm kc-css-174209 kc_col-sm-6 kc_column kc_col-sm-6\"><div class=\"kc-col-container\"><div class=\"kc-elm kc-css-454376 kc_shortcode kc_single_image\">\n\n        <img decoding=\"async\" src=\"https:\/\/sa-tanqueta.com\/wp-content\/uploads\/2019\/04\/36950603_264956164278890_6433145412021911552_n1.jpg\" class=\"\" alt=\"\" \/>    <\/div>\n<\/div><\/div><div class=\"kc-elm kc-css-406505 kc_col-sm-6 kc_column kc_col-sm-6\"><div class=\"kc-col-container\"><div class=\"kc-elm kc-css-103333\" style=\"height: 20px; clear: both; width:100%;\"><\/div>\n<div class=\"kc-elm kc-css-505304 kc-title-wrap \">\n\n\t<p class=\"kc_title\">7x6<\/p>\n<\/div>\n\n<div class=\"kc-elm kc-css-892332 kc-title-wrap \">\n\n\t<p class=\"kc_title\">Reservieren Sie 7 N\u00e4chte und zahlen Sie nur 6<\/p>\n<\/div>\n<div class=\"kc-elm kc-css-535155 kc_text_block\"><\/p>\n<p>Eine Nacht\u00a0frei, wenn\u00a0Sie 7 N\u00e4chte\u00a0buchen. Wenn Sie ihre Reservierung mit diesem Spezialtarif t\u00e4tigen, wird der Gesamtbetrag ihrer Kreditkarte berechnet. Nicht erstattbares\u00a0Angebot.<\/p>\n<p>&#8211; Frisch gepresster Orangensaft aus Orangen aus dem hoteleigenen Garten zur Begr\u00fc\u00dfung<br \/>&#8211; Kleine Gef\u00e4lligkeiten zur Begr\u00fc\u00dfung<br \/>&#8211; Kostenloser Privatparkplatz f\u00fcr unsere G\u00e4ste<br \/>&#8211; Kostenloser Fahrradparkplatz<br \/>&#8211; Kostenloses Wifi<br \/>&#8211; Fr\u00fchst\u00fcck in s\u00e4mtlichen Tarifen inbegriffen<\/p>\n<p>\n<\/div><div class=\"kc-elm kc-css-721594 kc_text_block\"><\/p>\n<p><strong>Aktionscode: 7x6offer2019<\/strong><\/p>\n<p>\n<\/div><div class=\"kc-elm kc-css-554475\" style=\"height: 20px; clear: both; width:100%;\"><\/div>\n<div class=\"kc-elm kc-css-283424\">\n\t<a class=\"kc_button\" href=\"https:\/\/app.thebookingbutton.com\/properties\/satanquetadefornalutxdirect?locale=de\" target=\"_self\" title=\"\" onclick=\"\">\n\t\t<i class=\"et-calendar\"><\/i> BUCHEN\t<\/a>\n<\/div>\n<\/div><\/div><\/div><\/div><\/section><section class=\"kc-elm kc-css-951163 kc_row\"><div class=\"kc-row-container  kc-container\"><div class=\"kc-wrap-columns\"><div class=\"kc-elm kc-css-256346 kc_col-sm-12 kc_column kc_col-sm-12\"><div class=\"kc-col-container\"><div class=\"kc-elm kc-css-496395\" style=\"height: 80px; clear: both; width:100%;\"><\/div><\/div><\/div><\/div><\/div><\/section><section class=\"kc-elm kc-css-289664 kc_row\"><div class=\"kc-row-container  kc-container\"><div class=\"kc-wrap-columns\"><\/div><\/div><\/section><\/p>\n","protected":false},"excerpt":{"rendered":"","protected":false},"author":1,"featured_media":0,"parent":0,"menu_order":0,"comment_status":"closed","ping_status":"closed","template":"page-blanca.php","meta":{"footnotes":""},"class_list":["post-3447","page","type-page","status-publish","hentry"],"_links":{"self":[{"href":"https:\/\/sa-tanqueta.com\/de\/wp-json\/wp\/v2\/pages\/3447","targetHints":{"allow":["GET"]}}],"collection":[{"href":"https:\/\/sa-tanqueta.com\/de\/wp-json\/wp\/v2\/pages"}],"about":[{"href":"https:\/\/sa-tanqueta.com\/de\/wp-json\/wp\/v2\/types\/page"}],"author":[{"embeddable":true,"href":"https:\/\/sa-tanqueta.com\/de\/wp-json\/wp\/v2\/users\/1"}],"replies":[{"embeddable":true,"href":"https:\/\/sa-tanqueta.com\/de\/wp-json\/wp\/v2\/comments?post=3447"}],"version-history":[{"count":11,"href":"https:\/\/sa-tanqueta.com\/de\/wp-json\/wp\/v2\/pages\/3447\/revisions"}],"predecessor-version":[{"id":3937,"href":"https:\/\/sa-tanqueta.com\/de\/wp-json\/wp\/v2\/pages\/3447\/revisions\/3937"}],"wp:attachment":[{"href":"https:\/\/sa-tanqueta.com\/de\/wp-json\/wp\/v2\/media?parent=3447"}],"curies":[{"name":"wp","href":"https:\/\/api.w.org\/{rel}","templated":true}]}}