{"id":3513,"date":"2018-12-07T09:14:58","date_gmt":"2018-12-07T09:14:58","guid":{"rendered":"http:\/\/sa-tanqueta.com\/de\/apartamentos\/apartamento-suite-superior\/"},"modified":"2019-01-14T12:22:53","modified_gmt":"2019-01-14T12:22:53","slug":"apartamento-suite-superior","status":"publish","type":"page","link":"https:\/\/sa-tanqueta.com\/de\/apartmenttypen\/apartamento-suite-superior\/","title":{"rendered":"Superior Suite mit Terrasse"},"content":{"rendered":"<p><section class=\"kc-elm kc-css-416999 kc_row\"><div class=\"kc-row-container  kc-container\"><div class=\"kc-wrap-columns\"><\/div><\/div><\/section><section class=\"kc-elm kc-css-808820 kc_row\"><div class=\"kc-row-container  kc-container\"><div class=\"kc-wrap-columns\"><div class=\"kc-elm kc-css-270750 kc_col-sm-12 kc_column kc_col-sm-12\"><div class=\"kc-col-container\"><div class=\"kc-elm kc-css-644403 kc_shortcode kc_single_image\">\n\n        <img decoding=\"async\" src=\"https:\/\/sa-tanqueta.com\/wp-content\/uploads\/2018\/12\/Superior-Suite-con-terraza.jpg\" class=\"\" alt=\"\" \/>    <\/div>\n<\/div><\/div><\/div><\/div><\/section><section class=\"kc-elm kc-css-56618 kc_row iconos\"><div class=\"kc-row-container  kc-container\"><div class=\"kc-wrap-columns\"><div class=\"kc-elm kc-css-131942 kc_col-sm-2 kc_column kc_col-sm-2\"><div class=\"kc-col-container\"><\/div><\/div><div class=\"kc-elm kc-css-520981 kc_col-sm-8 kc_column kc_col-sm-8\"><div class=\"kc-col-container\"><div class=\"kc-elm kc-css-857648 kc_row kc_row_inner\"><div class=\"kc-elm kc-css-79265 kc_col-of-5 kc_column_inner kc_col-of-5\"><div class=\"kc_wrapper kc-col-inner-container\"><div class=\"kc-elm kc-css-203503 kc_text_block\"><\/p>\n<p><img loading=\"lazy\" decoding=\"async\" class=\"size-full aligncenter\" src=\"http:\/\/sa-tanqueta.com\/wp-content\/uploads\/2018\/12\/ico-persons.png\" alt=\"\" width=\"77\" height=\"66\" \/><\/p>\n<p>\n<\/div><div class=\"kc-elm kc-css-146017 kc_text_block\"><\/p>\n<p style=\"text-align: center;\">2<\/p>\n<p>\n<\/div><\/div><\/div><div class=\"kc-elm kc-css-428521 kc_col-of-5 kc_column_inner kc_col-of-5\"><div class=\"kc_wrapper kc-col-inner-container\"><div class=\"kc-elm kc-css-13443 kc_text_block\"><\/p>\n<p><img loading=\"lazy\" decoding=\"async\" class=\"size-full aligncenter\" src=\"http:\/\/sa-tanqueta.com\/wp-content\/uploads\/2018\/12\/ico-dimensiones.png\" alt=\"\" width=\"77\" height=\"66\" \/><\/p>\n<p>\n<\/div><div class=\"kc-elm kc-css-983038 kc_text_block\"><\/p>\n<p style=\"text-align: center;\">60m2<\/p>\n<p>\n<\/div><\/div><\/div><div class=\"kc-elm kc-css-315018 kc_col-of-5 kc_column_inner kc_col-of-5\"><div class=\"kc_wrapper kc-col-inner-container\"><div class=\"kc-elm kc-css-513845 kc_text_block\"><\/p>\n<p><img loading=\"lazy\" decoding=\"async\" class=\"size-full aligncenter\" src=\"http:\/\/sa-tanqueta.com\/wp-content\/uploads\/2018\/12\/ico-aire.png\" alt=\"\" width=\"77\" height=\"66\" \/><\/p>\n<p>\n<\/div><div class=\"kc-elm kc-css-459798 kc_text_block\"><\/p>\n<p style=\"text-align: center;\">Klimaanlage<\/p>\n<p>\n<\/div><\/div><\/div><div class=\"kc-elm kc-css-944963 kc_col-of-5 kc_column_inner kc_col-of-5\"><div class=\"kc_wrapper kc-col-inner-container\"><div class=\"kc-elm kc-css-126133 kc_text_block\"><\/p>\n<p><img loading=\"lazy\" decoding=\"async\" class=\"size-full aligncenter\" src=\"http:\/\/sa-tanqueta.com\/wp-content\/uploads\/2018\/12\/ico-terraza.png\" alt=\"\" width=\"77\" height=\"66\" \/><\/p>\n<p>\n<\/div><div class=\"kc-elm kc-css-739924 kc_text_block\"><\/p>\n<p style=\"text-align: center;\">Terrasse<\/p>\n<p>\n<\/div><\/div><\/div><div class=\"kc-elm kc-css-916666 kc_col-of-5 kc_column_inner kc_col-of-5\"><div class=\"kc_wrapper kc-col-inner-container\"><div class=\"kc-elm kc-css-200102 kc_text_block\"><\/p>\n<p><img loading=\"lazy\" decoding=\"async\" class=\"size-full aligncenter\" src=\"http:\/\/sa-tanqueta.com\/wp-content\/uploads\/2018\/12\/ico-wifi.png\" alt=\"\" width=\"77\" height=\"66\" \/><\/p>\n<p>\n<\/div><div class=\"kc-elm kc-css-876684 kc_text_block\"><\/p>\n<p style=\"text-align: center;\">Wi-Fi<\/p>\n<p>\n<\/div><\/div><\/div><\/div><div class=\"kc-elm kc-css-567998\" style=\"height: 20px; clear: both; width:100%;\"><\/div>\n<div class=\"kc-elm kc-css-145113 kc-title-wrap \">\n\n\t<p class=\"kc_title\">Superior Suite mit Terrasse<\/p>\n<\/div>\n<div class=\"kc-elm kc-css-291078 kc_text_block\"><\/p>\n<p style=\"text-align: center;\">Diese sehr ger\u00e4umigeSuperior Apartment-Suite verf\u00fcgt \u00fcber ein Wohn-\/Esszimmer mit integrierter K\u00fcche, eine\u00a0Klimaanlage mit K\u00fchl- oder Heizfunktion, Telefon- und Wifi-Internetanschluss, Sat-TV und einen Safe.<br \/>\nDie Apartments mit einem Schlafzimmer sind ca. 60 m\u00b2 gro\u00df und verf\u00fcgen \u00fcber eine Terrasse mit zwei Sonnenbetten und herrlicher Aussicht auf die Berge.<\/p>\n<p>\n<\/div><div class=\"kc-elm kc-css-822605\" style=\"height: 20px; clear: both; width:100%;\"><\/div><div class=\"kc-image-gallery kc-elm kc-css-710193\">\n<div class=\"kc_image_gallery kc-carousel-image kc-grid \" data-image_masonry=\"yes\">\n<div class=\"item-grid grid-3\"><a class=\"kc-image-link kc-pretty-photo\" data-lightbox=\"kc-lightbox\" rel=\"kc-pretty-photo[33359121]\" href=\"https:\/\/sa-tanqueta.com\/wp-content\/uploads\/2018\/12\/Sa-Tanqueta_9992_300.jpg\"><img decoding=\"async\" src=\"https:\/\/sa-tanqueta.com\/wp-content\/uploads\/2018\/12\/Sa-Tanqueta_9992_300.jpg\" alt=\"\"\/><div class=\"kc-image-overlay\"><i class=\"et-focus\"><\/i><\/div><\/a><\/div><div class=\"item-grid grid-3\"><a class=\"kc-image-link kc-pretty-photo\" data-lightbox=\"kc-lightbox\" rel=\"kc-pretty-photo[33359121]\" href=\"https:\/\/sa-tanqueta.com\/wp-content\/uploads\/2018\/12\/Sa-Tanqueta_9990_300.jpg\"><img decoding=\"async\" src=\"https:\/\/sa-tanqueta.com\/wp-content\/uploads\/2018\/12\/Sa-Tanqueta_9990_300.jpg\" alt=\"\"\/><div class=\"kc-image-overlay\"><i class=\"et-focus\"><\/i><\/div><\/a><\/div><div class=\"item-grid grid-3\"><a class=\"kc-image-link kc-pretty-photo\" data-lightbox=\"kc-lightbox\" rel=\"kc-pretty-photo[33359121]\" href=\"https:\/\/sa-tanqueta.com\/wp-content\/uploads\/2018\/12\/terraza-1.jpg\"><img decoding=\"async\" src=\"https:\/\/sa-tanqueta.com\/wp-content\/uploads\/2018\/12\/terraza-1.jpg\" alt=\"\"\/><div class=\"kc-image-overlay\"><i class=\"et-focus\"><\/i><\/div><\/a><\/div><div class=\"item-grid grid-3\"><a class=\"kc-image-link kc-pretty-photo\" data-lightbox=\"kc-lightbox\" rel=\"kc-pretty-photo[33359121]\" href=\"https:\/\/sa-tanqueta.com\/wp-content\/uploads\/2018\/12\/Sa-Tanqueta_9982_300.jpg\"><img decoding=\"async\" src=\"https:\/\/sa-tanqueta.com\/wp-content\/uploads\/2018\/12\/Sa-Tanqueta_9982_300.jpg\" alt=\"\"\/><div class=\"kc-image-overlay\"><i class=\"et-focus\"><\/i><\/div><\/a><\/div><div class=\"item-grid grid-3\"><a class=\"kc-image-link kc-pretty-photo\" data-lightbox=\"kc-lightbox\" rel=\"kc-pretty-photo[33359121]\" href=\"https:\/\/sa-tanqueta.com\/wp-content\/uploads\/2018\/12\/Sa-Tanqueta_9973_300.jpg\"><img decoding=\"async\" src=\"https:\/\/sa-tanqueta.com\/wp-content\/uploads\/2018\/12\/Sa-Tanqueta_9973_300.jpg\" alt=\"\"\/><div class=\"kc-image-overlay\"><i class=\"et-focus\"><\/i><\/div><\/a><\/div><div class=\"item-grid grid-3\"><a class=\"kc-image-link kc-pretty-photo\" data-lightbox=\"kc-lightbox\" rel=\"kc-pretty-photo[33359121]\" href=\"https:\/\/sa-tanqueta.com\/wp-content\/uploads\/2018\/12\/IMG_20170517_144439.jpg\"><img decoding=\"async\" src=\"https:\/\/sa-tanqueta.com\/wp-content\/uploads\/2018\/12\/IMG_20170517_144439.jpg\" alt=\"\"\/><div class=\"kc-image-overlay\"><i class=\"et-focus\"><\/i><\/div><\/a><\/div><div class=\"item-grid grid-3\"><a class=\"kc-image-link kc-pretty-photo\" data-lightbox=\"kc-lightbox\" rel=\"kc-pretty-photo[33359121]\" href=\"https:\/\/sa-tanqueta.com\/wp-content\/uploads\/2018\/12\/IMG_20170517_143850.jpg\"><img decoding=\"async\" src=\"https:\/\/sa-tanqueta.com\/wp-content\/uploads\/2018\/12\/IMG_20170517_143850.jpg\" alt=\"\"\/><div class=\"kc-image-overlay\"><i class=\"et-focus\"><\/i><\/div><\/a><\/div><div class=\"item-grid grid-3\"><a class=\"kc-image-link kc-pretty-photo\" data-lightbox=\"kc-lightbox\" rel=\"kc-pretty-photo[33359121]\" href=\"https:\/\/sa-tanqueta.com\/wp-content\/uploads\/2018\/12\/IMG_20170517_143827.jpg\"><img decoding=\"async\" src=\"https:\/\/sa-tanqueta.com\/wp-content\/uploads\/2018\/12\/IMG_20170517_143827.jpg\" alt=\"\"\/><div class=\"kc-image-overlay\"><i class=\"et-focus\"><\/i><\/div><\/a><\/div><div class=\"item-grid grid-3\"><a class=\"kc-image-link kc-pretty-photo\" data-lightbox=\"kc-lightbox\" rel=\"kc-pretty-photo[33359121]\" href=\"https:\/\/sa-tanqueta.com\/wp-content\/uploads\/2018\/12\/fot05_apto_suite_terraza.jpg\"><img decoding=\"async\" src=\"https:\/\/sa-tanqueta.com\/wp-content\/uploads\/2018\/12\/fot05_apto_suite_terraza.jpg\" alt=\"\"\/><div class=\"kc-image-overlay\"><i class=\"et-focus\"><\/i><\/div><\/a><\/div><\/div>\n<\/div><div class=\"kc-elm kc-css-888719\" style=\"height: 40px; clear: both; width:100%;\"><\/div><div class=\"kc-elm kc-css-229201 kc_text_block\"><\/p>\n<p style=\"text-align: center;\">Ab\u00a0<strong>237 \u20ac<\/strong><\/p>\n<p>\n<\/div><div class=\"kc-elm kc-css-4792\" style=\"height: 20px; clear: both; width:100%;\"><\/div>\n<div class=\"kc-elm kc-css-946389\">\n\t<a class=\"kc_button\" href=\"https:\/\/app.thebookingbutton.com\/properties\/satanquetadefornalutxdirect?locale=de\" target=\"_blank\" title=\"\" onclick=\"\">\n\t\tBUCHEN\t<\/a>\n<\/div>\n<div class=\"kc-elm kc-css-779307\" style=\"height: 20px; clear: both; width:100%;\"><\/div><div class=\"kc-elm kc-css-93273 kc_text_block\"><\/p>\n<p><img loading=\"lazy\" decoding=\"async\" class=\"size-medium aligncenter\" src=\"http:\/\/sa-tanqueta.com\/wp-content\/uploads\/2018\/10\/lineadown.jpg\" alt=\"\" width=\"1\" height=\"54\" \/><\/p>\n<p>\n<\/div><\/div><\/div><div class=\"kc-elm kc-css-409906 kc_col-sm-2 kc_column kc_col-sm-2\"><div class=\"kc-col-container\"><\/div><\/div><\/div><\/div><\/section><section class=\"kc-elm kc-css-266610 kc_row\"><div class=\"kc-row-container  kc-container\"><div class=\"kc-wrap-columns\"><div class=\"kc-elm kc-css-433784 kc_col-sm-12 kc_column kc_col-sm-12\"><div class=\"kc-col-container\">\n<div class=\"kc-elm kc-css-797517 kc-title-wrap \">\n\n\t<p class=\"kc_title\">Andere Apartments<\/p>\n<\/div>\n<div class=\"kc-elm kc-css-944046\" style=\"height: 30px; clear: both; width:100%;\"><\/div><\/div><\/div><\/div><\/div><\/section><section class=\"kc-elm kc-css-737008 kc_row\"><div class=\"kc-row-container  kc-container\"><div class=\"kc-wrap-columns\"><div class=\"kc-elm kc-css-659553 kc_col-sm-2 kc_column kc_col-sm-2\"><div class=\"kc-col-container\"><div class=\"kc-elm kc-css-413603 kc_shortcode kc_single_image\">\n\n        <a  href=\"http:\/\/sa-tanqueta.com\/de\/apartmenttypen\/standardapartment\/\" title=\"\" target=\"_self\">\n        <img decoding=\"async\" src=\"https:\/\/sa-tanqueta.com\/wp-content\/uploads\/2018\/12\/APTO-STANDARD-1.jpg\" class=\"\" alt=\"\" \/>    <\/a>\n    <\/div>\n<div class=\"kc-elm kc-css-880859\" style=\"height: 10px; clear: both; width:100%;\"><\/div><div class=\"kc-elm kc-css-556049 kc_text_block linkshome\"><\/p>\n<div class=\"kc-elm kc-css-952849 kc-title-wrap \">\n<p class=\"kc_title\"><a href=\"http:\/\/sa-tanqueta.com\/de\/apartmenttypen\/standardapartment\/\">Standardapartment<\/a><\/p>\n<\/div>\n<p>\n<\/div><\/div><\/div><div class=\"kc-elm kc-css-232870 kc_col-sm-2 kc_column kc_col-sm-2\"><div class=\"kc-col-container\"><div class=\"kc-elm kc-css-459564 kc_shortcode kc_single_image\">\n\n        <a  href=\"http:\/\/sa-tanqueta.com\/de\/apartmenttypen\/apartment-mit-terrasse\/\" title=\"\" target=\"_self\">\n        <img decoding=\"async\" src=\"https:\/\/sa-tanqueta.com\/wp-content\/uploads\/2018\/12\/APTO-TERRAZA-1.jpg\" class=\"\" alt=\"\" \/>    <\/a>\n    <\/div>\n<div class=\"kc-elm kc-css-656187\" style=\"height: 10px; clear: both; width:100%;\"><\/div><div class=\"kc-elm kc-css-81507 kc_text_block linkshome\"><\/p>\n<div class=\"kc-elm kc-css-952849 kc-title-wrap \">\n<p class=\"kc_title\"><a href=\"http:\/\/sa-tanqueta.com\/de\/apartmenttypen\/apartment-mit-terrasse\/\">Apartment mit Terrasse<\/a><\/p>\n<\/div>\n<p>\n<\/div><\/div><\/div><div class=\"kc-elm kc-css-794041 kc_col-sm-2 kc_column kc_col-sm-2\"><div class=\"kc-col-container\"><div class=\"kc-elm kc-css-949399 kc_shortcode kc_single_image\">\n\n        <a  href=\"http:\/\/sa-tanqueta.com\/de\/apartmenttypen\/suite-mit-terrasse\/\" title=\"\" target=\"_self\">\n        <img decoding=\"async\" src=\"https:\/\/sa-tanqueta.com\/wp-content\/uploads\/2018\/12\/aptosuiteterraza-th.jpg\" class=\"\" alt=\"\" \/>    <\/a>\n    <\/div>\n<div class=\"kc-elm kc-css-341225\" style=\"height: 10px; clear: both; width:100%;\"><\/div><div class=\"kc-elm kc-css-329604 kc_text_block linkshome\"><\/p>\n<div class=\"kc-elm kc-css-952849 kc-title-wrap \">\n<p class=\"kc_title\"><a href=\"http:\/\/sa-tanqueta.com\/de\/apartmenttypen\/suite-mit-terrasse\/\">Suite mit Terrasse<\/a><\/p>\n<\/div>\n<p>\n<\/div><\/div><\/div><div class=\"kc-elm kc-css-217713 kc_col-sm-2 kc_column kc_col-sm-2\"><div class=\"kc-col-container\"><div class=\"kc-elm kc-css-226245 kc_shortcode kc_single_image\">\n\n        <a  href=\"http:\/\/sa-tanqueta.com\/de\/apartmenttypen\/suite-mit-balkon\/\" title=\"\" target=\"_self\">\n        <img decoding=\"async\" src=\"https:\/\/sa-tanqueta.com\/wp-content\/uploads\/2018\/12\/SUITE-BALCON-1.jpg\" class=\"\" alt=\"\" \/>    <\/a>\n    <\/div>\n<div class=\"kc-elm kc-css-416120\" style=\"height: 10px; clear: both; width:100%;\"><\/div><div class=\"kc-elm kc-css-407587 kc_text_block linkshome\"><\/p>\n<div class=\"kc-elm kc-css-952849 kc-title-wrap \">\n<p class=\"kc_title\"><a href=\"http:\/\/sa-tanqueta.com\/de\/apartmenttypen\/suite-mit-balkon\/\">Suite mit Balkon<\/a><\/p>\n<\/div>\n<p>\n<\/div><\/div><\/div><div class=\"kc-elm kc-css-7496 kc_col-sm-2 kc_column kc_col-sm-2\"><div class=\"kc-col-container\"><div class=\"kc-elm kc-css-869052 kc_shortcode kc_single_image\">\n\n        <a  href=\"http:\/\/sa-tanqueta.com\/de\/apartmenttypen\/apartment-mit-zwei-schlafzimmern\/\" title=\"\" target=\"_self\">\n        <img decoding=\"async\" src=\"https:\/\/sa-tanqueta.com\/wp-content\/uploads\/2018\/12\/APTO-2-BED-1.jpg\" class=\"\" alt=\"\" \/>    <\/a>\n    <\/div>\n<div class=\"kc-elm kc-css-283616\" style=\"height: 10px; clear: both; width:100%;\"><\/div><div class=\"kc-elm kc-css-980468 kc_text_block linkshome\"><\/p>\n<div class=\"kc-elm kc-css-952849 kc-title-wrap \">\n<p class=\"kc_title\"><a href=\"http:\/\/sa-tanqueta.com\/de\/apartmenttypen\/apartment-mit-zwei-schlafzimmern\/\"><span lang=\"DE\">Apartment mit zwei Schlafzimmern<\/span><\/a><\/p>\n<\/div>\n<p>\n<\/div><\/div><\/div><div class=\"kc-elm kc-css-102198 kc_col-sm-2 kc_column kc_col-sm-2\"><div class=\"kc-col-container\"><div class=\"kc-elm kc-css-858296 kc_shortcode kc_single_image\">\n\n        <a  href=\"http:\/\/sa-tanqueta.com\/de\/apartmenttypen\/apartment-mit-zwei-schlafzimmern-mit-terrasse\/\" title=\"\" target=\"_self\">\n        <img decoding=\"async\" src=\"https:\/\/sa-tanqueta.com\/wp-content\/uploads\/2018\/12\/APTO-2-BED-TERRAZA.jpg\" class=\"\" alt=\"\" \/>    <\/a>\n    <\/div>\n<div class=\"kc-elm kc-css-604278\" style=\"height: 10px; clear: both; width:100%;\"><\/div><div class=\"kc-elm kc-css-427826 kc_text_block linkshome\"><\/p>\n<div class=\"kc-elm kc-css-952849 kc-title-wrap \">\n<p class=\"kc_title\"><a href=\"http:\/\/sa-tanqueta.com\/de\/apartmenttypen\/apartment-mit-zwei-schlafzimmern-mit-terrasse\/\"><span lang=\"DE\">Apartment mit zwei Schlafzimmern mit Terrasse<\/span><\/a><\/p>\n<\/div>\n<p>\n<\/div><\/div><\/div><\/div><\/div><\/section><section class=\"kc-elm kc-css-169830 kc_row\"><div class=\"kc-row-container  kc-container\"><div class=\"kc-wrap-columns\"><div class=\"kc-elm kc-css-682113 kc_col-sm-12 kc_column kc_col-sm-12\"><div class=\"kc-col-container\"><div class=\"kc-elm kc-css-977353\" style=\"height: 80px; clear: both; width:100%;\"><\/div><\/div><\/div><\/div><\/div><\/section><section class=\"kc-elm kc-css-877133 kc_row\"><div class=\"kc-row-container  kc-container\"><div class=\"kc-wrap-columns\"><\/div><\/div><\/section><\/p>\n","protected":false},"excerpt":{"rendered":"","protected":false},"author":1,"featured_media":0,"parent":3463,"menu_order":0,"comment_status":"closed","ping_status":"closed","template":"page-blanca.php","meta":{"footnotes":""},"class_list":["post-3513","page","type-page","status-publish","hentry"],"_links":{"self":[{"href":"https:\/\/sa-tanqueta.com\/de\/wp-json\/wp\/v2\/pages\/3513","targetHints":{"allow":["GET"]}}],"collection":[{"href":"https:\/\/sa-tanqueta.com\/de\/wp-json\/wp\/v2\/pages"}],"about":[{"href":"https:\/\/sa-tanqueta.com\/de\/wp-json\/wp\/v2\/types\/page"}],"author":[{"embeddable":true,"href":"https:\/\/sa-tanqueta.com\/de\/wp-json\/wp\/v2\/users\/1"}],"replies":[{"embeddable":true,"href":"https:\/\/sa-tanqueta.com\/de\/wp-json\/wp\/v2\/comments?post=3513"}],"version-history":[{"count":10,"href":"https:\/\/sa-tanqueta.com\/de\/wp-json\/wp\/v2\/pages\/3513\/revisions"}],"predecessor-version":[{"id":3856,"href":"https:\/\/sa-tanqueta.com\/de\/wp-json\/wp\/v2\/pages\/3513\/revisions\/3856"}],"up":[{"embeddable":true,"href":"https:\/\/sa-tanqueta.com\/de\/wp-json\/wp\/v2\/pages\/3463"}],"wp:attachment":[{"href":"https:\/\/sa-tanqueta.com\/de\/wp-json\/wp\/v2\/media?parent=3513"}],"curies":[{"name":"wp","href":"https:\/\/api.w.org\/{rel}","templated":true}]}}